{"id":146642,"date":"2024-02-15T07:48:48","date_gmt":"2024-02-15T07:48:48","guid":{"rendered":"https:\/\/globecore.com\/products\/sistemas-de-mezcla\/laboratory-blending-unit-usb-l\/"},"modified":"2026-03-06T14:31:03","modified_gmt":"2026-03-06T14:31:03","slug":"laboratory-blending-unit-usb-l","status":"publish","type":"page","link":"https:\/\/globecore.com\/es\/products\/sistemas-de-mezcla\/laboratory-blending-unit-usb-l\/","title":{"rendered":"USBL-1 Sistema de Mezcla de Laboratorio"},"content":{"rendered":"","protected":false},"excerpt":{"rendered":"<p>La unidad de laboratorio de alta velocidad USBL-1 est\u00e1 dise\u00f1ada para la mezcla precisa de productos de aceite de dos componentes, incluso en vol\u00famenes peque\u00f1os, garantizando resultados consistentes y de alta calidad. Est\u00e1 destinada a su uso en laboratorios de refiner\u00edas, permitiendo a los especialistas determinar r\u00e1pidamente las proporciones \u00f3ptimas de los componentes. La muestra mezclada puede luego utilizarse directamente para un an\u00e1lisis de laboratorio detallado para verificar el cumplimiento de las normas de calidad.<\/p>\n","protected":false},"author":7,"featured_media":110268,"parent":33580,"menu_order":0,"comment_status":"closed","ping_status":"closed","template":"templates\/single-product.php","meta":{"_acf_changed":false,"_bbp_topic_count":0,"_bbp_reply_count":0,"_bbp_total_topic_count":0,"_bbp_total_reply_count":0,"_bbp_voice_count":0,"_bbp_anonymous_reply_count":0,"_bbp_topic_count_hidden":0,"_bbp_reply_count_hidden":0,"_bbp_forum_subforum_count":0,"footnotes":""},"categories":[1392],"class_list":["post-146642","page","type-page","status-publish","has-post-thumbnail","hentry","category-mezcla-combinacion","oil_type-industria-petrolera","oil_type-industria-quimica-es","process_type-blending-es"],"acf":[],"language":"es","_links":{"self":[{"href":"https:\/\/globecore.com\/es\/wp-json\/wp\/v2\/pages\/146642","targetHints":{"allow":["GET"]}}],"collection":[{"href":"https:\/\/globecore.com\/es\/wp-json\/wp\/v2\/pages"}],"about":[{"href":"https:\/\/globecore.com\/es\/wp-json\/wp\/v2\/types\/page"}],"author":[{"embeddable":true,"href":"https:\/\/globecore.com\/es\/wp-json\/wp\/v2\/users\/7"}],"replies":[{"embeddable":true,"href":"https:\/\/globecore.com\/es\/wp-json\/wp\/v2\/comments?post=146642"}],"version-history":[{"count":1,"href":"https:\/\/globecore.com\/es\/wp-json\/wp\/v2\/pages\/146642\/revisions"}],"predecessor-version":[{"id":336242,"href":"https:\/\/globecore.com\/es\/wp-json\/wp\/v2\/pages\/146642\/revisions\/336242"}],"up":[{"embeddable":true,"href":"https:\/\/globecore.com\/es\/wp-json\/wp\/v2\/pages\/33580"}],"wp:featuredmedia":[{"embeddable":true,"href":"https:\/\/globecore.com\/es\/wp-json\/wp\/v2\/media\/110268"}],"wp:attachment":[{"href":"https:\/\/globecore.com\/es\/wp-json\/wp\/v2\/media?parent=146642"}],"wp:term":[{"taxonomy":"category","embeddable":true,"href":"https:\/\/globecore.com\/es\/wp-json\/wp\/v2\/categories?post=146642"}],"curies":[{"name":"wp","href":"https:\/\/api.w.org\/{rel}","templated":true}]}}