{"id":146666,"date":"2024-11-01T12:57:30","date_gmt":"2024-11-01T12:57:30","guid":{"rendered":"https:\/\/globecore.com\/products\/instrumentos\/tor-6-transformer-oil-moisture-and-particles-tester\/"},"modified":"2026-03-06T13:33:39","modified_gmt":"2026-03-06T13:33:39","slug":"tor-6-transformer-oil-moisture-and-particles-tester","status":"publish","type":"page","link":"https:\/\/globecore.com\/es\/products\/instrumentos\/tor-6-transformer-oil-moisture-and-particles-tester\/","title":{"rendered":"TOR-6 Probador de humedad y part\u00edculas en aceite de transformador"},"content":{"rendered":"","protected":false},"excerpt":{"rendered":"<p>El TOR-6 es un tester expr\u00e9s de aceite para transformadores que realiza mediciones de alta precisi\u00f3n del contenido de humedad y la pureza (niveles de contaminaci\u00f3n) en aceites minerales y a base de \u00e9ster. Mide la actividad del agua (aw) de 0 a 1 con una precisi\u00f3n de \u00b110\u202f% o \u00b110\u202fppm a 20\u202f\u00b0C y tambi\u00e9n registra la temperatura. El dispositivo eval\u00faa la pureza del aceite seg\u00fan las normas ISO 99 (ISO 4406:1999), SAE AS 4059, ISO 87 (ISO 4406:1987) y NAS 1638.<\/p>\n","protected":false},"author":7,"featured_media":129849,"parent":31947,"menu_order":0,"comment_status":"closed","ping_status":"closed","template":"templates\/single-product.php","meta":{"_acf_changed":false,"_bbp_topic_count":0,"_bbp_reply_count":0,"_bbp_total_topic_count":0,"_bbp_total_reply_count":0,"_bbp_voice_count":0,"_bbp_anonymous_reply_count":0,"_bbp_topic_count_hidden":0,"_bbp_reply_count_hidden":0,"_bbp_forum_subforum_count":0,"footnotes":""},"categories":[1635],"class_list":["post-146666","page","type-page","status-publish","has-post-thumbnail","hentry","category-instrumentos","oil_type-aceite-hidraulico","oil_type-aceite-industrial","oil_type-aceite-para-transformadores","oil_type-combustible-diesel","process_type-test-de-clase-de-limpieza-de-particulas","process_type-test-de-humedad"],"acf":[],"language":"es","_links":{"self":[{"href":"https:\/\/globecore.com\/es\/wp-json\/wp\/v2\/pages\/146666","targetHints":{"allow":["GET"]}}],"collection":[{"href":"https:\/\/globecore.com\/es\/wp-json\/wp\/v2\/pages"}],"about":[{"href":"https:\/\/globecore.com\/es\/wp-json\/wp\/v2\/types\/page"}],"author":[{"embeddable":true,"href":"https:\/\/globecore.com\/es\/wp-json\/wp\/v2\/users\/7"}],"replies":[{"embeddable":true,"href":"https:\/\/globecore.com\/es\/wp-json\/wp\/v2\/comments?post=146666"}],"version-history":[{"count":2,"href":"https:\/\/globecore.com\/es\/wp-json\/wp\/v2\/pages\/146666\/revisions"}],"predecessor-version":[{"id":336196,"href":"https:\/\/globecore.com\/es\/wp-json\/wp\/v2\/pages\/146666\/revisions\/336196"}],"up":[{"embeddable":true,"href":"https:\/\/globecore.com\/es\/wp-json\/wp\/v2\/pages\/31947"}],"wp:featuredmedia":[{"embeddable":true,"href":"https:\/\/globecore.com\/es\/wp-json\/wp\/v2\/media\/129849"}],"wp:attachment":[{"href":"https:\/\/globecore.com\/es\/wp-json\/wp\/v2\/media?parent=146666"}],"wp:term":[{"taxonomy":"category","embeddable":true,"href":"https:\/\/globecore.com\/es\/wp-json\/wp\/v2\/categories?post=146666"}],"curies":[{"name":"wp","href":"https:\/\/api.w.org\/{rel}","templated":true}]}}