{"id":146690,"date":"2021-05-12T13:03:09","date_gmt":"2021-05-12T13:03:09","guid":{"rendered":"https:\/\/globecore.com\/products\/zeolite-regeneration-and-drying\/zeolite-regeneration-units-brz\/"},"modified":"2026-03-06T12:27:04","modified_gmt":"2026-03-06T12:27:04","slug":"zeolite-regeneration-units-brz","status":"publish","type":"page","link":"https:\/\/globecore.com\/es\/products\/zeolite-regeneration-and-drying\/zeolite-regeneration-units-brz\/","title":{"rendered":"BRZ Bloque de regeneraci\u00f3n de zeolita"},"content":{"rendered":"","protected":false},"excerpt":{"rendered":"<p>La unidad de regeneraci\u00f3n BRZ est\u00e1 dise\u00f1ada para restaurar el rendimiento de los cartuchos de sorbente utilizados en el sistema de secado de transformadores CMM-260C para el secado de aceite aislante diel\u00e9ctrico. La unidad regenera los cartuchos de zeolita mediante un flujo controlado de aire caliente que elimina el exceso de humedad y restablece la capacidad de adsorci\u00f3n. Durante el funcionamiento, el caudal del soplador es de 2,3 m\u00b3\/min y la temperatura del aire caliente alcanza los 250 \u00b0C (483 \u00b0F), lo que garantiza un secado eficiente y una preparaci\u00f3n fiable del sorbente para su reutilizaci\u00f3n.<\/p>\n","protected":false},"author":59,"featured_media":53431,"parent":112674,"menu_order":0,"comment_status":"closed","ping_status":"closed","template":"templates\/single-product.php","meta":{"_acf_changed":false,"_bbp_topic_count":0,"_bbp_reply_count":0,"_bbp_total_topic_count":0,"_bbp_total_reply_count":0,"_bbp_voice_count":0,"_bbp_anonymous_reply_count":0,"_bbp_topic_count_hidden":0,"_bbp_reply_count_hidden":0,"_bbp_forum_subforum_count":0,"footnotes":""},"categories":[1338],"class_list":["post-146690","page","type-page","status-publish","has-post-thumbnail","hentry","category-oil-maintenance-es","oil_type-sorbente-es","process_type-regeneracion"],"acf":[],"language":"es","_links":{"self":[{"href":"https:\/\/globecore.com\/es\/wp-json\/wp\/v2\/pages\/146690","targetHints":{"allow":["GET"]}}],"collection":[{"href":"https:\/\/globecore.com\/es\/wp-json\/wp\/v2\/pages"}],"about":[{"href":"https:\/\/globecore.com\/es\/wp-json\/wp\/v2\/types\/page"}],"author":[{"embeddable":true,"href":"https:\/\/globecore.com\/es\/wp-json\/wp\/v2\/users\/59"}],"replies":[{"embeddable":true,"href":"https:\/\/globecore.com\/es\/wp-json\/wp\/v2\/comments?post=146690"}],"version-history":[{"count":2,"href":"https:\/\/globecore.com\/es\/wp-json\/wp\/v2\/pages\/146690\/revisions"}],"predecessor-version":[{"id":336169,"href":"https:\/\/globecore.com\/es\/wp-json\/wp\/v2\/pages\/146690\/revisions\/336169"}],"up":[{"embeddable":true,"href":"https:\/\/globecore.com\/es\/wp-json\/wp\/v2\/pages\/112674"}],"wp:featuredmedia":[{"embeddable":true,"href":"https:\/\/globecore.com\/es\/wp-json\/wp\/v2\/media\/53431"}],"wp:attachment":[{"href":"https:\/\/globecore.com\/es\/wp-json\/wp\/v2\/media?parent=146690"}],"wp:term":[{"taxonomy":"category","embeddable":true,"href":"https:\/\/globecore.com\/es\/wp-json\/wp\/v2\/categories?post=146690"}],"curies":[{"name":"wp","href":"https:\/\/api.w.org\/{rel}","templated":true}]}}