{"id":14757,"date":"2019-03-05T11:39:40","date_gmt":"2019-03-05T11:39:40","guid":{"rendered":"https:\/\/globecore.com?page_id=14757"},"modified":"2026-03-09T10:11:44","modified_gmt":"2026-03-09T10:11:44","slug":"installation-a-modification-de-bitume-uvb-2-20-m%c2%b3-heure","status":"publish","type":"page","link":"https:\/\/globecore.com\/es\/products\/betunes-modificados\/installation-a-modification-de-bitume-uvb-2-20-m%c2%b3-heure\/","title":{"rendered":"USB-3 M\u00e1quina para modification de bitume (16 m\u00b3\/hora)"},"content":{"rendered":"","protected":false},"excerpt":{"rendered":"<p>La unidad de modificaci\u00f3n de bet\u00fan USB-3, con una capacidad de producci\u00f3n de 16 m\u00b3\/h, utiliza un proceso de doble flujo que reduce la carga en la zona de cizallamiento del molino y prolonga su vida \u00fatil. La unidad garantiza una compatibilidad eficaz entre el bet\u00fan y los pol\u00edmeros, lo cual es esencial para obtener un producto final de alta calidad. Puede trabajar con todos los pol\u00edmeros comunes, ceras y aditivos especiales en diversas formas, incluidos polvos y gr\u00e1nulos, y permite implementar pr\u00e1cticamente cualquier esquema de modificaci\u00f3n de bet\u00fan.<\/p>\n","protected":false},"author":7,"featured_media":341843,"parent":12075,"menu_order":0,"comment_status":"closed","ping_status":"closed","template":"templates\/single-product.php","meta":{"_acf_changed":false,"_bbp_topic_count":0,"_bbp_reply_count":0,"_bbp_total_topic_count":0,"_bbp_total_reply_count":0,"_bbp_voice_count":0,"_bbp_anonymous_reply_count":0,"_bbp_topic_count_hidden":0,"_bbp_reply_count_hidden":0,"_bbp_forum_subforum_count":0,"footnotes":""},"categories":[2391],"class_list":["post-14757","page","type-page","status-publish","has-post-thumbnail","hentry","category-produccion-de-betun","oil_type-industria-de-la-construccion","process_type-mezcla","process_type-molienda"],"acf":[],"language":"es","_links":{"self":[{"href":"https:\/\/globecore.com\/es\/wp-json\/wp\/v2\/pages\/14757","targetHints":{"allow":["GET"]}}],"collection":[{"href":"https:\/\/globecore.com\/es\/wp-json\/wp\/v2\/pages"}],"about":[{"href":"https:\/\/globecore.com\/es\/wp-json\/wp\/v2\/types\/page"}],"author":[{"embeddable":true,"href":"https:\/\/globecore.com\/es\/wp-json\/wp\/v2\/users\/7"}],"replies":[{"embeddable":true,"href":"https:\/\/globecore.com\/es\/wp-json\/wp\/v2\/comments?post=14757"}],"version-history":[{"count":1,"href":"https:\/\/globecore.com\/es\/wp-json\/wp\/v2\/pages\/14757\/revisions"}],"predecessor-version":[{"id":341840,"href":"https:\/\/globecore.com\/es\/wp-json\/wp\/v2\/pages\/14757\/revisions\/341840"}],"up":[{"embeddable":true,"href":"https:\/\/globecore.com\/es\/wp-json\/wp\/v2\/pages\/12075"}],"wp:featuredmedia":[{"embeddable":true,"href":"https:\/\/globecore.com\/es\/wp-json\/wp\/v2\/media\/341843"}],"wp:attachment":[{"href":"https:\/\/globecore.com\/es\/wp-json\/wp\/v2\/media?parent=14757"}],"wp:term":[{"taxonomy":"category","embeddable":true,"href":"https:\/\/globecore.com\/es\/wp-json\/wp\/v2\/categories?post=14757"}],"curies":[{"name":"wp","href":"https:\/\/api.w.org\/{rel}","templated":true}]}}