{"id":15208,"date":"2018-09-06T11:05:47","date_gmt":"2018-09-06T11:05:47","guid":{"rendered":"https:\/\/globecore.com?page_id=15208"},"modified":"2026-03-06T06:11:44","modified_gmt":"2026-03-06T06:11:44","slug":"%d1%81%d0%bc%d0%bc-1h-oil-processing-unit","status":"publish","type":"page","link":"https:\/\/globecore.com\/es\/products\/desgasificacion-de-aceite\/%d1%81%d0%bc%d0%bc-1h-oil-processing-unit\/","title":{"rendered":"CMM-1\u041d M\u00e1quina de filtrado de aceite diel\u00e9ctrico"},"content":{"rendered":"","protected":false},"excerpt":{"rendered":"<p>La unidad CMM-1H est\u00e1 dise\u00f1ada para el secado, calentamiento y filtraci\u00f3n de aceite mineral de transformador, as\u00ed como para el vaciado de tanques de transformadores. El proceso de tratamiento se basa en la combinaci\u00f3n de calor y vac\u00edo: el aceite se calienta y se introduce en una c\u00e1mara de vac\u00edo, donde la baja presi\u00f3n hace que el agua en el aceite hierva y se evapore a temperaturas m\u00e1s bajas. El vapor de agua se elimina mediante una bomba de vac\u00edo. La unidad est\u00e1 equipada con una bomba centr\u00edfuga de salida para reducir el ruido y un sistema de calentamiento inteligente que regula autom\u00e1ticamente la corriente y evita fluctuaciones de tensi\u00f3n. No dispone de bomba de entrada, por lo que el aceite se suministra directamente, reduciendo el riesgo de fugas. La capacidad de la CMM-1H en el modo de secado de aceite alcanza hasta 1 m\u00b3\/h. Despu\u00e9s del tratamiento, el contenido de humedad se reduce a 5\u201310 ppm y la clase de limpieza del aceite corresponde a ISO 4406: \u2013\/15\/13.<\/p>\n","protected":false},"author":7,"featured_media":15211,"parent":11838,"menu_order":0,"comment_status":"closed","ping_status":"closed","template":"templates\/single-product.php","meta":{"_acf_changed":false,"_bbp_topic_count":0,"_bbp_reply_count":0,"_bbp_total_topic_count":0,"_bbp_total_reply_count":0,"_bbp_voice_count":0,"_bbp_anonymous_reply_count":0,"_bbp_topic_count_hidden":0,"_bbp_reply_count_hidden":0,"_bbp_forum_subforum_count":0,"footnotes":""},"categories":[1338],"class_list":["post-15208","page","type-page","status-publish","has-post-thumbnail","hentry","category-oil-maintenance-es","oil_type-aceite-de-silicona","oil_type-aceite-para-cables","oil_type-aceite-para-transformadores","oil_type-aceite-shell-diala","oil_type-fluido-dielectrico-fr3","oil_type-fluido-dielectrico-midel-7131","oil_type-fluido-resistente-al-fuego-fyrquel","process_type-desgasificacion","process_type-deshidratacion","process_type-filtracion"],"acf":[],"language":"es","_links":{"self":[{"href":"https:\/\/globecore.com\/es\/wp-json\/wp\/v2\/pages\/15208","targetHints":{"allow":["GET"]}}],"collection":[{"href":"https:\/\/globecore.com\/es\/wp-json\/wp\/v2\/pages"}],"about":[{"href":"https:\/\/globecore.com\/es\/wp-json\/wp\/v2\/types\/page"}],"author":[{"embeddable":true,"href":"https:\/\/globecore.com\/es\/wp-json\/wp\/v2\/users\/7"}],"replies":[{"embeddable":true,"href":"https:\/\/globecore.com\/es\/wp-json\/wp\/v2\/comments?post=15208"}],"version-history":[{"count":3,"href":"https:\/\/globecore.com\/es\/wp-json\/wp\/v2\/pages\/15208\/revisions"}],"predecessor-version":[{"id":336005,"href":"https:\/\/globecore.com\/es\/wp-json\/wp\/v2\/pages\/15208\/revisions\/336005"}],"up":[{"embeddable":true,"href":"https:\/\/globecore.com\/es\/wp-json\/wp\/v2\/pages\/11838"}],"wp:featuredmedia":[{"embeddable":true,"href":"https:\/\/globecore.com\/es\/wp-json\/wp\/v2\/media\/15211"}],"wp:attachment":[{"href":"https:\/\/globecore.com\/es\/wp-json\/wp\/v2\/media?parent=15208"}],"wp:term":[{"taxonomy":"category","embeddable":true,"href":"https:\/\/globecore.com\/es\/wp-json\/wp\/v2\/categories?post=15208"}],"curies":[{"name":"wp","href":"https:\/\/api.w.org\/{rel}","templated":true}]}}