{"id":15288,"date":"2018-09-06T13:35:25","date_gmt":"2018-09-06T13:35:25","guid":{"rendered":"https:\/\/globecore.com?page_id=15288"},"modified":"2026-03-09T09:43:07","modified_gmt":"2026-03-09T09:43:07","slug":"instalacion-uvb-1-con-productividad-de-8m3-hora","status":"publish","type":"page","link":"https:\/\/globecore.com\/es\/products\/emulsion-bituminosa\/instalacion-uvb-1-con-productividad-de-8m3-hora\/","title":{"rendered":"USB-2 M\u00e1quina de producci\u00f3n de emulsi\u00f3n bituminosa (8 m\u00b3\/hora)"},"content":{"rendered":"","protected":false},"excerpt":{"rendered":"<p>La planta de emulsi\u00f3n de bet\u00fan USB-2, con una capacidad de producci\u00f3n de 8\u202fm\u00b3\/h, se construye en varios tipos de contenedores, incluidos contenedores abiertos, contenedores con puertas corredizas y contenedores antivand\u00e1licos. La planta produce todo tipo de emulsiones\u2014CRS, CMS, CSS-1,2,3\u2014as\u00ed como emulsiones ani\u00f3nicas correspondientes, incluido el subtipo h. Todos los productos cumplen con las normas ASTM D2397-98 y ASTM D977-98.<\/p>\n","protected":false},"author":7,"featured_media":23318,"parent":12132,"menu_order":0,"comment_status":"closed","ping_status":"closed","template":"templates\/single-product.php","meta":{"_acf_changed":false,"_bbp_topic_count":0,"_bbp_reply_count":0,"_bbp_total_topic_count":0,"_bbp_total_reply_count":0,"_bbp_voice_count":0,"_bbp_anonymous_reply_count":0,"_bbp_topic_count_hidden":0,"_bbp_reply_count_hidden":0,"_bbp_forum_subforum_count":0,"footnotes":""},"categories":[2391],"class_list":["post-15288","page","type-page","status-publish","has-post-thumbnail","hentry","category-produccion-de-betun","oil_type-industria-de-la-construccion","process_type-mezcla","process_type-molienda"],"acf":[],"language":"es","_links":{"self":[{"href":"https:\/\/globecore.com\/es\/wp-json\/wp\/v2\/pages\/15288","targetHints":{"allow":["GET"]}}],"collection":[{"href":"https:\/\/globecore.com\/es\/wp-json\/wp\/v2\/pages"}],"about":[{"href":"https:\/\/globecore.com\/es\/wp-json\/wp\/v2\/types\/page"}],"author":[{"embeddable":true,"href":"https:\/\/globecore.com\/es\/wp-json\/wp\/v2\/users\/7"}],"replies":[{"embeddable":true,"href":"https:\/\/globecore.com\/es\/wp-json\/wp\/v2\/comments?post=15288"}],"version-history":[{"count":1,"href":"https:\/\/globecore.com\/es\/wp-json\/wp\/v2\/pages\/15288\/revisions"}],"predecessor-version":[{"id":341828,"href":"https:\/\/globecore.com\/es\/wp-json\/wp\/v2\/pages\/15288\/revisions\/341828"}],"up":[{"embeddable":true,"href":"https:\/\/globecore.com\/es\/wp-json\/wp\/v2\/pages\/12132"}],"wp:featuredmedia":[{"embeddable":true,"href":"https:\/\/globecore.com\/es\/wp-json\/wp\/v2\/media\/23318"}],"wp:attachment":[{"href":"https:\/\/globecore.com\/es\/wp-json\/wp\/v2\/media?parent=15288"}],"wp:term":[{"taxonomy":"category","embeddable":true,"href":"https:\/\/globecore.com\/es\/wp-json\/wp\/v2\/categories?post=15288"}],"curies":[{"name":"wp","href":"https:\/\/api.w.org\/{rel}","templated":true}]}}