{"id":15851,"date":"2018-07-30T07:12:07","date_gmt":"2018-07-30T07:12:07","guid":{"rendered":"https:\/\/globecore.com\/products\/oil-processing-equipment\/degassing-thermal-vacuum-drying-oil\/cmm-6-7-mobile-degassing-unit.html"},"modified":"2026-03-06T06:47:09","modified_gmt":"2026-03-06T06:47:09","slug":"cmm-6-7-mobile-degassing-unit","status":"publish","type":"page","link":"https:\/\/globecore.com\/es\/products\/desgasificacion-de-aceite\/cmm-6-7-mobile-degassing-unit\/","title":{"rendered":"CMM-6\/7 M\u00e1quina purificadora de aceite"},"content":{"rendered":"","protected":false},"excerpt":{"rendered":"<p>La m\u00e1quina CMM-6\/7 est\u00e1 dise\u00f1ada para calentar, bombear y tratar aceite utilizado como aislante o refrigerante en equipos el\u00e9ctricos como transformadores, OLTC, aisladores de transformador y interruptores de alta tensi\u00f3n. El proceso de tratamiento del aceite elimina part\u00edculas, gases y agua. La unidad tambi\u00e9n puede eliminar aire y gas de los tanques de transformadores durante reparaciones o mantenimiento. Su capacidad de procesamiento var\u00eda de 3.000 a 7.000 litros por hora, dependiendo del modo de operaci\u00f3n seleccionado. La CMM-6\/7 tiene varios modos de funcionamiento: bombeo b\u00e1sico de aceite con bombas y filtros, calentamiento y filtraci\u00f3n donde el aceite se calienta y filtra, desgasificaci\u00f3n donde el calor y el vac\u00edo eliminan agua y gases, y evacuaci\u00f3n para eliminar aire de equipos externos.<\/p>\n","protected":false},"author":7,"featured_media":59052,"parent":11838,"menu_order":0,"comment_status":"closed","ping_status":"closed","template":"templates\/single-product.php","meta":{"_acf_changed":false,"_bbp_topic_count":0,"_bbp_reply_count":0,"_bbp_total_topic_count":0,"_bbp_total_reply_count":0,"_bbp_voice_count":0,"_bbp_anonymous_reply_count":0,"_bbp_topic_count_hidden":0,"_bbp_reply_count_hidden":0,"_bbp_forum_subforum_count":0,"footnotes":""},"categories":[1338],"class_list":["post-15851","page","type-page","status-publish","has-post-thumbnail","hentry","category-oil-maintenance-es","oil_type-aceite-de-silicona","oil_type-aceite-para-transformadores","oil_type-aceite-shell-diala","oil_type-fluido-dielectrico-fr3","oil_type-fluido-dielectrico-midel-7131","oil_type-fluido-resistente-al-fuego-fyrquel","process_type-desgasificacion","process_type-deshidratacion","process_type-filtracion"],"acf":[],"language":"es","_links":{"self":[{"href":"https:\/\/globecore.com\/es\/wp-json\/wp\/v2\/pages\/15851","targetHints":{"allow":["GET"]}}],"collection":[{"href":"https:\/\/globecore.com\/es\/wp-json\/wp\/v2\/pages"}],"about":[{"href":"https:\/\/globecore.com\/es\/wp-json\/wp\/v2\/types\/page"}],"author":[{"embeddable":true,"href":"https:\/\/globecore.com\/es\/wp-json\/wp\/v2\/users\/7"}],"replies":[{"embeddable":true,"href":"https:\/\/globecore.com\/es\/wp-json\/wp\/v2\/comments?post=15851"}],"version-history":[{"count":1,"href":"https:\/\/globecore.com\/es\/wp-json\/wp\/v2\/pages\/15851\/revisions"}],"predecessor-version":[{"id":336033,"href":"https:\/\/globecore.com\/es\/wp-json\/wp\/v2\/pages\/15851\/revisions\/336033"}],"up":[{"embeddable":true,"href":"https:\/\/globecore.com\/es\/wp-json\/wp\/v2\/pages\/11838"}],"wp:featuredmedia":[{"embeddable":true,"href":"https:\/\/globecore.com\/es\/wp-json\/wp\/v2\/media\/59052"}],"wp:attachment":[{"href":"https:\/\/globecore.com\/es\/wp-json\/wp\/v2\/media?parent=15851"}],"wp:term":[{"taxonomy":"category","embeddable":true,"href":"https:\/\/globecore.com\/es\/wp-json\/wp\/v2\/categories?post=15851"}],"curies":[{"name":"wp","href":"https:\/\/api.w.org\/{rel}","templated":true}]}}