{"id":18108,"date":"2018-11-26T07:03:15","date_gmt":"2018-11-26T07:03:15","guid":{"rendered":"https:\/\/globecore.com\/products\/colloid-mill\/colloid-mill-clm-40.html"},"modified":"2026-03-09T08:34:49","modified_gmt":"2026-03-09T08:34:49","slug":"colloid-mill-clm-40","status":"publish","type":"page","link":"https:\/\/globecore.com\/es\/products\/molino-coloide\/colloid-mills-for-bitumen-modification\/colloid-mill-clm-40\/","title":{"rendered":"CLM-40.2 Molino coloidal de bet\u00fan"},"content":{"rendered":"","protected":false},"excerpt":{"rendered":"<p>El molino coloidal CLM-40.2 est\u00e1 dise\u00f1ado para la molienda de gr\u00e1nulos de pol\u00edmero SBS para la producci\u00f3n de bet\u00fan modificado. La unidad se puede suministrar como parte de una planta completa o por separado para actualizar equipos existentes. Ofrece una capacidad de 30\u202fm\u00b3\/h, garantiza la resistencia a la delaminaci\u00f3n de la mezcla y permite ajustar la separaci\u00f3n rotor-estator sin necesidad de desmontaje.<\/p>\n","protected":false},"author":7,"featured_media":18082,"parent":68014,"menu_order":0,"comment_status":"closed","ping_status":"closed","template":"templates\/single-product.php","meta":{"_acf_changed":false,"_bbp_topic_count":0,"_bbp_reply_count":0,"_bbp_total_topic_count":0,"_bbp_total_reply_count":0,"_bbp_voice_count":0,"_bbp_anonymous_reply_count":0,"_bbp_topic_count_hidden":0,"_bbp_reply_count_hidden":0,"_bbp_forum_subforum_count":0,"footnotes":""},"categories":[1360],"class_list":["post-18108","page","type-page","status-publish","has-post-thumbnail","hentry","category-molienda","oil_type-industria-petrolera","oil_type-industria-quimica-es","process_type-mezcla","process_type-molienda"],"acf":[],"language":"es","_links":{"self":[{"href":"https:\/\/globecore.com\/es\/wp-json\/wp\/v2\/pages\/18108","targetHints":{"allow":["GET"]}}],"collection":[{"href":"https:\/\/globecore.com\/es\/wp-json\/wp\/v2\/pages"}],"about":[{"href":"https:\/\/globecore.com\/es\/wp-json\/wp\/v2\/types\/page"}],"author":[{"embeddable":true,"href":"https:\/\/globecore.com\/es\/wp-json\/wp\/v2\/users\/7"}],"replies":[{"embeddable":true,"href":"https:\/\/globecore.com\/es\/wp-json\/wp\/v2\/comments?post=18108"}],"version-history":[{"count":1,"href":"https:\/\/globecore.com\/es\/wp-json\/wp\/v2\/pages\/18108\/revisions"}],"predecessor-version":[{"id":341788,"href":"https:\/\/globecore.com\/es\/wp-json\/wp\/v2\/pages\/18108\/revisions\/341788"}],"up":[{"embeddable":true,"href":"https:\/\/globecore.com\/es\/wp-json\/wp\/v2\/pages\/68014"}],"wp:featuredmedia":[{"embeddable":true,"href":"https:\/\/globecore.com\/es\/wp-json\/wp\/v2\/media\/18082"}],"wp:attachment":[{"href":"https:\/\/globecore.com\/es\/wp-json\/wp\/v2\/media?parent=18108"}],"wp:term":[{"taxonomy":"category","embeddable":true,"href":"https:\/\/globecore.com\/es\/wp-json\/wp\/v2\/categories?post=18108"}],"curies":[{"name":"wp","href":"https:\/\/api.w.org\/{rel}","templated":true}]}}