{"id":18841,"date":"2018-12-19T12:34:35","date_gmt":"2018-12-19T12:34:35","guid":{"rendered":"https:\/\/globecore.com\/products\/oil-processing-equipment\/unidad-de-secado-de-aceite-zeolite\/zp-sorbent-cartridges.html"},"modified":"2026-03-06T08:26:46","modified_gmt":"2026-03-06T08:26:46","slug":"zp-sorbent-cartridges","status":"publish","type":"page","link":"https:\/\/globecore.com\/es\/products\/secado-de-aceite-zeolite\/zp-sorbent-cartridges\/","title":{"rendered":"ZP-260 Sistema de secado de aceite"},"content":{"rendered":"","protected":false},"excerpt":{"rendered":"<p>La estaci\u00f3n m\u00f3vil de aceite ZP-260 est\u00e1 dise\u00f1ada para la purificaci\u00f3n de aceites lubricantes y de aislamiento el\u00e9ctrico, eliminaci\u00f3n de impurezas mec\u00e1nicas y secado de aceites con una viscosidad de hasta 70\u202fcSt a 40\u202f\u00b0C. La unidad utiliza cartuchos de sorbente espec\u00edficamente dise\u00f1ados para secar aceites con zeolita u otros adsorbentes y cuenta con escotillas para carga y descarga r\u00e1pida. Su caudal es de 4\u202fm\u00b3\/h. Los cartuchos tambi\u00e9n pueden llenarse con adsorbentes alternativos, como tierra de Fuller o gel de s\u00edlice, lo que hace que la unidad sea adecuada para la regeneraci\u00f3n de aceite y la reducci\u00f3n de acidez. La ZP-260 se utiliza durante el ensamblaje, mantenimiento y operaci\u00f3n de equipos de alta tensi\u00f3n llenos de aceite de hasta 1.150\u202fkV, incluidos transformadores de potencia, interruptores de alta tensi\u00f3n y dispositivos similares.<\/p>\n","protected":false},"author":7,"featured_media":14039,"parent":14118,"menu_order":0,"comment_status":"closed","ping_status":"closed","template":"templates\/single-product.php","meta":{"_acf_changed":false,"_bbp_topic_count":0,"_bbp_reply_count":0,"_bbp_total_topic_count":0,"_bbp_total_reply_count":0,"_bbp_voice_count":0,"_bbp_anonymous_reply_count":0,"_bbp_topic_count_hidden":0,"_bbp_reply_count_hidden":0,"_bbp_forum_subforum_count":0,"footnotes":""},"categories":[1338],"class_list":["post-18841","page","type-page","status-publish","has-post-thumbnail","hentry","category-oil-maintenance-es","oil_type-aceite-de-silicona","oil_type-aceite-de-transmision","oil_type-aceite-hidraulico","oil_type-aceite-industrial","oil_type-aceite-para-cables","oil_type-aceite-para-compresores","oil_type-aceite-para-transformadores","oil_type-aceite-para-turbinas","oil_type-fluido-dielectrico-fr3","oil_type-fluido-dielectrico-midel-7131","oil_type-fluido-resistente-al-fuego-fyrquel","process_type-deshidratacion","process_type-filtracion"],"acf":[],"language":"es","_links":{"self":[{"href":"https:\/\/globecore.com\/es\/wp-json\/wp\/v2\/pages\/18841","targetHints":{"allow":["GET"]}}],"collection":[{"href":"https:\/\/globecore.com\/es\/wp-json\/wp\/v2\/pages"}],"about":[{"href":"https:\/\/globecore.com\/es\/wp-json\/wp\/v2\/types\/page"}],"author":[{"embeddable":true,"href":"https:\/\/globecore.com\/es\/wp-json\/wp\/v2\/users\/7"}],"replies":[{"embeddable":true,"href":"https:\/\/globecore.com\/es\/wp-json\/wp\/v2\/comments?post=18841"}],"version-history":[{"count":1,"href":"https:\/\/globecore.com\/es\/wp-json\/wp\/v2\/pages\/18841\/revisions"}],"predecessor-version":[{"id":336075,"href":"https:\/\/globecore.com\/es\/wp-json\/wp\/v2\/pages\/18841\/revisions\/336075"}],"up":[{"embeddable":true,"href":"https:\/\/globecore.com\/es\/wp-json\/wp\/v2\/pages\/14118"}],"wp:featuredmedia":[{"embeddable":true,"href":"https:\/\/globecore.com\/es\/wp-json\/wp\/v2\/media\/14039"}],"wp:attachment":[{"href":"https:\/\/globecore.com\/es\/wp-json\/wp\/v2\/media?parent=18841"}],"wp:term":[{"taxonomy":"category","embeddable":true,"href":"https:\/\/globecore.com\/es\/wp-json\/wp\/v2\/categories?post=18841"}],"curies":[{"name":"wp","href":"https:\/\/api.w.org\/{rel}","templated":true}]}}