{"id":28979,"date":"2020-01-31T08:18:26","date_gmt":"2020-01-31T08:18:26","guid":{"rendered":"https:\/\/globecore.com\/products\/unidad-de-secado-de-aceite-zeolite\/cmm-ssd-stationary-transformer-drying-unit\/"},"modified":"2026-03-06T09:06:54","modified_gmt":"2026-03-06T09:06:54","slug":"cmm-ssd-stationary-transformer-drying-unit","status":"publish","type":"page","link":"https:\/\/globecore.com\/es\/products\/online-transformer-dry-out-systems\/cmm-ssd-stationary-transformer-drying-unit\/","title":{"rendered":"CMM-260C Sistema de secado en l\u00ednea para transformadores"},"content":{"rendered":"","protected":false},"excerpt":{"rendered":"<p>El dispositivo de secado continuo CMM-260C protege los transformadores manteniendo seco su aceite durante toda su vida \u00fatil. La unidad hace circular el aceite del transformador a trav\u00e9s de un sorbente granular microporoso, que absorbe y retiene de manera segura el agua. Tiene una capacidad de al menos 30\u202flitros\/h (0,13\u202fgpm) y una capacidad de absorci\u00f3n de agua de 9\u202flitros (2,4\u202fgal). El dispositivo puede conectarse a transformadores de cualquier tipo y antig\u00fcedad, con una instalaci\u00f3n que tarda menos de una hora. Seca el aceite sin calefacci\u00f3n, no requiere supervisi\u00f3n constante del operador y puede instalarse de manera temporal o permanente.<\/p>\n","protected":false},"author":7,"featured_media":27621,"parent":104875,"menu_order":0,"comment_status":"closed","ping_status":"closed","template":"templates\/single-product.php","meta":{"_acf_changed":false,"_bbp_topic_count":0,"_bbp_reply_count":0,"_bbp_total_topic_count":0,"_bbp_total_reply_count":0,"_bbp_voice_count":0,"_bbp_anonymous_reply_count":0,"_bbp_topic_count_hidden":0,"_bbp_reply_count_hidden":0,"_bbp_forum_subforum_count":0,"footnotes":""},"categories":[2478,1338],"class_list":["post-28979","page","type-page","status-publish","has-post-thumbnail","hentry","category-mantenimiento-de-transformadores","category-oil-maintenance-es","oil_type-transformadores-de-distribucion","oil_type-transformadores-elevadores-es","oil_type-transformadores-para-fines-especiales","oil_type-transformadores-reductores","process_type-deshidratacion"],"acf":[],"language":"es","_links":{"self":[{"href":"https:\/\/globecore.com\/es\/wp-json\/wp\/v2\/pages\/28979","targetHints":{"allow":["GET"]}}],"collection":[{"href":"https:\/\/globecore.com\/es\/wp-json\/wp\/v2\/pages"}],"about":[{"href":"https:\/\/globecore.com\/es\/wp-json\/wp\/v2\/types\/page"}],"author":[{"embeddable":true,"href":"https:\/\/globecore.com\/es\/wp-json\/wp\/v2\/users\/7"}],"replies":[{"embeddable":true,"href":"https:\/\/globecore.com\/es\/wp-json\/wp\/v2\/comments?post=28979"}],"version-history":[{"count":3,"href":"https:\/\/globecore.com\/es\/wp-json\/wp\/v2\/pages\/28979\/revisions"}],"predecessor-version":[{"id":336102,"href":"https:\/\/globecore.com\/es\/wp-json\/wp\/v2\/pages\/28979\/revisions\/336102"}],"up":[{"embeddable":true,"href":"https:\/\/globecore.com\/es\/wp-json\/wp\/v2\/pages\/104875"}],"wp:featuredmedia":[{"embeddable":true,"href":"https:\/\/globecore.com\/es\/wp-json\/wp\/v2\/media\/27621"}],"wp:attachment":[{"href":"https:\/\/globecore.com\/es\/wp-json\/wp\/v2\/media?parent=28979"}],"wp:term":[{"taxonomy":"category","embeddable":true,"href":"https:\/\/globecore.com\/es\/wp-json\/wp\/v2\/categories?post=28979"}],"curies":[{"name":"wp","href":"https:\/\/api.w.org\/{rel}","templated":true}]}}