{"id":29548,"date":"2020-03-11T09:14:26","date_gmt":"2020-03-11T09:14:26","guid":{"rendered":"https:\/\/globecore.com\/products\/colloid-mill-clm-100-2\/"},"modified":"2026-03-09T08:42:19","modified_gmt":"2026-03-09T08:42:19","slug":"colloid-mill-clm-100-2","status":"publish","type":"page","link":"https:\/\/globecore.com\/es\/products\/molino-coloide\/colloid-mills-for-different-applications\/colloid-mill-clm-100-2\/","title":{"rendered":"CLM-100.2 Molino coloidal"},"content":{"rendered":"","protected":false},"excerpt":{"rendered":"<p>El molino coloidal CLM-100.2 est\u00e1 dise\u00f1ado para la homogenizaci\u00f3n y emulsificaci\u00f3n de productos l\u00edquidos a escala de laboratorio. Puede preparar, disolver y procesar una variedad de materiales en diferentes industrias, produciendo suspensiones espesas con altos esfuerzos cortantes. La unidad tiene una capacidad de 0,1\u20131\u202fm\u00b3\/h.<\/p>\n","protected":false},"author":7,"featured_media":29208,"parent":68083,"menu_order":0,"comment_status":"closed","ping_status":"closed","template":"templates\/single-product.php","meta":{"_acf_changed":false,"_bbp_topic_count":0,"_bbp_reply_count":0,"_bbp_total_topic_count":0,"_bbp_total_reply_count":0,"_bbp_voice_count":0,"_bbp_anonymous_reply_count":0,"_bbp_topic_count_hidden":0,"_bbp_reply_count_hidden":0,"_bbp_forum_subforum_count":0,"footnotes":""},"categories":[1360],"class_list":["post-29548","page","type-page","status-publish","has-post-thumbnail","hentry","category-molienda","oil_type-industria-alimentaria","oil_type-industria-cosmetica","oil_type-industria-de-la-construccion","oil_type-industria-farmaceutica-es","oil_type-industria-petrolera","oil_type-industria-quimica-es","process_type-mezcla","process_type-molienda"],"acf":[],"language":"es","_links":{"self":[{"href":"https:\/\/globecore.com\/es\/wp-json\/wp\/v2\/pages\/29548","targetHints":{"allow":["GET"]}}],"collection":[{"href":"https:\/\/globecore.com\/es\/wp-json\/wp\/v2\/pages"}],"about":[{"href":"https:\/\/globecore.com\/es\/wp-json\/wp\/v2\/types\/page"}],"author":[{"embeddable":true,"href":"https:\/\/globecore.com\/es\/wp-json\/wp\/v2\/users\/7"}],"replies":[{"embeddable":true,"href":"https:\/\/globecore.com\/es\/wp-json\/wp\/v2\/comments?post=29548"}],"version-history":[{"count":2,"href":"https:\/\/globecore.com\/es\/wp-json\/wp\/v2\/pages\/29548\/revisions"}],"predecessor-version":[{"id":341792,"href":"https:\/\/globecore.com\/es\/wp-json\/wp\/v2\/pages\/29548\/revisions\/341792"}],"up":[{"embeddable":true,"href":"https:\/\/globecore.com\/es\/wp-json\/wp\/v2\/pages\/68083"}],"wp:featuredmedia":[{"embeddable":true,"href":"https:\/\/globecore.com\/es\/wp-json\/wp\/v2\/media\/29208"}],"wp:attachment":[{"href":"https:\/\/globecore.com\/es\/wp-json\/wp\/v2\/media?parent=29548"}],"wp:term":[{"taxonomy":"category","embeddable":true,"href":"https:\/\/globecore.com\/es\/wp-json\/wp\/v2\/categories?post=29548"}],"curies":[{"name":"wp","href":"https:\/\/api.w.org\/{rel}","templated":true}]}}