{"id":31303,"date":"2020-09-03T07:18:10","date_gmt":"2020-09-03T07:18:10","guid":{"rendered":"https:\/\/globecore.com\/tech-school\/"},"modified":"2024-12-17T14:16:45","modified_gmt":"2024-12-17T14:16:45","slug":"tech-school","status":"publish","type":"page","link":"https:\/\/globecore.com\/es\/tech-school\/","title":{"rendered":"Tech School"},"content":{"rendered":"<h2 style=\"text-align: center;\"><em>GlobeCore Tech School<\/em><\/h2>\n<p style=\"text-align: justify;\">A lo largo de los a\u00f1os de su historia, \u00a0<em><strong>GlobeCore<\/strong><\/em> ha acumulado mucha experiencia en el \u00e1mbito de operaci\u00f3n y mantenimiento de transformadores. Antes esta experiencia la compart\u00edamos en las charlas y conferencias organizadas por todo el mundo.<\/p>\n<p style=\"text-align: justify;\">Somos de la opini\u00f3n que la pandemia de <strong>COVID-19<\/strong> no debe ser barrera a la difusi\u00f3n del conocimiento. Por eso nos proponemos realizar una serie de webinars enmarcados en un curso llamado \u00a0<strong><em>GlobeCore<\/em> Tech School<\/strong>, que arrojar\u00e1 luz sobre procesos b\u00e1sicos y cuestiones pr\u00e1cticas que se dan durante la vida \u00fatil del transformador. Este conocimiento les ayudar\u00e1 a ver el transformador desde una \u00f3ptica diferente y a prolongar su vida \u00fatil.<\/p>\n<h3 style=\"text-align: center;\">\u00bfA qui\u00e9nes les pueden interesar los webinars <em>GlobeCore<\/em> Tech School?<\/h3>\n<p style=\"text-align: justify;\">A todos quienes tengan que ver con los transformadores: gerentes de compa\u00f1\u00edas el\u00e9ctricas, ingenieros, electricistas, empresas de servicios, estudiantes etc.<\/p>\n<h3 style=\"text-align: center;\">\u00bfTengo que pagar algo?<\/h3>\n<p style=\"text-align: justify;\">No. Participar en los webinars es gratuito. S\u00f3lo se tiene que registrar en la plataforma Zoom y conectarse a Internet el d\u00eda y la hora previamente indicados.<\/p>\n<h3 style=\"text-align: center;\">\u00bfQu\u00e9 tan frecuentes son los webinars de <em>GlobeCore<\/em> Tech School?<\/h3>\n<p style=\"text-align: justify;\">Este a\u00f1o tenemos previsto realizar diez sesiones.<\/p>\n<h3 style=\"text-align: center;\">\u00bfC\u00f3mo me puedo informar del pr\u00f3ximo webinar?<\/h3>\n<p style=\"text-align: justify;\">Vamos subiendo anuncios de los webinars en las noticias de nuestra p\u00e1gina web globecore.com y en las redes sociales\u00a0 (busque perfiles de <em><strong>GlobeCore<\/strong><\/em> en <strong>LinkedIn<\/strong>, <strong>Facebook<\/strong>\u00a0 y <strong>Twitter<\/strong>). Tambi\u00e9n es posible recibir nuestras notificaciones una vez suscrito al env\u00edo de las mismas.<\/p>\n<h3 style=\"text-align: center;\">\u00bfVoy a obtener alg\u00fan certificado por participar?<\/h3>\n<p style=\"text-align: justify;\">Por supuesto. Se les enviar\u00e1 certificados a quienes \u00a0los soliciten. Los hay por una sola participaci\u00f3n y tambi\u00e9n est\u00e1 contemplado emitir un certificado conjunto al final del curso anual.<\/p>\n<h3 style=\"text-align: center;\">\u00bfC\u00f3mo puedo conseguir material informativo de los webinars?<\/h3>\n<p style=\"text-align: justify;\">Todo participante que lo solicite por escrito recibir\u00e1 la presentaci\u00f3n y la grabaci\u00f3n del webinar.<\/p>\n<p style=\"text-align: justify;\">Si todav\u00eda le queda alguna duda cont\u00e1ctenos \u00a0<strong>marketing@globecore.de<\/strong>.<\/p>\n","protected":false},"excerpt":{"rendered":"<p>GlobeCore Tech School A lo largo de los a\u00f1os de su historia, \u00a0GlobeCore ha acumulado mucha experiencia en el \u00e1mbito de operaci\u00f3n y mantenimiento de transformadores. Antes esta experiencia la compart\u00edamos en las charlas y conferencias organizadas por todo el mundo. Somos de la opini\u00f3n que la pandemia de COVID-19 no debe ser barrera a<a class=\"cg-read-more\" href=\"https:\/\/globecore.com\/es\/tech-school\/\" target=\"_blank\">Leer m\u00e1s <\/a><\/p>\n","protected":false},"author":7,"featured_media":0,"parent":0,"menu_order":0,"comment_status":"closed","ping_status":"closed","template":"templates\/tech_school.php","meta":{"_acf_changed":false,"_bbp_topic_count":0,"_bbp_reply_count":0,"_bbp_total_topic_count":0,"_bbp_total_reply_count":0,"_bbp_voice_count":0,"_bbp_anonymous_reply_count":0,"_bbp_topic_count_hidden":0,"_bbp_reply_count_hidden":0,"_bbp_forum_subforum_count":0,"footnotes":""},"categories":[],"class_list":["post-31303","page","type-page","status-publish","hentry"],"acf":[],"language":"es","_links":{"self":[{"href":"https:\/\/globecore.com\/es\/wp-json\/wp\/v2\/pages\/31303","targetHints":{"allow":["GET"]}}],"collection":[{"href":"https:\/\/globecore.com\/es\/wp-json\/wp\/v2\/pages"}],"about":[{"href":"https:\/\/globecore.com\/es\/wp-json\/wp\/v2\/types\/page"}],"author":[{"embeddable":true,"href":"https:\/\/globecore.com\/es\/wp-json\/wp\/v2\/users\/7"}],"replies":[{"embeddable":true,"href":"https:\/\/globecore.com\/es\/wp-json\/wp\/v2\/comments?post=31303"}],"version-history":[{"count":0,"href":"https:\/\/globecore.com\/es\/wp-json\/wp\/v2\/pages\/31303\/revisions"}],"wp:attachment":[{"href":"https:\/\/globecore.com\/es\/wp-json\/wp\/v2\/media?parent=31303"}],"wp:term":[{"taxonomy":"category","embeddable":true,"href":"https:\/\/globecore.com\/es\/wp-json\/wp\/v2\/categories?post=31303"}],"curies":[{"name":"wp","href":"https:\/\/api.w.org\/{rel}","templated":true}]}}