{"id":31950,"date":"2020-07-01T17:09:03","date_gmt":"2020-07-01T17:09:03","guid":{"rendered":"https:\/\/globecore.com\/products\/instruments\/toet-transformer-oil-express-tester\/"},"modified":"2026-03-06T12:36:35","modified_gmt":"2026-03-06T12:36:35","slug":"toet-transformer-oil-express-tester","status":"publish","type":"page","link":"https:\/\/globecore.com\/es\/products\/instrumentos\/toet-transformer-oil-express-tester\/","title":{"rendered":"TOR-1 Medidor de humedad de aceite"},"content":{"rendered":"","protected":false},"excerpt":{"rendered":"<p>El TOR-1 es un dispositivo dise\u00f1ado para la determinaci\u00f3n r\u00e1pida y precisa de la fracci\u00f3n de masa de agua en aceites aislantes, incluso en niveles muy bajos. Su alta velocidad y precisi\u00f3n de medici\u00f3n hacen del TOR-1 una soluci\u00f3n ideal para el control regular in situ del contenido de humedad en aceites de transformadores, asegurando un control fiable durante la operaci\u00f3n. El dispositivo mide la actividad del agua y la temperatura, y calcula el contenido absoluto de agua en ppm.<\/p>\n","protected":false},"author":7,"featured_media":320480,"parent":31947,"menu_order":0,"comment_status":"closed","ping_status":"closed","template":"templates\/single-product.php","meta":{"_acf_changed":false,"_bbp_topic_count":0,"_bbp_reply_count":0,"_bbp_total_topic_count":0,"_bbp_total_reply_count":0,"_bbp_voice_count":0,"_bbp_anonymous_reply_count":0,"_bbp_topic_count_hidden":0,"_bbp_reply_count_hidden":0,"_bbp_forum_subforum_count":0,"footnotes":""},"categories":[1635],"class_list":["post-31950","page","type-page","status-publish","has-post-thumbnail","hentry","category-instrumentos","oil_type-aceite-hidraulico","oil_type-aceite-industrial","oil_type-aceite-para-transformadores","oil_type-combustible-diesel","process_type-test-de-humedad"],"acf":[],"language":"es","_links":{"self":[{"href":"https:\/\/globecore.com\/es\/wp-json\/wp\/v2\/pages\/31950","targetHints":{"allow":["GET"]}}],"collection":[{"href":"https:\/\/globecore.com\/es\/wp-json\/wp\/v2\/pages"}],"about":[{"href":"https:\/\/globecore.com\/es\/wp-json\/wp\/v2\/types\/page"}],"author":[{"embeddable":true,"href":"https:\/\/globecore.com\/es\/wp-json\/wp\/v2\/users\/7"}],"replies":[{"embeddable":true,"href":"https:\/\/globecore.com\/es\/wp-json\/wp\/v2\/comments?post=31950"}],"version-history":[{"count":1,"href":"https:\/\/globecore.com\/es\/wp-json\/wp\/v2\/pages\/31950\/revisions"}],"predecessor-version":[{"id":336178,"href":"https:\/\/globecore.com\/es\/wp-json\/wp\/v2\/pages\/31950\/revisions\/336178"}],"up":[{"embeddable":true,"href":"https:\/\/globecore.com\/es\/wp-json\/wp\/v2\/pages\/31947"}],"wp:featuredmedia":[{"embeddable":true,"href":"https:\/\/globecore.com\/es\/wp-json\/wp\/v2\/media\/320480"}],"wp:attachment":[{"href":"https:\/\/globecore.com\/es\/wp-json\/wp\/v2\/media?parent=31950"}],"wp:term":[{"taxonomy":"category","embeddable":true,"href":"https:\/\/globecore.com\/es\/wp-json\/wp\/v2\/categories?post=31950"}],"curies":[{"name":"wp","href":"https:\/\/api.w.org\/{rel}","templated":true}]}}