{"id":320149,"date":"2025-04-24T08:09:18","date_gmt":"2025-04-24T08:09:18","guid":{"rendered":"https:\/\/globecore.com\/products\/regeneracion-de-aceites\/cmm-12r-oil-regeneration-system-with-activated-bauxite\/"},"modified":"2026-03-05T14:30:32","modified_gmt":"2026-03-05T14:30:32","slug":"cmm-12r-oil-regeneration-system-with-activated-bauxite","status":"publish","type":"page","link":"https:\/\/globecore.com\/es\/products\/regeneracion-de-aceites\/cmm-12r-oil-regeneration-system-with-activated-bauxite\/","title":{"rendered":"CMM-12R Sistema de regeneraci\u00f3n de aceite (con bauxita activada)"},"content":{"rendered":"","protected":false},"excerpt":{"rendered":"<p>El GlobeCore CMM-12R es un sistema de regeneraci\u00f3n de aceite de transformador que restaura el aceite envejecido pas\u00e1ndolo por capas de sorbente de bauxita activada. El proceso elimina compuestos \u00e1cidos, lodos y productos de degradaci\u00f3n, dejando el aceite limpio, transparente y con una calidad similar a la del aceite nuevo. El aceite regenerado puede reutilizarse en transformadores durante toda su vida \u00fatil, eliminando as\u00ed los costosos procesos de eliminaci\u00f3n y reemplazo. El CMM-12R se integra con unidades de desgasificaci\u00f3n y permite la reactivaci\u00f3n del sorbente hasta 300 veces, lo que proporciona un ahorro operativo significativo y un mantenimiento sostenible del aceite a largo plazo.<\/p>\n","protected":false},"author":7,"featured_media":320150,"parent":10999,"menu_order":0,"comment_status":"closed","ping_status":"closed","template":"templates\/single-product.php","meta":{"_acf_changed":false,"_bbp_topic_count":0,"_bbp_reply_count":0,"_bbp_total_topic_count":0,"_bbp_total_reply_count":0,"_bbp_voice_count":0,"_bbp_anonymous_reply_count":0,"_bbp_topic_count_hidden":0,"_bbp_reply_count_hidden":0,"_bbp_forum_subforum_count":0,"footnotes":""},"categories":[1338],"class_list":["post-320149","page","type-page","status-publish","has-post-thumbnail","hentry","category-oil-maintenance-es","oil_type-aceite-de-silicona","oil_type-aceite-de-transmision","oil_type-aceite-hidraulico","oil_type-aceite-industrial","oil_type-aceite-para-cables","oil_type-aceite-para-compresores","oil_type-aceite-para-transformadores","oil_type-aceite-para-turbinas","oil_type-fluido-dielectrico-fr3","oil_type-fluido-dielectrico-midel-7131","oil_type-fluido-resistente-al-fuego-fyrquel","process_type-filtracion","process_type-regeneracion"],"acf":[],"language":"es","_links":{"self":[{"href":"https:\/\/globecore.com\/es\/wp-json\/wp\/v2\/pages\/320149","targetHints":{"allow":["GET"]}}],"collection":[{"href":"https:\/\/globecore.com\/es\/wp-json\/wp\/v2\/pages"}],"about":[{"href":"https:\/\/globecore.com\/es\/wp-json\/wp\/v2\/types\/page"}],"author":[{"embeddable":true,"href":"https:\/\/globecore.com\/es\/wp-json\/wp\/v2\/users\/7"}],"replies":[{"embeddable":true,"href":"https:\/\/globecore.com\/es\/wp-json\/wp\/v2\/comments?post=320149"}],"version-history":[{"count":1,"href":"https:\/\/globecore.com\/es\/wp-json\/wp\/v2\/pages\/320149\/revisions"}],"predecessor-version":[{"id":335978,"href":"https:\/\/globecore.com\/es\/wp-json\/wp\/v2\/pages\/320149\/revisions\/335978"}],"up":[{"embeddable":true,"href":"https:\/\/globecore.com\/es\/wp-json\/wp\/v2\/pages\/10999"}],"wp:featuredmedia":[{"embeddable":true,"href":"https:\/\/globecore.com\/es\/wp-json\/wp\/v2\/media\/320150"}],"wp:attachment":[{"href":"https:\/\/globecore.com\/es\/wp-json\/wp\/v2\/media?parent=320149"}],"wp:term":[{"taxonomy":"category","embeddable":true,"href":"https:\/\/globecore.com\/es\/wp-json\/wp\/v2\/categories?post=320149"}],"curies":[{"name":"wp","href":"https:\/\/api.w.org\/{rel}","templated":true}]}}