{"id":32168,"date":"2020-11-23T13:42:09","date_gmt":"2020-11-23T13:42:09","guid":{"rendered":"https:\/\/globecore.com\/products\/instruments\/insulation-fluid-dielectric-strength-measurement-tor-80\/"},"modified":"2026-03-06T13:54:13","modified_gmt":"2026-03-06T13:54:13","slug":"insulation-fluid-dielectric-strength-measurement-tor-80","status":"publish","type":"page","link":"https:\/\/globecore.com\/es\/products\/instrumentos\/insulation-fluid-dielectric-strength-measurement-tor-80\/","title":{"rendered":"TOR-80 (TOR-80 LSL) Probador de voltaje de ruptura"},"content":{"rendered":"","protected":false},"excerpt":{"rendered":"<p>La unidad TOR-80 est\u00e1 dise\u00f1ada para la medici\u00f3n automatizada y precisa de la rigidez diel\u00e9ctrica (tensi\u00f3n de ruptura de hasta 80\u202fkV) del aceite de transformador y otros fluidos diel\u00e9ctricos seg\u00fan IEC 60156, ASTM D877 y ASTM D1816. Puede funcionar de manera aut\u00f3noma o en red, transfiriendo los resultados a un PC para crear una base de datos local, generar informes, trazar gr\u00e1ficos e imprimir resultados. El dispositivo es totalmente autom\u00e1tico y admite pruebas tanto seg\u00fan procedimientos est\u00e1ndar como seg\u00fan procedimientos personalizados definidos por el usuario.<\/p>\n","protected":false},"author":7,"featured_media":101414,"parent":31947,"menu_order":0,"comment_status":"closed","ping_status":"closed","template":"templates\/single-product.php","meta":{"_acf_changed":false,"_bbp_topic_count":0,"_bbp_reply_count":0,"_bbp_total_topic_count":0,"_bbp_total_reply_count":0,"_bbp_voice_count":0,"_bbp_anonymous_reply_count":0,"_bbp_topic_count_hidden":0,"_bbp_reply_count_hidden":0,"_bbp_forum_subforum_count":0,"footnotes":""},"categories":[1635],"class_list":["post-32168","page","type-page","status-publish","has-post-thumbnail","hentry","category-instrumentos","oil_type-aceite-de-silicona","oil_type-aceite-para-transformadores","oil_type-fluido-dielectrico-fr3","oil_type-fluido-dielectrico-midel-7131","process_type-test-de-tension-de-ruptura"],"acf":[],"language":"es","_links":{"self":[{"href":"https:\/\/globecore.com\/es\/wp-json\/wp\/v2\/pages\/32168","targetHints":{"allow":["GET"]}}],"collection":[{"href":"https:\/\/globecore.com\/es\/wp-json\/wp\/v2\/pages"}],"about":[{"href":"https:\/\/globecore.com\/es\/wp-json\/wp\/v2\/types\/page"}],"author":[{"embeddable":true,"href":"https:\/\/globecore.com\/es\/wp-json\/wp\/v2\/users\/7"}],"replies":[{"embeddable":true,"href":"https:\/\/globecore.com\/es\/wp-json\/wp\/v2\/comments?post=32168"}],"version-history":[{"count":2,"href":"https:\/\/globecore.com\/es\/wp-json\/wp\/v2\/pages\/32168\/revisions"}],"predecessor-version":[{"id":336214,"href":"https:\/\/globecore.com\/es\/wp-json\/wp\/v2\/pages\/32168\/revisions\/336214"}],"up":[{"embeddable":true,"href":"https:\/\/globecore.com\/es\/wp-json\/wp\/v2\/pages\/31947"}],"wp:featuredmedia":[{"embeddable":true,"href":"https:\/\/globecore.com\/es\/wp-json\/wp\/v2\/media\/101414"}],"wp:attachment":[{"href":"https:\/\/globecore.com\/es\/wp-json\/wp\/v2\/media?parent=32168"}],"wp:term":[{"taxonomy":"category","embeddable":true,"href":"https:\/\/globecore.com\/es\/wp-json\/wp\/v2\/categories?post=32168"}],"curies":[{"name":"wp","href":"https:\/\/api.w.org\/{rel}","templated":true}]}}