{"id":321774,"date":"2025-07-21T10:26:14","date_gmt":"2025-07-21T10:26:14","guid":{"rendered":"https:\/\/globecore.com\/products\/desgasificacion-de-aceite\/cmm-17-oil-degassing-plant\/"},"modified":"2026-03-06T07:41:06","modified_gmt":"2026-03-06T07:41:06","slug":"cmm-15-oil-degassing-plant","status":"publish","type":"page","link":"https:\/\/globecore.com\/es\/products\/desgasificacion-de-aceite\/cmm-15-oil-degassing-plant\/","title":{"rendered":"CMM-15 Planta de desgasificaci\u00f3n de aceite"},"content":{"rendered":"","protected":false},"excerpt":{"rendered":"<p>La planta CMM-15 est\u00e1 dise\u00f1ada para desgasificaci\u00f3n, eliminaci\u00f3n de s\u00f3lidos y calentamiento de aceite para transformadores de potencia con tensiones de hasta 1.150\u202fkV. La unidad tiene una capacidad de procesamiento de 15.000 litros por hora. Est\u00e1 construida como un sistema aut\u00f3nomo, con todos los componentes y conjuntos operativos protegidos por paneles met\u00e1licos y equipada con puertas laterales y traseras con resortes de gas para un f\u00e1cil acceso.<\/p>\n","protected":false},"author":7,"featured_media":321775,"parent":11838,"menu_order":0,"comment_status":"closed","ping_status":"closed","template":"templates\/single-product.php","meta":{"_acf_changed":false,"_bbp_topic_count":0,"_bbp_reply_count":0,"_bbp_total_topic_count":0,"_bbp_total_reply_count":0,"_bbp_voice_count":0,"_bbp_anonymous_reply_count":0,"_bbp_topic_count_hidden":0,"_bbp_reply_count_hidden":0,"_bbp_forum_subforum_count":0,"footnotes":""},"categories":[1338],"class_list":["post-321774","page","type-page","status-publish","has-post-thumbnail","hentry","category-oil-maintenance-es","oil_type-aceite-de-silicona","oil_type-aceite-para-transformadores","oil_type-aceite-shell-diala","oil_type-fluido-dielectrico-fr3","oil_type-fluido-dielectrico-midel-7131","oil_type-fluido-resistente-al-fuego-fyrquel","process_type-desgasificacion","process_type-deshidratacion","process_type-filtracion"],"acf":[],"language":"es","_links":{"self":[{"href":"https:\/\/globecore.com\/es\/wp-json\/wp\/v2\/pages\/321774","targetHints":{"allow":["GET"]}}],"collection":[{"href":"https:\/\/globecore.com\/es\/wp-json\/wp\/v2\/pages"}],"about":[{"href":"https:\/\/globecore.com\/es\/wp-json\/wp\/v2\/types\/page"}],"author":[{"embeddable":true,"href":"https:\/\/globecore.com\/es\/wp-json\/wp\/v2\/users\/7"}],"replies":[{"embeddable":true,"href":"https:\/\/globecore.com\/es\/wp-json\/wp\/v2\/comments?post=321774"}],"version-history":[{"count":1,"href":"https:\/\/globecore.com\/es\/wp-json\/wp\/v2\/pages\/321774\/revisions"}],"predecessor-version":[{"id":336048,"href":"https:\/\/globecore.com\/es\/wp-json\/wp\/v2\/pages\/321774\/revisions\/336048"}],"up":[{"embeddable":true,"href":"https:\/\/globecore.com\/es\/wp-json\/wp\/v2\/pages\/11838"}],"wp:featuredmedia":[{"embeddable":true,"href":"https:\/\/globecore.com\/es\/wp-json\/wp\/v2\/media\/321775"}],"wp:attachment":[{"href":"https:\/\/globecore.com\/es\/wp-json\/wp\/v2\/media?parent=321774"}],"wp:term":[{"taxonomy":"category","embeddable":true,"href":"https:\/\/globecore.com\/es\/wp-json\/wp\/v2\/categories?post=321774"}],"curies":[{"name":"wp","href":"https:\/\/api.w.org\/{rel}","templated":true}]}}