{"id":32277,"date":"2020-11-24T14:44:52","date_gmt":"2020-11-24T14:44:52","guid":{"rendered":"https:\/\/globecore.com\/products\/instruments\/liquid-insulation-dissipation-factor-and-dielectric-factor-measurement-unit-tiar\/"},"modified":"2026-03-06T13:29:20","modified_gmt":"2026-03-06T13:29:20","slug":"liquid-insulation-dissipation-factor-and-dielectric-factor-measurement-unit-tiar","status":"publish","type":"page","link":"https:\/\/globecore.com\/es\/products\/instrumentos\/liquid-insulation-dissipation-factor-and-dielectric-factor-measurement-unit-tiar\/","title":{"rendered":"TOR-3 (TOR-3 LSL) Tangente Delta del aceite"},"content":{"rendered":"","protected":false},"excerpt":{"rendered":"<p>El TOR-3 est\u00e1 dise\u00f1ado para determinar el factor de p\u00e9rdida diel\u00e9ctrica, la resistividad espec\u00edfica y la permitividad de los aceites de transformador y otros fluidos diel\u00e9ctricos, de acuerdo con IEC 60247-2004-02 (VDE-0380-2:2005_01), ASTM D924-08 y ASTM D1169-02. Es un dispositivo totalmente autom\u00e1tico, que permite realizar pruebas seg\u00fan las normas especificadas o procedimientos definidos por el usuario. El proceso de medici\u00f3n est\u00e1 controlado por computadora, con la capacidad de guardar e imprimir los resultados. La unidad tambi\u00e9n puede estar equipada con el software Tangent Service, que permite ver los resultados en l\u00ednea y acceder a mediciones archivadas en forma gr\u00e1fica o num\u00e9rica.<\/p>\n","protected":false},"author":7,"featured_media":40565,"parent":31947,"menu_order":0,"comment_status":"closed","ping_status":"closed","template":"templates\/single-product.php","meta":{"_acf_changed":false,"_bbp_topic_count":0,"_bbp_reply_count":0,"_bbp_total_topic_count":0,"_bbp_total_reply_count":0,"_bbp_voice_count":0,"_bbp_anonymous_reply_count":0,"_bbp_topic_count_hidden":0,"_bbp_reply_count_hidden":0,"_bbp_forum_subforum_count":0,"footnotes":""},"categories":[1635],"class_list":["post-32277","page","type-page","status-publish","has-post-thumbnail","hentry","category-instrumentos","oil_type-aceite-de-silicona","oil_type-aceite-para-transformadores","oil_type-fluido-dielectrico-fr3","oil_type-fluido-dielectrico-midel-7131","process_type-test-de-permitividad","process_type-test-de-resistividad-especifica","process_type-test-tan-delta"],"acf":[],"language":"es","_links":{"self":[{"href":"https:\/\/globecore.com\/es\/wp-json\/wp\/v2\/pages\/32277","targetHints":{"allow":["GET"]}}],"collection":[{"href":"https:\/\/globecore.com\/es\/wp-json\/wp\/v2\/pages"}],"about":[{"href":"https:\/\/globecore.com\/es\/wp-json\/wp\/v2\/types\/page"}],"author":[{"embeddable":true,"href":"https:\/\/globecore.com\/es\/wp-json\/wp\/v2\/users\/7"}],"replies":[{"embeddable":true,"href":"https:\/\/globecore.com\/es\/wp-json\/wp\/v2\/comments?post=32277"}],"version-history":[{"count":1,"href":"https:\/\/globecore.com\/es\/wp-json\/wp\/v2\/pages\/32277\/revisions"}],"predecessor-version":[{"id":336192,"href":"https:\/\/globecore.com\/es\/wp-json\/wp\/v2\/pages\/32277\/revisions\/336192"}],"up":[{"embeddable":true,"href":"https:\/\/globecore.com\/es\/wp-json\/wp\/v2\/pages\/31947"}],"wp:featuredmedia":[{"embeddable":true,"href":"https:\/\/globecore.com\/es\/wp-json\/wp\/v2\/media\/40565"}],"wp:attachment":[{"href":"https:\/\/globecore.com\/es\/wp-json\/wp\/v2\/media?parent=32277"}],"wp:term":[{"taxonomy":"category","embeddable":true,"href":"https:\/\/globecore.com\/es\/wp-json\/wp\/v2\/categories?post=32277"}],"curies":[{"name":"wp","href":"https:\/\/api.w.org\/{rel}","templated":true}]}}