{"id":32398,"date":"2020-12-24T13:11:48","date_gmt":"2020-12-24T13:11:48","guid":{"rendered":"https:\/\/globecore.com\/products\/instruments\/toet-2-tester-for-moisture-and-hydrogen-content-measurement-in-transformer-oil\/"},"modified":"2026-03-06T12:48:36","modified_gmt":"2026-03-06T12:48:36","slug":"toet-2-tester-for-moisture-and-hydrogen-content-measurement-in-transformer-oil","status":"publish","type":"page","link":"https:\/\/globecore.com\/es\/products\/instrumentos\/toet-2-tester-for-moisture-and-hydrogen-content-measurement-in-transformer-oil\/","title":{"rendered":"TOR-2 Medici\u00f3n y monitoreo de la humedad en el aceite"},"content":{"rendered":"","protected":false},"excerpt":{"rendered":"<p>El TOR-2 es un tester expr\u00e9s de aceite para transformadores dise\u00f1ado para medir el contenido de humedad e hidr\u00f3geno en aceites aislantes minerales y a base de \u00e9ter. El monitoreo continuo del hidr\u00f3geno permite la detecci\u00f3n temprana de posibles da\u00f1os en el transformador, ayudando a prevenir fallas. La humedad y el hidr\u00f3geno se miden en partes por mill\u00f3n (ppm), y la presencia de otros gases en el aceite no afecta la precisi\u00f3n de la medici\u00f3n. Su alta velocidad de medici\u00f3n hace del TOR-2 una soluci\u00f3n ideal para el control regular in situ del contenido de humedad en aceites de transformadores.<\/p>\n","protected":false},"author":7,"featured_media":129726,"parent":31947,"menu_order":0,"comment_status":"closed","ping_status":"closed","template":"templates\/single-product.php","meta":{"_acf_changed":false,"_bbp_topic_count":0,"_bbp_reply_count":0,"_bbp_total_topic_count":0,"_bbp_total_reply_count":0,"_bbp_voice_count":0,"_bbp_anonymous_reply_count":0,"_bbp_topic_count_hidden":0,"_bbp_reply_count_hidden":0,"_bbp_forum_subforum_count":0,"footnotes":""},"categories":[1635],"class_list":["post-32398","page","type-page","status-publish","has-post-thumbnail","hentry","category-instrumentos","oil_type-aceite-hidraulico","oil_type-aceite-industrial","oil_type-aceite-para-transformadores","oil_type-combustible-diesel","process_type-test-de-hidrogeno","process_type-test-de-humedad"],"acf":[],"language":"es","_links":{"self":[{"href":"https:\/\/globecore.com\/es\/wp-json\/wp\/v2\/pages\/32398","targetHints":{"allow":["GET"]}}],"collection":[{"href":"https:\/\/globecore.com\/es\/wp-json\/wp\/v2\/pages"}],"about":[{"href":"https:\/\/globecore.com\/es\/wp-json\/wp\/v2\/types\/page"}],"author":[{"embeddable":true,"href":"https:\/\/globecore.com\/es\/wp-json\/wp\/v2\/users\/7"}],"replies":[{"embeddable":true,"href":"https:\/\/globecore.com\/es\/wp-json\/wp\/v2\/comments?post=32398"}],"version-history":[{"count":1,"href":"https:\/\/globecore.com\/es\/wp-json\/wp\/v2\/pages\/32398\/revisions"}],"predecessor-version":[{"id":336182,"href":"https:\/\/globecore.com\/es\/wp-json\/wp\/v2\/pages\/32398\/revisions\/336182"}],"up":[{"embeddable":true,"href":"https:\/\/globecore.com\/es\/wp-json\/wp\/v2\/pages\/31947"}],"wp:featuredmedia":[{"embeddable":true,"href":"https:\/\/globecore.com\/es\/wp-json\/wp\/v2\/media\/129726"}],"wp:attachment":[{"href":"https:\/\/globecore.com\/es\/wp-json\/wp\/v2\/media?parent=32398"}],"wp:term":[{"taxonomy":"category","embeddable":true,"href":"https:\/\/globecore.com\/es\/wp-json\/wp\/v2\/categories?post=32398"}],"curies":[{"name":"wp","href":"https:\/\/api.w.org\/{rel}","templated":true}]}}