{"id":326674,"date":"2025-10-24T15:37:47","date_gmt":"2025-10-24T15:37:47","guid":{"rendered":"https:\/\/globecore.com\/?page_id=326674"},"modified":"2025-10-24T15:38:52","modified_gmt":"2025-10-24T15:38:52","slug":"cookie-policy","status":"publish","type":"page","link":"https:\/\/globecore.com\/es\/cookie-policy\/","title":{"rendered":"Pol\u00edtica de Cookies"},"content":{"rendered":"<p>Acerca de esta pol\u00edtica de cookies<\/p>\n<p>Esta Pol\u00edtica de Cookies explica qu\u00e9 son las cookies y c\u00f3mo las usamos. Le recomendamos leer esta pol\u00edtica para comprender qu\u00e9 son las cookies, c\u00f3mo las usamos, los tipos de cookies que utilizamos (es decir, la informaci\u00f3n que recopilamos mediante cookies, c\u00f3mo se utiliza dicha informaci\u00f3n y c\u00f3mo controlar las preferencias de cookies). Para obtener m\u00e1s informaci\u00f3n sobre c\u00f3mo usamos, almacenamos y mantenemos seguros sus datos personales, consulte nuestra Pol\u00edtica de Privacidad.<\/p>\n<p>Puede cambiar o retirar su consentimiento en cualquier momento desde la Declaraci\u00f3n de Cookies en nuestro sitio web.<br \/>\nObtenga m\u00e1s informaci\u00f3n sobre qui\u00e9nes somos, c\u00f3mo puede contactarnos y c\u00f3mo procesamos sus datos personales en nuestra Pol\u00edtica de Privacidad.<br \/>\nSu consentimiento se aplica a los siguientes dominios: globecore.com<br \/>\n[user_consent_state]<\/p>\n<p>\u00bfQu\u00e9 son las cookies?<br \/>\nLas cookies son peque\u00f1os archivos de texto que se utilizan para almacenar informaci\u00f3n. Las cookies se almacenan en su dispositivo cuando el sitio web se carga en su navegador. Estas cookies nos ayudan a mejorar el funcionamiento del sitio web, a hacerlo m\u00e1s seguro, a brindar una mejor experiencia de usuario, a comprender su rendimiento y a analizar qu\u00e9 funciona y d\u00f3nde necesita mejoras. \u00bfC\u00f3mo usamos las cookies?<\/p>\n<p>Como la mayor\u00eda de los servicios en l\u00ednea, nuestro sitio web utiliza cookies propias y de terceros para diversos fines. Las cookies propias son principalmente necesarias para el correcto funcionamiento del sitio web y no recopilan datos personales.<\/p>\n<p>Las cookies de terceros que utilizamos en nuestros sitios web se utilizan principalmente para comprender el rendimiento del sitio web, c\u00f3mo interact\u00faa con \u00e9l, mantener la seguridad de nuestros servicios, mostrarle anuncios relevantes y, en general, brindarle una mejor experiencia de usuario y agilizar sus futuras interacciones con nuestro sitio web.<\/p>\n<p>\u00bfQu\u00e9 tipos de cookies utilizamos?<\/p>\n<p>Esenciales: Algunas cookies son esenciales para que pueda experimentar la funcionalidad completa de nuestro sitio. Nos permiten mantener las sesiones de usuario y prevenir cualquier amenaza de seguridad. No recopilan ni almacenan informaci\u00f3n personal. Por ejemplo, estas cookies le permiten iniciar sesi\u00f3n en su cuenta, agregar productos a su carrito y realizar el pago de forma segura.<\/p>\n<p>Estad\u00edsticas: Estas cookies almacenan informaci\u00f3n como el n\u00famero de visitantes del sitio web, el n\u00famero de visitantes \u00fanicos, las p\u00e1ginas visitadas, el origen de la visita, etc. Estos datos nos ayudan a comprender y analizar el rendimiento del sitio web y las \u00e1reas de mejora.<\/p>\n<p>Marketing: Nuestro sitio web muestra anuncios. Estas cookies se utilizan para personalizar los anuncios que le mostramos para que sean relevantes para usted. Estas cookies tambi\u00e9n nos ayudan a realizar un seguimiento de la eficacia de estas campa\u00f1as publicitarias.<br \/>\nLa informaci\u00f3n almacenada en estas cookies tambi\u00e9n puede ser utilizada por proveedores de publicidad externos para mostrarle anuncios en otros sitios web en su navegador.<\/p>\n<p>Funcionales: Estas cookies facilitan ciertas funcionalidades no esenciales de nuestro sitio web. Estas funcionalidades incluyen la inserci\u00f3n de contenido como v\u00eddeos o compartir contenido del sitio web en redes sociales.<\/p>\n<p>Preferencias: Estas cookies nos ayudan a almacenar su configuraci\u00f3n y preferencias de navegaci\u00f3n, como las preferencias de idioma, para que tenga una experiencia mejor y m\u00e1s eficiente en futuras visitas al sitio web.<\/p>\n<p>\u00bfC\u00f3mo puedo controlar las preferencias de cookies?<\/p>\n<p>Si decide cambiar sus preferencias m\u00e1s adelante durante su sesi\u00f3n de navegaci\u00f3n, puede hacer clic en la pesta\u00f1a \u00abPol\u00edtica de Privacidad y Cookies\u00bb en su pantalla. Esto mostrar\u00e1 de nuevo el aviso de consentimiento, que le permitir\u00e1 cambiar sus preferencias o retirar su consentimiento por completo.<\/p>\n<p>Adem\u00e1s, cada navegador ofrece diferentes m\u00e9todos para bloquear y eliminar las cookies utilizadas por los sitios web. Puede cambiar la configuraci\u00f3n de su navegador para bloquear o eliminar las cookies. Para obtener m\u00e1s informaci\u00f3n sobre c\u00f3mo administrar y eliminar las cookies, visite wikipedia.org, www.allaboutcookies.org.<\/p>\n","protected":false},"excerpt":{"rendered":"<p>Acerca de esta pol\u00edtica de cookies Esta Pol\u00edtica de Cookies explica qu\u00e9 son las cookies y c\u00f3mo las usamos. Le recomendamos leer esta pol\u00edtica para comprender qu\u00e9 son las cookies, c\u00f3mo las usamos, los tipos de cookies que utilizamos (es decir, la informaci\u00f3n que recopilamos mediante cookies, c\u00f3mo se utiliza dicha informaci\u00f3n y c\u00f3mo controlar<a class=\"cg-read-more\" href=\"https:\/\/globecore.com\/es\/cookie-policy\/\" target=\"_blank\">Leer m\u00e1s <\/a><\/p>\n","protected":false},"author":41,"featured_media":0,"parent":0,"menu_order":0,"comment_status":"closed","ping_status":"closed","template":"templates\/privacy.php","meta":{"_acf_changed":false,"_bbp_topic_count":0,"_bbp_reply_count":0,"_bbp_total_topic_count":0,"_bbp_total_reply_count":0,"_bbp_voice_count":0,"_bbp_anonymous_reply_count":0,"_bbp_topic_count_hidden":0,"_bbp_reply_count_hidden":0,"_bbp_forum_subforum_count":0,"footnotes":""},"categories":[],"class_list":["post-326674","page","type-page","status-publish","hentry"],"acf":[],"language":"es","_links":{"self":[{"href":"https:\/\/globecore.com\/es\/wp-json\/wp\/v2\/pages\/326674","targetHints":{"allow":["GET"]}}],"collection":[{"href":"https:\/\/globecore.com\/es\/wp-json\/wp\/v2\/pages"}],"about":[{"href":"https:\/\/globecore.com\/es\/wp-json\/wp\/v2\/types\/page"}],"author":[{"embeddable":true,"href":"https:\/\/globecore.com\/es\/wp-json\/wp\/v2\/users\/41"}],"replies":[{"embeddable":true,"href":"https:\/\/globecore.com\/es\/wp-json\/wp\/v2\/comments?post=326674"}],"version-history":[{"count":0,"href":"https:\/\/globecore.com\/es\/wp-json\/wp\/v2\/pages\/326674\/revisions"}],"wp:attachment":[{"href":"https:\/\/globecore.com\/es\/wp-json\/wp\/v2\/media?parent=326674"}],"wp:term":[{"taxonomy":"category","embeddable":true,"href":"https:\/\/globecore.com\/es\/wp-json\/wp\/v2\/categories?post=326674"}],"curies":[{"name":"wp","href":"https:\/\/api.w.org\/{rel}","templated":true}]}}