{"id":33585,"date":"2021-02-15T06:56:53","date_gmt":"2021-02-15T06:56:53","guid":{"rendered":"https:\/\/globecore.com\/products\/blending-systems\/impeller-stirrer-usb-4\/"},"modified":"2026-03-06T14:47:25","modified_gmt":"2026-03-06T14:47:25","slug":"impeller-stirrer-usb-4","status":"publish","type":"page","link":"https:\/\/globecore.com\/es\/products\/sistemas-de-mezcla\/impeller-stirrer-usb-4\/","title":{"rendered":"USB-6 Mezcladora de paletas"},"content":{"rendered":"","protected":false},"excerpt":{"rendered":"<p>El agitador de paletas USB-6 est\u00e1 dise\u00f1ado para mezclar l\u00edquidos en recipientes o tanques. Es altamente vers\u00e1til y puede utilizarse para producir emulsiones y suspensiones, disolver s\u00f3lidos (hasta un 50\u202f% de contenido de part\u00edculas), mejorar la transferencia de calor, igualar la temperatura y mezclar materiales fibrosos. Los agitadores se pueden instalar en diversos recipientes para adaptarse a diferentes necesidades de producci\u00f3n.<\/p>\n","protected":false},"author":7,"featured_media":33655,"parent":33580,"menu_order":0,"comment_status":"closed","ping_status":"closed","template":"templates\/single-product.php","meta":{"_acf_changed":false,"_bbp_topic_count":0,"_bbp_reply_count":0,"_bbp_total_topic_count":0,"_bbp_total_reply_count":0,"_bbp_voice_count":0,"_bbp_anonymous_reply_count":0,"_bbp_topic_count_hidden":0,"_bbp_reply_count_hidden":0,"_bbp_forum_subforum_count":0,"footnotes":""},"categories":[1392],"class_list":["post-33585","page","type-page","status-publish","has-post-thumbnail","hentry","category-mezcla-combinacion","oil_type-industria-alimentaria","oil_type-industria-cosmetica","oil_type-industria-de-la-construccion","oil_type-industria-farmaceutica-es","oil_type-industria-petrolera","oil_type-industria-quimica-es","process_type-mezcla"],"acf":[],"language":"es","_links":{"self":[{"href":"https:\/\/globecore.com\/es\/wp-json\/wp\/v2\/pages\/33585","targetHints":{"allow":["GET"]}}],"collection":[{"href":"https:\/\/globecore.com\/es\/wp-json\/wp\/v2\/pages"}],"about":[{"href":"https:\/\/globecore.com\/es\/wp-json\/wp\/v2\/types\/page"}],"author":[{"embeddable":true,"href":"https:\/\/globecore.com\/es\/wp-json\/wp\/v2\/users\/7"}],"replies":[{"embeddable":true,"href":"https:\/\/globecore.com\/es\/wp-json\/wp\/v2\/comments?post=33585"}],"version-history":[{"count":2,"href":"https:\/\/globecore.com\/es\/wp-json\/wp\/v2\/pages\/33585\/revisions"}],"predecessor-version":[{"id":336260,"href":"https:\/\/globecore.com\/es\/wp-json\/wp\/v2\/pages\/33585\/revisions\/336260"}],"up":[{"embeddable":true,"href":"https:\/\/globecore.com\/es\/wp-json\/wp\/v2\/pages\/33580"}],"wp:featuredmedia":[{"embeddable":true,"href":"https:\/\/globecore.com\/es\/wp-json\/wp\/v2\/media\/33655"}],"wp:attachment":[{"href":"https:\/\/globecore.com\/es\/wp-json\/wp\/v2\/media?parent=33585"}],"wp:term":[{"taxonomy":"category","embeddable":true,"href":"https:\/\/globecore.com\/es\/wp-json\/wp\/v2\/categories?post=33585"}],"curies":[{"name":"wp","href":"https:\/\/api.w.org\/{rel}","templated":true}]}}