{"id":33879,"date":"2021-03-11T09:36:31","date_gmt":"2021-03-11T09:36:31","guid":{"rendered":"https:\/\/globecore.com\/products\/oil-filtration-pumping\/cmm-1lt-transformer-oil-purification-unit\/"},"modified":"2026-03-06T06:06:43","modified_gmt":"2026-03-06T06:06:43","slug":"cmm-1lt-transformer-oil-purification-unit","status":"publish","type":"page","link":"https:\/\/globecore.com\/es\/products\/desgasificacion-de-aceite\/cmm-1lt-transformer-oil-purification-unit\/","title":{"rendered":"CMM-1.0LT M\u00e1quina de purificaci\u00f3n de aceite del transformador"},"content":{"rendered":"","protected":false},"excerpt":{"rendered":"<p>La unidad CMM-1.0LT est\u00e1 dise\u00f1ada para el secado termovacuo y la filtraci\u00f3n de aceites industriales utilizados en sistemas de lubricaci\u00f3n, sellado y control hidr\u00e1ulico de unidades de turbinas de gas y compresores de gas, compresores de pist\u00f3n de gas, as\u00ed como en transformadores. Adem\u00e1s de purificar el aceite, la unidad puede emplearse para calentar y secar equipos el\u00e9ctricos llenos de aceite.<br \/>\nBajo la acci\u00f3n del vac\u00edo, el aceite pasa a trav\u00e9s de un filtro grueso con una finura de 200 \u03bcm, y luego entra en un tanque de vac\u00edo con un calentador incorporado. El aceite calentado se distribuye sobre rellenos especiales, donde la humedad y los gases se eliminan de manera eficiente en el vac\u00edo. Luego, el aceite se bombea desde la parte inferior del tanque a trav\u00e9s de dos filtros finos con una finura seleccionable de 5, 3, 1 o 0,3 \u03bcm y se entrega a la salida. La ubicaci\u00f3n del calentador dentro de la c\u00e1mara de vac\u00edo y la disposici\u00f3n optimizada garantizan dimensiones compactas de la unidad y reducen las p\u00e9rdidas de calor.<\/p>\n","protected":false},"author":7,"featured_media":33820,"parent":11838,"menu_order":0,"comment_status":"closed","ping_status":"closed","template":"templates\/single-product.php","meta":{"_acf_changed":false,"_bbp_topic_count":0,"_bbp_reply_count":0,"_bbp_total_topic_count":0,"_bbp_total_reply_count":0,"_bbp_voice_count":0,"_bbp_anonymous_reply_count":0,"_bbp_topic_count_hidden":0,"_bbp_reply_count_hidden":0,"_bbp_forum_subforum_count":0,"footnotes":""},"categories":[1338],"class_list":["post-33879","page","type-page","status-publish","has-post-thumbnail","hentry","category-oil-maintenance-es","oil_type-aceite-de-silicona","oil_type-aceite-de-transmision","oil_type-aceite-hidraulico","oil_type-aceite-industrial","oil_type-aceite-para-cables","oil_type-aceite-para-compresores","oil_type-aceite-para-transformadores","oil_type-aceite-para-turbinas","oil_type-aceite-shell-diala","oil_type-fluido-dielectrico-fr3","oil_type-fluido-dielectrico-midel-7131","oil_type-fluido-resistente-al-fuego-fyrquel","process_type-desgasificacion","process_type-deshidratacion","process_type-filtracion"],"acf":[],"language":"es","_links":{"self":[{"href":"https:\/\/globecore.com\/es\/wp-json\/wp\/v2\/pages\/33879","targetHints":{"allow":["GET"]}}],"collection":[{"href":"https:\/\/globecore.com\/es\/wp-json\/wp\/v2\/pages"}],"about":[{"href":"https:\/\/globecore.com\/es\/wp-json\/wp\/v2\/types\/page"}],"author":[{"embeddable":true,"href":"https:\/\/globecore.com\/es\/wp-json\/wp\/v2\/users\/7"}],"replies":[{"embeddable":true,"href":"https:\/\/globecore.com\/es\/wp-json\/wp\/v2\/comments?post=33879"}],"version-history":[{"count":2,"href":"https:\/\/globecore.com\/es\/wp-json\/wp\/v2\/pages\/33879\/revisions"}],"predecessor-version":[{"id":336000,"href":"https:\/\/globecore.com\/es\/wp-json\/wp\/v2\/pages\/33879\/revisions\/336000"}],"up":[{"embeddable":true,"href":"https:\/\/globecore.com\/es\/wp-json\/wp\/v2\/pages\/11838"}],"wp:featuredmedia":[{"embeddable":true,"href":"https:\/\/globecore.com\/es\/wp-json\/wp\/v2\/media\/33820"}],"wp:attachment":[{"href":"https:\/\/globecore.com\/es\/wp-json\/wp\/v2\/media?parent=33879"}],"wp:term":[{"taxonomy":"category","embeddable":true,"href":"https:\/\/globecore.com\/es\/wp-json\/wp\/v2\/categories?post=33879"}],"curies":[{"name":"wp","href":"https:\/\/api.w.org\/{rel}","templated":true}]}}