{"id":36575,"date":"2021-04-22T07:33:33","date_gmt":"2021-04-22T07:33:33","guid":{"rendered":"https:\/\/globecore.com\/products\/armario-de-vacio-para-deshumidificacion-de-aislamiento-transformadores\/zeolite-drying-cabinet-ssc\/"},"modified":"2026-03-06T12:19:06","modified_gmt":"2026-03-06T12:19:06","slug":"zeolite-drying-cabinet-ssc","status":"publish","type":"page","link":"https:\/\/globecore.com\/es\/products\/zeolite-regeneration-and-drying\/zeolite-drying-cabinet-ssc\/","title":{"rendered":"SSC-15 Cabinas de secado de zeolita"},"content":{"rendered":"","protected":false},"excerpt":{"rendered":"<p>El gabinete de secado de zeolita SSC-15 est\u00e1 dise\u00f1ado para empresas el\u00e9ctricas y plantas de procesamiento de gas y se utiliza para el secado preliminar de zeolita empleada en la deshidrataci\u00f3n profunda de fuel\u00f3leos y gas natural. El gabinete de acero incluye una c\u00e1mara de secado con aislamiento t\u00e9rmico y 12 bandejas. Dos unidades de calefacci\u00f3n est\u00e1n instaladas a ambos lados de la c\u00e1mara, mientras que un ventilador ubicado en el panel posterior garantiza un flujo continuo de aire desde los calentadores el\u00e9ctricos a trav\u00e9s de aberturas laterales para una distribuci\u00f3n uniforme del calor. El proceso de secado es controlado por una unidad modular instalada cerca del gabinete. A solicitud del cliente, el equipo puede equiparse con elementos calefactores de hasta 800 \u00b0C y con un sistema autom\u00e1tico de bloqueo de puerta que impide su apertura hasta que se enfr\u00ede.<\/p>\n","protected":false},"author":7,"featured_media":29043,"parent":112674,"menu_order":0,"comment_status":"closed","ping_status":"closed","template":"templates\/single-product.php","meta":{"_acf_changed":false,"_bbp_topic_count":0,"_bbp_reply_count":0,"_bbp_total_topic_count":0,"_bbp_total_reply_count":0,"_bbp_voice_count":0,"_bbp_anonymous_reply_count":0,"_bbp_topic_count_hidden":0,"_bbp_reply_count_hidden":0,"_bbp_forum_subforum_count":0,"footnotes":""},"categories":[1338],"class_list":["post-36575","page","type-page","status-publish","has-post-thumbnail","hentry","category-oil-maintenance-es","oil_type-sorbente-es","process_type-deshidratacion"],"acf":[],"language":"es","_links":{"self":[{"href":"https:\/\/globecore.com\/es\/wp-json\/wp\/v2\/pages\/36575","targetHints":{"allow":["GET"]}}],"collection":[{"href":"https:\/\/globecore.com\/es\/wp-json\/wp\/v2\/pages"}],"about":[{"href":"https:\/\/globecore.com\/es\/wp-json\/wp\/v2\/types\/page"}],"author":[{"embeddable":true,"href":"https:\/\/globecore.com\/es\/wp-json\/wp\/v2\/users\/7"}],"replies":[{"embeddable":true,"href":"https:\/\/globecore.com\/es\/wp-json\/wp\/v2\/comments?post=36575"}],"version-history":[{"count":2,"href":"https:\/\/globecore.com\/es\/wp-json\/wp\/v2\/pages\/36575\/revisions"}],"predecessor-version":[{"id":336165,"href":"https:\/\/globecore.com\/es\/wp-json\/wp\/v2\/pages\/36575\/revisions\/336165"}],"up":[{"embeddable":true,"href":"https:\/\/globecore.com\/es\/wp-json\/wp\/v2\/pages\/112674"}],"wp:featuredmedia":[{"embeddable":true,"href":"https:\/\/globecore.com\/es\/wp-json\/wp\/v2\/media\/29043"}],"wp:attachment":[{"href":"https:\/\/globecore.com\/es\/wp-json\/wp\/v2\/media?parent=36575"}],"wp:term":[{"taxonomy":"category","embeddable":true,"href":"https:\/\/globecore.com\/es\/wp-json\/wp\/v2\/categories?post=36575"}],"curies":[{"name":"wp","href":"https:\/\/api.w.org\/{rel}","templated":true}]}}