{"id":36579,"date":"2021-04-22T06:57:22","date_gmt":"2021-04-22T06:57:22","guid":{"rendered":"https:\/\/globecore.com\/products\/magnetic-mill\/avsp-100-vortex-layer-device-semi-automated\/"},"modified":"2026-04-10T11:39:16","modified_gmt":"2026-04-10T11:39:16","slug":"avsp-100-vortex-layer-device-semi-automated","status":"publish","type":"page","link":"https:\/\/globecore.com\/es\/products\/molino-magnetico\/avsp-100-vortex-layer-device-semi-automated\/","title":{"rendered":"AVSp-100 Aparato de capa v\u00f3rtex (semiautom\u00e1tico)"},"content":{"rendered":"","protected":false},"excerpt":{"rendered":"<p>GlobeCore es la \u00fanica empresa de alta tecnolog\u00eda en el mundo que fabrica dispositivos industriales de capa de v\u00f3rtice con un rendimiento comprobado en aplicaciones reales. El dispositivo de capa de v\u00f3rtice AVSp-100 (versi\u00f3n semiautomatizada, capacidad de hasta 50 kg\/h) est\u00e1 dise\u00f1ado para la dispersi\u00f3n c\u00edclica de sistemas multicomponentes y la mezcla de materiales secos de flujo libre, excluyendo mezclas explosivas. Es adecuado para fines de investigaci\u00f3n en plantas piloto y laboratorios, permitiendo el procesamiento de una amplia gama de productos en peque\u00f1os lotes.<\/p>\n","protected":false},"author":7,"featured_media":36023,"parent":12521,"menu_order":0,"comment_status":"closed","ping_status":"closed","template":"templates\/single-product.php","meta":{"_acf_changed":false,"_bbp_topic_count":0,"_bbp_reply_count":0,"_bbp_total_topic_count":0,"_bbp_total_reply_count":0,"_bbp_voice_count":0,"_bbp_anonymous_reply_count":0,"_bbp_topic_count_hidden":0,"_bbp_reply_count_hidden":0,"_bbp_forum_subforum_count":0,"footnotes":""},"categories":[1360],"class_list":["post-36579","page","type-page","status-publish","has-post-thumbnail","hentry","category-molienda","oil_type-industria-de-la-construccion","oil_type-industria-quimica-es","process_type-activacion","process_type-mezcla","process_type-molienda"],"acf":[],"language":"es","_links":{"self":[{"href":"https:\/\/globecore.com\/es\/wp-json\/wp\/v2\/pages\/36579","targetHints":{"allow":["GET"]}}],"collection":[{"href":"https:\/\/globecore.com\/es\/wp-json\/wp\/v2\/pages"}],"about":[{"href":"https:\/\/globecore.com\/es\/wp-json\/wp\/v2\/types\/page"}],"author":[{"embeddable":true,"href":"https:\/\/globecore.com\/es\/wp-json\/wp\/v2\/users\/7"}],"replies":[{"embeddable":true,"href":"https:\/\/globecore.com\/es\/wp-json\/wp\/v2\/comments?post=36579"}],"version-history":[{"count":2,"href":"https:\/\/globecore.com\/es\/wp-json\/wp\/v2\/pages\/36579\/revisions"}],"predecessor-version":[{"id":342619,"href":"https:\/\/globecore.com\/es\/wp-json\/wp\/v2\/pages\/36579\/revisions\/342619"}],"up":[{"embeddable":true,"href":"https:\/\/globecore.com\/es\/wp-json\/wp\/v2\/pages\/12521"}],"wp:featuredmedia":[{"embeddable":true,"href":"https:\/\/globecore.com\/es\/wp-json\/wp\/v2\/media\/36023"}],"wp:attachment":[{"href":"https:\/\/globecore.com\/es\/wp-json\/wp\/v2\/media?parent=36579"}],"wp:term":[{"taxonomy":"category","embeddable":true,"href":"https:\/\/globecore.com\/es\/wp-json\/wp\/v2\/categories?post=36579"}],"curies":[{"name":"wp","href":"https:\/\/api.w.org\/{rel}","templated":true}]}}