{"id":36584,"date":"2021-04-22T07:07:42","date_gmt":"2021-04-22T07:07:42","guid":{"rendered":"https:\/\/globecore.com\/products\/magnetic-mill\/avs-150k-wastewater-treatment-complex\/"},"modified":"2026-03-09T09:18:34","modified_gmt":"2026-03-09T09:18:34","slug":"avs-150k-wastewater-treatment-complex","status":"publish","type":"page","link":"https:\/\/globecore.com\/es\/products\/molino-magnetico\/avs-150k-wastewater-treatment-complex\/","title":{"rendered":"AVSk-150 Complejo de tratamiento de aguas residuales"},"content":{"rendered":"","protected":false},"excerpt":{"rendered":"<p>El complejo AVSk-150 est\u00e1 dise\u00f1ado para la purificaci\u00f3n de aguas residuales, eliminando eficazmente cromo hexavalente, hierro, fenoles, cianuros, ars\u00e9nico, fl\u00faor y otras impurezas. Cuenta con un dispositivo de capa v\u00f3rtice, donde part\u00edculas ferromagn\u00e9ticas se mueven a lo largo de trayectorias complejas bajo un campo electromagn\u00e9tico giratorio. Esto mejora el tratamiento f\u00edsico y qu\u00edmico mediante efectos ac\u00fasticos y electromagn\u00e9ticos, altas presiones locales por colisiones de part\u00edculas y reacciones qu\u00edmicas r\u00e1pidas que ocurren en segundos o fracciones de segundo.<\/p>\n","protected":false},"author":7,"featured_media":26839,"parent":12521,"menu_order":0,"comment_status":"closed","ping_status":"closed","template":"templates\/single-product.php","meta":{"_acf_changed":false,"_bbp_topic_count":0,"_bbp_reply_count":0,"_bbp_total_topic_count":0,"_bbp_total_reply_count":0,"_bbp_voice_count":0,"_bbp_anonymous_reply_count":0,"_bbp_topic_count_hidden":0,"_bbp_reply_count_hidden":0,"_bbp_forum_subforum_count":0,"footnotes":""},"categories":[1360],"class_list":["post-36584","page","type-page","status-publish","has-post-thumbnail","hentry","category-molienda","oil_type-tratamiento-de-aguas-residuales","process_type-activacion","process_type-mezcla","process_type-molienda"],"acf":[],"language":"es","_links":{"self":[{"href":"https:\/\/globecore.com\/es\/wp-json\/wp\/v2\/pages\/36584","targetHints":{"allow":["GET"]}}],"collection":[{"href":"https:\/\/globecore.com\/es\/wp-json\/wp\/v2\/pages"}],"about":[{"href":"https:\/\/globecore.com\/es\/wp-json\/wp\/v2\/types\/page"}],"author":[{"embeddable":true,"href":"https:\/\/globecore.com\/es\/wp-json\/wp\/v2\/users\/7"}],"replies":[{"embeddable":true,"href":"https:\/\/globecore.com\/es\/wp-json\/wp\/v2\/comments?post=36584"}],"version-history":[{"count":2,"href":"https:\/\/globecore.com\/es\/wp-json\/wp\/v2\/pages\/36584\/revisions"}],"predecessor-version":[{"id":341820,"href":"https:\/\/globecore.com\/es\/wp-json\/wp\/v2\/pages\/36584\/revisions\/341820"}],"up":[{"embeddable":true,"href":"https:\/\/globecore.com\/es\/wp-json\/wp\/v2\/pages\/12521"}],"wp:featuredmedia":[{"embeddable":true,"href":"https:\/\/globecore.com\/es\/wp-json\/wp\/v2\/media\/26839"}],"wp:attachment":[{"href":"https:\/\/globecore.com\/es\/wp-json\/wp\/v2\/media?parent=36584"}],"wp:term":[{"taxonomy":"category","embeddable":true,"href":"https:\/\/globecore.com\/es\/wp-json\/wp\/v2\/categories?post=36584"}],"curies":[{"name":"wp","href":"https:\/\/api.w.org\/{rel}","templated":true}]}}