{"id":36600,"date":"2021-04-26T10:30:27","date_gmt":"2021-04-26T10:30:27","guid":{"rendered":"https:\/\/globecore.com\/products\/oil-regenaration\/cmm-6r-light-transformer-oil-regeneration-unit\/"},"modified":"2026-03-05T13:53:54","modified_gmt":"2026-03-05T13:53:54","slug":"cmm-6r-light-transformer-oil-regeneration-unit","status":"publish","type":"page","link":"https:\/\/globecore.com\/es\/products\/regeneracion-de-aceites\/cmm-6r-light-transformer-oil-regeneration-unit\/","title":{"rendered":"CMM-6RL M\u00e1quina para regeneraci\u00f3n de aceite del transformador"},"content":{"rendered":"","protected":false},"excerpt":{"rendered":"<p>La GlobeCore CMM-6RL es una unidad de regeneraci\u00f3n de aceite de transformadores e industriales que restaura el aceite envejecido a un estado casi nuevo al pasarlo a trav\u00e9s de seis columnas llenas de adsorbente de tierra de Fuller. El sistema elimina \u00e1cidos, lodos, humedad y productos de oxidaci\u00f3n, mejorando la tensi\u00f3n de ruptura y el rendimiento diel\u00e9ctrico general. Una caracter\u00edstica clave es la reactivaci\u00f3n del adsorbente en la columna, lo que permite quemar y reutilizar el sorbente hasta 300 veces sin retirarlo. La CMM-6RL tambi\u00e9n regenera aceites hidr\u00e1ulicos, de turbina, de engranajes y otros aceites industriales, preservando los hidrocarburos \u00fatiles y reduciendo los costos de eliminaci\u00f3n y reemplazo. Esta unidad ofrece una soluci\u00f3n sostenible y eficiente para prolongar la vida \u00fatil del aceite y del equipo.<\/p>\n","protected":false},"author":7,"featured_media":58787,"parent":10999,"menu_order":0,"comment_status":"closed","ping_status":"closed","template":"templates\/single-product.php","meta":{"_acf_changed":false,"_bbp_topic_count":0,"_bbp_reply_count":0,"_bbp_total_topic_count":0,"_bbp_total_reply_count":0,"_bbp_voice_count":0,"_bbp_anonymous_reply_count":0,"_bbp_topic_count_hidden":0,"_bbp_reply_count_hidden":0,"_bbp_forum_subforum_count":0,"footnotes":""},"categories":[1338],"class_list":["post-36600","page","type-page","status-publish","has-post-thumbnail","hentry","category-oil-maintenance-es","oil_type-aceite-de-silicona","oil_type-aceite-de-transmision","oil_type-aceite-hidraulico","oil_type-aceite-industrial","oil_type-aceite-para-cables","oil_type-aceite-para-compresores","oil_type-aceite-para-transformadores","oil_type-aceite-para-turbinas","oil_type-fluido-dielectrico-fr3","oil_type-fluido-dielectrico-midel-7131","oil_type-fluido-resistente-al-fuego-fyrquel","process_type-filtracion","process_type-regeneracion"],"acf":[],"language":"es","_links":{"self":[{"href":"https:\/\/globecore.com\/es\/wp-json\/wp\/v2\/pages\/36600","targetHints":{"allow":["GET"]}}],"collection":[{"href":"https:\/\/globecore.com\/es\/wp-json\/wp\/v2\/pages"}],"about":[{"href":"https:\/\/globecore.com\/es\/wp-json\/wp\/v2\/types\/page"}],"author":[{"embeddable":true,"href":"https:\/\/globecore.com\/es\/wp-json\/wp\/v2\/users\/7"}],"replies":[{"embeddable":true,"href":"https:\/\/globecore.com\/es\/wp-json\/wp\/v2\/comments?post=36600"}],"version-history":[{"count":1,"href":"https:\/\/globecore.com\/es\/wp-json\/wp\/v2\/pages\/36600\/revisions"}],"predecessor-version":[{"id":335964,"href":"https:\/\/globecore.com\/es\/wp-json\/wp\/v2\/pages\/36600\/revisions\/335964"}],"up":[{"embeddable":true,"href":"https:\/\/globecore.com\/es\/wp-json\/wp\/v2\/pages\/10999"}],"wp:featuredmedia":[{"embeddable":true,"href":"https:\/\/globecore.com\/es\/wp-json\/wp\/v2\/media\/58787"}],"wp:attachment":[{"href":"https:\/\/globecore.com\/es\/wp-json\/wp\/v2\/media?parent=36600"}],"wp:term":[{"taxonomy":"category","embeddable":true,"href":"https:\/\/globecore.com\/es\/wp-json\/wp\/v2\/categories?post=36600"}],"curies":[{"name":"wp","href":"https:\/\/api.w.org\/{rel}","templated":true}]}}