{"id":36604,"date":"2021-04-26T10:39:52","date_gmt":"2021-04-26T10:39:52","guid":{"rendered":"https:\/\/globecore.com\/products\/armario-de-vacio-para-deshumidificacion-de-aislamiento-transformadores\/brps-zeolite-regeneration-block\/"},"modified":"2026-03-06T12:31:38","modified_gmt":"2026-03-06T12:31:38","slug":"brps-zeolite-regeneration-block","status":"publish","type":"page","link":"https:\/\/globecore.com\/es\/products\/zeolite-regeneration-and-drying\/brps-zeolite-regeneration-block\/","title":{"rendered":"BRPS Bloque de regeneraci\u00f3n de zeolita"},"content":{"rendered":"","protected":false},"excerpt":{"rendered":"<p>La planta BRPS est\u00e1 dise\u00f1ada para limpiar el sorbente (zeolita) de residuos de aceite mediante vapor sobrecalentado y para eliminar la humedad absorbida mediante secado con aire caliente. Se utiliza en instalaciones energ\u00e9ticas e industriales donde los adsorbedores con zeolita secan aceites lubricantes y aislantes, como en sistemas de secado de transformadores. Para restaurar las propiedades de adsorci\u00f3n, la zeolita debe calentarse a 250 \u00b0C. Como contiene residuos de aceite con un punto de inflamaci\u00f3n m\u00e1s bajo, estos se eliminan primero con vapor sobrecalentado y se recogen en un tanque auxiliar. Luego la zeolita se seca con aire caliente hasta 250 \u00b0C y se somete a vac\u00edo para extraer el vapor y los gases restantes. Tras enfriarse, queda lista para reutilizaci\u00f3n.<\/p>\n","protected":false},"author":7,"featured_media":37699,"parent":112674,"menu_order":0,"comment_status":"closed","ping_status":"closed","template":"templates\/single-product.php","meta":{"_acf_changed":false,"_bbp_topic_count":0,"_bbp_reply_count":0,"_bbp_total_topic_count":0,"_bbp_total_reply_count":0,"_bbp_voice_count":0,"_bbp_anonymous_reply_count":0,"_bbp_topic_count_hidden":0,"_bbp_reply_count_hidden":0,"_bbp_forum_subforum_count":0,"footnotes":""},"categories":[1338],"class_list":["post-36604","page","type-page","status-publish","has-post-thumbnail","hentry","category-oil-maintenance-es","oil_type-sorbente-es","process_type-regeneracion"],"acf":[],"language":"es","_links":{"self":[{"href":"https:\/\/globecore.com\/es\/wp-json\/wp\/v2\/pages\/36604","targetHints":{"allow":["GET"]}}],"collection":[{"href":"https:\/\/globecore.com\/es\/wp-json\/wp\/v2\/pages"}],"about":[{"href":"https:\/\/globecore.com\/es\/wp-json\/wp\/v2\/types\/page"}],"author":[{"embeddable":true,"href":"https:\/\/globecore.com\/es\/wp-json\/wp\/v2\/users\/7"}],"replies":[{"embeddable":true,"href":"https:\/\/globecore.com\/es\/wp-json\/wp\/v2\/comments?post=36604"}],"version-history":[{"count":2,"href":"https:\/\/globecore.com\/es\/wp-json\/wp\/v2\/pages\/36604\/revisions"}],"predecessor-version":[{"id":336174,"href":"https:\/\/globecore.com\/es\/wp-json\/wp\/v2\/pages\/36604\/revisions\/336174"}],"up":[{"embeddable":true,"href":"https:\/\/globecore.com\/es\/wp-json\/wp\/v2\/pages\/112674"}],"wp:featuredmedia":[{"embeddable":true,"href":"https:\/\/globecore.com\/es\/wp-json\/wp\/v2\/media\/37699"}],"wp:attachment":[{"href":"https:\/\/globecore.com\/es\/wp-json\/wp\/v2\/media?parent=36604"}],"wp:term":[{"taxonomy":"category","embeddable":true,"href":"https:\/\/globecore.com\/es\/wp-json\/wp\/v2\/categories?post=36604"}],"curies":[{"name":"wp","href":"https:\/\/api.w.org\/{rel}","templated":true}]}}