{"id":36608,"date":"2021-04-23T05:31:44","date_gmt":"2021-04-23T05:31:44","guid":{"rendered":"https:\/\/globecore.com\/products\/oil-filtration-pumping\/%d1%81%d0%bc%d0%bc-2-2lt-industrial-oil-purification-unit\/"},"modified":"2026-03-06T06:17:35","modified_gmt":"2026-03-06T06:17:35","slug":"%d1%81%d0%bc%d0%bc-2-2lt-industrial-oil-purification-unit","status":"publish","type":"page","link":"https:\/\/globecore.com\/es\/products\/desgasificacion-de-aceite\/%d1%81%d0%bc%d0%bc-2-2lt-industrial-oil-purification-unit\/","title":{"rendered":"CMM-2.2LT M\u00e1quina para purificaci\u00f3n de aceites industriales"},"content":{"rendered":"","protected":false},"excerpt":{"rendered":"<p>La unidad CMM-2,2LT est\u00e1 dise\u00f1ada para el secado termovacuo y la filtraci\u00f3n de aceites industriales utilizados en sistemas de lubricaci\u00f3n, sellado y control hidr\u00e1ulico de turbinas de gas, unidades de pist\u00f3n de gas, compresores de motores a gas y transformadores. La unidad elimina eficazmente impurezas mec\u00e1nicas y agua del aceite. La capacidad en modo de secado y filtraci\u00f3n termovacuo es de al menos 2,2 m\u00b3\/h. Adem\u00e1s, la CMM-2,2LT puede utilizarse para calentar y secar equipos el\u00e9ctricos llenos de aceite mediante aceite de transformador caliente.<\/p>\n","protected":false},"author":7,"featured_media":36063,"parent":11838,"menu_order":0,"comment_status":"closed","ping_status":"closed","template":"templates\/single-product.php","meta":{"_acf_changed":false,"_bbp_topic_count":0,"_bbp_reply_count":0,"_bbp_total_topic_count":0,"_bbp_total_reply_count":0,"_bbp_voice_count":0,"_bbp_anonymous_reply_count":0,"_bbp_topic_count_hidden":0,"_bbp_reply_count_hidden":0,"_bbp_forum_subforum_count":0,"footnotes":""},"categories":[1338],"class_list":["post-36608","page","type-page","status-publish","has-post-thumbnail","hentry","category-oil-maintenance-es","oil_type-aceite-de-silicona","oil_type-aceite-de-transmision","oil_type-aceite-hidraulico","oil_type-aceite-industrial","oil_type-aceite-para-cables","oil_type-aceite-para-compresores","oil_type-aceite-para-transformadores","oil_type-aceite-para-turbinas","oil_type-aceite-shell-diala","oil_type-fluido-dielectrico-fr3","oil_type-fluido-dielectrico-midel-7131","oil_type-fluido-resistente-al-fuego-fyrquel","process_type-desgasificacion","process_type-deshidratacion","process_type-filtracion"],"acf":[],"language":"es","_links":{"self":[{"href":"https:\/\/globecore.com\/es\/wp-json\/wp\/v2\/pages\/36608","targetHints":{"allow":["GET"]}}],"collection":[{"href":"https:\/\/globecore.com\/es\/wp-json\/wp\/v2\/pages"}],"about":[{"href":"https:\/\/globecore.com\/es\/wp-json\/wp\/v2\/types\/page"}],"author":[{"embeddable":true,"href":"https:\/\/globecore.com\/es\/wp-json\/wp\/v2\/users\/7"}],"replies":[{"embeddable":true,"href":"https:\/\/globecore.com\/es\/wp-json\/wp\/v2\/comments?post=36608"}],"version-history":[{"count":1,"href":"https:\/\/globecore.com\/es\/wp-json\/wp\/v2\/pages\/36608\/revisions"}],"predecessor-version":[{"id":336009,"href":"https:\/\/globecore.com\/es\/wp-json\/wp\/v2\/pages\/36608\/revisions\/336009"}],"up":[{"embeddable":true,"href":"https:\/\/globecore.com\/es\/wp-json\/wp\/v2\/pages\/11838"}],"wp:featuredmedia":[{"embeddable":true,"href":"https:\/\/globecore.com\/es\/wp-json\/wp\/v2\/media\/36063"}],"wp:attachment":[{"href":"https:\/\/globecore.com\/es\/wp-json\/wp\/v2\/media?parent=36608"}],"wp:term":[{"taxonomy":"category","embeddable":true,"href":"https:\/\/globecore.com\/es\/wp-json\/wp\/v2\/categories?post=36608"}],"curies":[{"name":"wp","href":"https:\/\/api.w.org\/{rel}","templated":true}]}}