{"id":39252,"date":"2021-07-12T07:01:13","date_gmt":"2021-07-12T07:01:13","guid":{"rendered":"https:\/\/globecore.com\/products\/colloid-mill\/colloid-mil-clm-100-3\/"},"modified":"2026-03-06T14:55:24","modified_gmt":"2026-03-06T14:55:24","slug":"colloid-mil-clm-100-3","status":"publish","type":"page","link":"https:\/\/globecore.com\/es\/products\/molino-coloide\/colloid-mills-for-the-food-industry\/colloid-mil-clm-100-3\/","title":{"rendered":"CLM-100.3 Molino coloidal"},"content":{"rendered":"","protected":false},"excerpt":{"rendered":"<p>El molino coloidal CLM-100.3 para la industria alimentaria est\u00e1 dise\u00f1ado para la molienda fina de sustancias hasta obtener una consistencia pastosa, produciendo una suspensi\u00f3n espesa bajo condiciones de alto cizallamiento. Todas las partes del molino en contacto con el producto est\u00e1n fabricadas en acero inoxidable qu\u00edmicamente resistente, lo que garantiza higiene y durabilidad. La unidad tiene una capacidad de 0,1 m\u00b3\/h (0,44 gpm).<\/p>\n","protected":false},"author":7,"featured_media":44459,"parent":67987,"menu_order":0,"comment_status":"closed","ping_status":"closed","template":"templates\/single-product.php","meta":{"_acf_changed":false,"_bbp_topic_count":0,"_bbp_reply_count":0,"_bbp_total_topic_count":0,"_bbp_total_reply_count":0,"_bbp_voice_count":0,"_bbp_anonymous_reply_count":0,"_bbp_topic_count_hidden":0,"_bbp_reply_count_hidden":0,"_bbp_forum_subforum_count":0,"footnotes":""},"categories":[1360],"class_list":["post-39252","page","type-page","status-publish","has-post-thumbnail","hentry","category-molienda","oil_type-industria-alimentaria","process_type-mezcla","process_type-molienda"],"acf":[],"language":"es","_links":{"self":[{"href":"https:\/\/globecore.com\/es\/wp-json\/wp\/v2\/pages\/39252","targetHints":{"allow":["GET"]}}],"collection":[{"href":"https:\/\/globecore.com\/es\/wp-json\/wp\/v2\/pages"}],"about":[{"href":"https:\/\/globecore.com\/es\/wp-json\/wp\/v2\/types\/page"}],"author":[{"embeddable":true,"href":"https:\/\/globecore.com\/es\/wp-json\/wp\/v2\/users\/7"}],"replies":[{"embeddable":true,"href":"https:\/\/globecore.com\/es\/wp-json\/wp\/v2\/comments?post=39252"}],"version-history":[{"count":1,"href":"https:\/\/globecore.com\/es\/wp-json\/wp\/v2\/pages\/39252\/revisions"}],"predecessor-version":[{"id":336265,"href":"https:\/\/globecore.com\/es\/wp-json\/wp\/v2\/pages\/39252\/revisions\/336265"}],"up":[{"embeddable":true,"href":"https:\/\/globecore.com\/es\/wp-json\/wp\/v2\/pages\/67987"}],"wp:featuredmedia":[{"embeddable":true,"href":"https:\/\/globecore.com\/es\/wp-json\/wp\/v2\/media\/44459"}],"wp:attachment":[{"href":"https:\/\/globecore.com\/es\/wp-json\/wp\/v2\/media?parent=39252"}],"wp:term":[{"taxonomy":"category","embeddable":true,"href":"https:\/\/globecore.com\/es\/wp-json\/wp\/v2\/categories?post=39252"}],"curies":[{"name":"wp","href":"https:\/\/api.w.org\/{rel}","templated":true}]}}