{"id":39381,"date":"2021-07-15T12:37:09","date_gmt":"2021-07-15T12:37:09","guid":{"rendered":"https:\/\/globecore.com\/products\/colloid-mill\/colloid-mill-clm-2-4\/"},"modified":"2026-03-09T08:10:39","modified_gmt":"2026-03-09T08:10:39","slug":"colloid-mill-clm-2-4","status":"publish","type":"page","link":"https:\/\/globecore.com\/es\/products\/molino-coloide\/colloid-mills-for-bitumen-emulsion-production\/colloid-mill-clm-2-4\/","title":{"rendered":"CLM-2\/4 Molino coloidal"},"content":{"rendered":"","protected":false},"excerpt":{"rendered":"<p>El molino coloidal CLM-2\/4 est\u00e1 dise\u00f1ado para la homogenizaci\u00f3n y emulsificaci\u00f3n en l\u00ednea de productos l\u00edquidos, con especial enfoque en la producci\u00f3n de emulsiones bituminosas. Procesa de manera eficiente suspensiones espesas con altos esfuerzos cortantes, asegurando una mezcla uniforme y estable. El molino es adecuado para l\u00edneas de producci\u00f3n continua y puede manejar viscosidades variables manteniendo la calidad consistente del producto. Capacidad: 2\u20134 m\u00b3\/h (8,8\u201317,6 gpm).<\/p>\n","protected":false},"author":7,"featured_media":67232,"parent":68000,"menu_order":0,"comment_status":"closed","ping_status":"closed","template":"templates\/single-product.php","meta":{"_acf_changed":false,"_bbp_topic_count":0,"_bbp_reply_count":0,"_bbp_total_topic_count":0,"_bbp_total_reply_count":0,"_bbp_voice_count":0,"_bbp_anonymous_reply_count":0,"_bbp_topic_count_hidden":0,"_bbp_reply_count_hidden":0,"_bbp_forum_subforum_count":0,"footnotes":""},"categories":[1360],"class_list":["post-39381","page","type-page","status-publish","has-post-thumbnail","hentry","category-molienda","oil_type-industria-petrolera","oil_type-industria-quimica-es","process_type-mezcla","process_type-molienda"],"acf":[],"language":"es","_links":{"self":[{"href":"https:\/\/globecore.com\/es\/wp-json\/wp\/v2\/pages\/39381","targetHints":{"allow":["GET"]}}],"collection":[{"href":"https:\/\/globecore.com\/es\/wp-json\/wp\/v2\/pages"}],"about":[{"href":"https:\/\/globecore.com\/es\/wp-json\/wp\/v2\/types\/page"}],"author":[{"embeddable":true,"href":"https:\/\/globecore.com\/es\/wp-json\/wp\/v2\/users\/7"}],"replies":[{"embeddable":true,"href":"https:\/\/globecore.com\/es\/wp-json\/wp\/v2\/comments?post=39381"}],"version-history":[{"count":1,"href":"https:\/\/globecore.com\/es\/wp-json\/wp\/v2\/pages\/39381\/revisions"}],"predecessor-version":[{"id":341769,"href":"https:\/\/globecore.com\/es\/wp-json\/wp\/v2\/pages\/39381\/revisions\/341769"}],"up":[{"embeddable":true,"href":"https:\/\/globecore.com\/es\/wp-json\/wp\/v2\/pages\/68000"}],"wp:featuredmedia":[{"embeddable":true,"href":"https:\/\/globecore.com\/es\/wp-json\/wp\/v2\/media\/67232"}],"wp:attachment":[{"href":"https:\/\/globecore.com\/es\/wp-json\/wp\/v2\/media?parent=39381"}],"wp:term":[{"taxonomy":"category","embeddable":true,"href":"https:\/\/globecore.com\/es\/wp-json\/wp\/v2\/categories?post=39381"}],"curies":[{"name":"wp","href":"https:\/\/api.w.org\/{rel}","templated":true}]}}