{"id":39389,"date":"2021-07-14T05:22:16","date_gmt":"2021-07-14T05:22:16","guid":{"rendered":"https:\/\/globecore.com\/products\/colloid-mill\/colloid-mill-clm-8-16\/"},"modified":"2026-03-09T08:24:03","modified_gmt":"2026-03-09T08:24:03","slug":"colloid-mill-clm-8-16","status":"publish","type":"page","link":"https:\/\/globecore.com\/es\/products\/molino-coloide\/colloid-mills-for-bitumen-modification\/colloid-mill-clm-8-16\/","title":{"rendered":"CLM-8\/16 Molino coloidal"},"content":{"rendered":"","protected":false},"excerpt":{"rendered":"<p>El molino coloidal CLM-8\/16 est\u00e1 dise\u00f1ado para la homogenizaci\u00f3n y emulsificaci\u00f3n en l\u00ednea de productos l\u00edquidos, procesando de manera efectiva suspensiones espesas con altos esfuerzos cortantes. Se utiliza ampliamente en diversas industrias, incluyendo la molienda de pol\u00edmero SBS granulado en la producci\u00f3n de betunes modificados. El molino asegura mezclas uniformes y estables mientras mantiene una alta eficiencia de procesamiento. Capacidad: 8\u201316 m\u00b3\/h.<\/p>\n","protected":false},"author":7,"featured_media":67258,"parent":68014,"menu_order":0,"comment_status":"closed","ping_status":"closed","template":"templates\/single-product.php","meta":{"_acf_changed":false,"_bbp_topic_count":0,"_bbp_reply_count":0,"_bbp_total_topic_count":0,"_bbp_total_reply_count":0,"_bbp_voice_count":0,"_bbp_anonymous_reply_count":0,"_bbp_topic_count_hidden":0,"_bbp_reply_count_hidden":0,"_bbp_forum_subforum_count":0,"footnotes":""},"categories":[1360],"class_list":["post-39389","page","type-page","status-publish","has-post-thumbnail","hentry","category-molienda","oil_type-industria-petrolera","oil_type-industria-quimica-es","process_type-mezcla","process_type-molienda"],"acf":[],"language":"es","_links":{"self":[{"href":"https:\/\/globecore.com\/es\/wp-json\/wp\/v2\/pages\/39389","targetHints":{"allow":["GET"]}}],"collection":[{"href":"https:\/\/globecore.com\/es\/wp-json\/wp\/v2\/pages"}],"about":[{"href":"https:\/\/globecore.com\/es\/wp-json\/wp\/v2\/types\/page"}],"author":[{"embeddable":true,"href":"https:\/\/globecore.com\/es\/wp-json\/wp\/v2\/users\/7"}],"replies":[{"embeddable":true,"href":"https:\/\/globecore.com\/es\/wp-json\/wp\/v2\/comments?post=39389"}],"version-history":[{"count":1,"href":"https:\/\/globecore.com\/es\/wp-json\/wp\/v2\/pages\/39389\/revisions"}],"predecessor-version":[{"id":341779,"href":"https:\/\/globecore.com\/es\/wp-json\/wp\/v2\/pages\/39389\/revisions\/341779"}],"up":[{"embeddable":true,"href":"https:\/\/globecore.com\/es\/wp-json\/wp\/v2\/pages\/68014"}],"wp:featuredmedia":[{"embeddable":true,"href":"https:\/\/globecore.com\/es\/wp-json\/wp\/v2\/media\/67258"}],"wp:attachment":[{"href":"https:\/\/globecore.com\/es\/wp-json\/wp\/v2\/media?parent=39389"}],"wp:term":[{"taxonomy":"category","embeddable":true,"href":"https:\/\/globecore.com\/es\/wp-json\/wp\/v2\/categories?post=39389"}],"curies":[{"name":"wp","href":"https:\/\/api.w.org\/{rel}","templated":true}]}}