{"id":39397,"date":"2021-07-13T13:20:21","date_gmt":"2021-07-13T13:20:21","guid":{"rendered":"https:\/\/globecore.com\/products\/colloid-mill\/colloid-mill-clm-10-20\/"},"modified":"2026-03-09T08:29:08","modified_gmt":"2026-03-09T08:29:08","slug":"colloid-mill-clm-10-20","status":"publish","type":"page","link":"https:\/\/globecore.com\/es\/products\/molino-coloide\/colloid-mills-for-bitumen-modification\/colloid-mill-clm-10-20\/","title":{"rendered":"CLM-10\/20 Molino coloidal"},"content":{"rendered":"","protected":false},"excerpt":{"rendered":"<p>El molino coloidal CLM-10\/20 est\u00e1 dise\u00f1ado para la homogenizaci\u00f3n y emulsificaci\u00f3n en l\u00ednea de productos l\u00edquidos, manejando suspensiones espesas con altos esfuerzos cortantes. Es especialmente adecuado para la modificaci\u00f3n de betunes a base de pol\u00edmeros, asegurando una dispersi\u00f3n uniforme y una calidad de producto constante. Capacidad: 10\u201320 m\u00b3\/h.<\/p>\n","protected":false},"author":7,"featured_media":67245,"parent":68014,"menu_order":0,"comment_status":"closed","ping_status":"closed","template":"templates\/single-product.php","meta":{"_acf_changed":false,"_bbp_topic_count":0,"_bbp_reply_count":0,"_bbp_total_topic_count":0,"_bbp_total_reply_count":0,"_bbp_voice_count":0,"_bbp_anonymous_reply_count":0,"_bbp_topic_count_hidden":0,"_bbp_reply_count_hidden":0,"_bbp_forum_subforum_count":0,"footnotes":""},"categories":[1360],"class_list":["post-39397","page","type-page","status-publish","has-post-thumbnail","hentry","category-molienda","oil_type-industria-petrolera","oil_type-industria-quimica-es","process_type-mezcla","process_type-molienda"],"acf":[],"language":"es","_links":{"self":[{"href":"https:\/\/globecore.com\/es\/wp-json\/wp\/v2\/pages\/39397","targetHints":{"allow":["GET"]}}],"collection":[{"href":"https:\/\/globecore.com\/es\/wp-json\/wp\/v2\/pages"}],"about":[{"href":"https:\/\/globecore.com\/es\/wp-json\/wp\/v2\/types\/page"}],"author":[{"embeddable":true,"href":"https:\/\/globecore.com\/es\/wp-json\/wp\/v2\/users\/7"}],"replies":[{"embeddable":true,"href":"https:\/\/globecore.com\/es\/wp-json\/wp\/v2\/comments?post=39397"}],"version-history":[{"count":1,"href":"https:\/\/globecore.com\/es\/wp-json\/wp\/v2\/pages\/39397\/revisions"}],"predecessor-version":[{"id":341783,"href":"https:\/\/globecore.com\/es\/wp-json\/wp\/v2\/pages\/39397\/revisions\/341783"}],"up":[{"embeddable":true,"href":"https:\/\/globecore.com\/es\/wp-json\/wp\/v2\/pages\/68014"}],"wp:featuredmedia":[{"embeddable":true,"href":"https:\/\/globecore.com\/es\/wp-json\/wp\/v2\/media\/67245"}],"wp:attachment":[{"href":"https:\/\/globecore.com\/es\/wp-json\/wp\/v2\/media?parent=39397"}],"wp:term":[{"taxonomy":"category","embeddable":true,"href":"https:\/\/globecore.com\/es\/wp-json\/wp\/v2\/categories?post=39397"}],"curies":[{"name":"wp","href":"https:\/\/api.w.org\/{rel}","templated":true}]}}