{"id":39401,"date":"2021-07-13T08:51:57","date_gmt":"2021-07-13T08:51:57","guid":{"rendered":"https:\/\/globecore.com\/products\/colloid-mill\/colloid-mill-clm-16-25\/"},"modified":"2026-03-09T08:18:51","modified_gmt":"2026-03-09T08:18:51","slug":"colloid-mill-clm-16-25","status":"publish","type":"page","link":"https:\/\/globecore.com\/es\/products\/molino-coloide\/colloid-mills-for-bitumen-emulsion-production\/colloid-mill-clm-16-25\/","title":{"rendered":"CLM-16\/25 Molino coloidal"},"content":{"rendered":"","protected":false},"excerpt":{"rendered":"<p>El molino coloidal CLM-16\/25 est\u00e1 dise\u00f1ado para la homogenizaci\u00f3n y emulsificaci\u00f3n en l\u00ednea de productos l\u00edquidos, especialmente para la preparaci\u00f3n de emulsiones bituminosas. Procesa de manera eficiente suspensiones espesas con altos esfuerzos cortantes, asegurando una mezcla uniforme y estable. El molino es compacto, lo que lo hace adecuado para la integraci\u00f3n en l\u00edneas de producci\u00f3n continua. Capacidad: 16\u201325 m\u00b3\/h (70\u2013110 gpm).<\/p>\n","protected":false},"author":7,"featured_media":102091,"parent":68000,"menu_order":0,"comment_status":"closed","ping_status":"closed","template":"templates\/single-product.php","meta":{"_acf_changed":false,"_bbp_topic_count":0,"_bbp_reply_count":0,"_bbp_total_topic_count":0,"_bbp_total_reply_count":0,"_bbp_voice_count":0,"_bbp_anonymous_reply_count":0,"_bbp_topic_count_hidden":0,"_bbp_reply_count_hidden":0,"_bbp_forum_subforum_count":0,"footnotes":""},"categories":[1360],"class_list":["post-39401","page","type-page","status-publish","has-post-thumbnail","hentry","category-molienda","oil_type-industria-petrolera","oil_type-industria-quimica-es","process_type-mezcla","process_type-molienda"],"acf":[],"language":"es","_links":{"self":[{"href":"https:\/\/globecore.com\/es\/wp-json\/wp\/v2\/pages\/39401","targetHints":{"allow":["GET"]}}],"collection":[{"href":"https:\/\/globecore.com\/es\/wp-json\/wp\/v2\/pages"}],"about":[{"href":"https:\/\/globecore.com\/es\/wp-json\/wp\/v2\/types\/page"}],"author":[{"embeddable":true,"href":"https:\/\/globecore.com\/es\/wp-json\/wp\/v2\/users\/7"}],"replies":[{"embeddable":true,"href":"https:\/\/globecore.com\/es\/wp-json\/wp\/v2\/comments?post=39401"}],"version-history":[{"count":1,"href":"https:\/\/globecore.com\/es\/wp-json\/wp\/v2\/pages\/39401\/revisions"}],"predecessor-version":[{"id":341774,"href":"https:\/\/globecore.com\/es\/wp-json\/wp\/v2\/pages\/39401\/revisions\/341774"}],"up":[{"embeddable":true,"href":"https:\/\/globecore.com\/es\/wp-json\/wp\/v2\/pages\/68000"}],"wp:featuredmedia":[{"embeddable":true,"href":"https:\/\/globecore.com\/es\/wp-json\/wp\/v2\/media\/102091"}],"wp:attachment":[{"href":"https:\/\/globecore.com\/es\/wp-json\/wp\/v2\/media?parent=39401"}],"wp:term":[{"taxonomy":"category","embeddable":true,"href":"https:\/\/globecore.com\/es\/wp-json\/wp\/v2\/categories?post=39401"}],"curies":[{"name":"wp","href":"https:\/\/api.w.org\/{rel}","templated":true}]}}