{"id":40140,"date":"2021-08-18T13:05:22","date_gmt":"2021-08-18T13:05:22","guid":{"rendered":"https:\/\/globecore.com\/products\/bitumen-modification-unit\/bitumen-modification-unit-usb-3-12-m3-h\/"},"modified":"2026-03-09T09:55:04","modified_gmt":"2026-03-09T09:55:04","slug":"bitumen-modification-unit-usb-3-12-m3-h","status":"publish","type":"page","link":"https:\/\/globecore.com\/es\/products\/betunes-modificados\/bitumen-modification-unit-usb-3-12-m3-h\/","title":{"rendered":"USB-3 M\u00e1quina de producci\u00f3n de bet\u00fan modificado (12 m3\/hora)"},"content":{"rendered":"","protected":false},"excerpt":{"rendered":"<p>La unidad USB-3 est\u00e1 dise\u00f1ada para la producci\u00f3n continua de bet\u00fan modificado y funciona en modo continuo con una capacidad nominal de 12 m\u00b3\/h. Durante el proceso de preparaci\u00f3n, la unidad permite el uso de todos los modificadores actualmente conocidos, incluido el caucho triturado, diversos aditivos especiales y todos los tipos de pol\u00edmeros SBS suministrados en forma de gr\u00e1nulos, polvo o l\u00edquido. La USB-3 tambi\u00e9n permite la implementaci\u00f3n de nuevas formulaciones de bet\u00fan modificado que incorporan aditivos de adhesi\u00f3n y plastificantes, proporcionando flexibilidad para diferentes requisitos de producci\u00f3n.<\/p>\n","protected":false},"author":7,"featured_media":40136,"parent":12075,"menu_order":0,"comment_status":"closed","ping_status":"closed","template":"templates\/single-product.php","meta":{"_acf_changed":false,"_bbp_topic_count":0,"_bbp_reply_count":0,"_bbp_total_topic_count":0,"_bbp_total_reply_count":0,"_bbp_voice_count":0,"_bbp_anonymous_reply_count":0,"_bbp_topic_count_hidden":0,"_bbp_reply_count_hidden":0,"_bbp_forum_subforum_count":0,"footnotes":""},"categories":[2391],"class_list":["post-40140","page","type-page","status-publish","has-post-thumbnail","hentry","category-produccion-de-betun","oil_type-industria-de-la-construccion","process_type-mezcla","process_type-molienda"],"acf":[],"language":"es","_links":{"self":[{"href":"https:\/\/globecore.com\/es\/wp-json\/wp\/v2\/pages\/40140","targetHints":{"allow":["GET"]}}],"collection":[{"href":"https:\/\/globecore.com\/es\/wp-json\/wp\/v2\/pages"}],"about":[{"href":"https:\/\/globecore.com\/es\/wp-json\/wp\/v2\/types\/page"}],"author":[{"embeddable":true,"href":"https:\/\/globecore.com\/es\/wp-json\/wp\/v2\/users\/7"}],"replies":[{"embeddable":true,"href":"https:\/\/globecore.com\/es\/wp-json\/wp\/v2\/comments?post=40140"}],"version-history":[{"count":2,"href":"https:\/\/globecore.com\/es\/wp-json\/wp\/v2\/pages\/40140\/revisions"}],"predecessor-version":[{"id":341836,"href":"https:\/\/globecore.com\/es\/wp-json\/wp\/v2\/pages\/40140\/revisions\/341836"}],"up":[{"embeddable":true,"href":"https:\/\/globecore.com\/es\/wp-json\/wp\/v2\/pages\/12075"}],"wp:featuredmedia":[{"embeddable":true,"href":"https:\/\/globecore.com\/es\/wp-json\/wp\/v2\/media\/40136"}],"wp:attachment":[{"href":"https:\/\/globecore.com\/es\/wp-json\/wp\/v2\/media?parent=40140"}],"wp:term":[{"taxonomy":"category","embeddable":true,"href":"https:\/\/globecore.com\/es\/wp-json\/wp\/v2\/categories?post=40140"}],"curies":[{"name":"wp","href":"https:\/\/api.w.org\/{rel}","templated":true}]}}