{"id":41510,"date":"2021-07-02T05:38:00","date_gmt":"2021-07-02T05:38:00","guid":{"rendered":"https:\/\/globecore.com\/products\/instruments\/system-for-transformers-online-diagnostic-and-oil-online-processing-tor-5\/"},"modified":"2026-03-06T13:14:52","modified_gmt":"2026-03-06T13:14:52","slug":"system-for-transformers-online-diagnostic-and-oil-online-processing-tor-5","status":"publish","type":"page","link":"https:\/\/globecore.com\/es\/products\/online-transformer-monitoring-systems\/system-for-transformers-online-diagnostic-and-oil-online-processing-tor-5\/","title":{"rendered":"TOR-5 Sistemas de monitoreo en l\u00ednea para transformadores"},"content":{"rendered":"","protected":false},"excerpt":{"rendered":"<p>El sistema TOR-5 supervisa y controla continuamente el estado de los transformadores de potencia, incluidos los de uso especial como los transformadores de tracci\u00f3n, miner\u00eda, marinos y de aumento de tensi\u00f3n de aerogeneradores, mediante la evaluaci\u00f3n del estado de su aceite aislante y del aislamiento. El sistema mide par\u00e1metros clave como el contenido de agua en el aceite y el aislamiento s\u00f3lido, la resistencia diel\u00e9ctrica y el \u00edndice de calidad del aceite. Se conecta directamente al transformador, creando una circulaci\u00f3n en circuito cerrado donde el aceite se extrae desde el fondo del tanque, pasa por los sensores y regresa a la parte superior. Las mediciones se realizan una vez por minuto y se transmiten a un servidor en la nube, donde c\u00e1lculos adicionales proporcionan una evaluaci\u00f3n completa del estado del transformador.<\/p>\n","protected":false},"author":7,"featured_media":38927,"parent":104882,"menu_order":0,"comment_status":"closed","ping_status":"closed","template":"templates\/single-product.php","meta":{"_acf_changed":false,"_bbp_topic_count":0,"_bbp_reply_count":0,"_bbp_total_topic_count":0,"_bbp_total_reply_count":0,"_bbp_voice_count":0,"_bbp_anonymous_reply_count":0,"_bbp_topic_count_hidden":0,"_bbp_reply_count_hidden":0,"_bbp_forum_subforum_count":0,"footnotes":""},"categories":[2478,1338],"class_list":["post-41510","page","type-page","status-publish","has-post-thumbnail","hentry","category-mantenimiento-de-transformadores","category-oil-maintenance-es","oil_type-transformadores-de-distribucion","oil_type-transformadores-elevadores-es","oil_type-transformadores-para-fines-especiales","oil_type-transformadores-reductores","process_type-deshidratacion","process_type-monitoreo"],"acf":[],"language":"es","_links":{"self":[{"href":"https:\/\/globecore.com\/es\/wp-json\/wp\/v2\/pages\/41510","targetHints":{"allow":["GET"]}}],"collection":[{"href":"https:\/\/globecore.com\/es\/wp-json\/wp\/v2\/pages"}],"about":[{"href":"https:\/\/globecore.com\/es\/wp-json\/wp\/v2\/types\/page"}],"author":[{"embeddable":true,"href":"https:\/\/globecore.com\/es\/wp-json\/wp\/v2\/users\/7"}],"replies":[{"embeddable":true,"href":"https:\/\/globecore.com\/es\/wp-json\/wp\/v2\/comments?post=41510"}],"version-history":[{"count":3,"href":"https:\/\/globecore.com\/es\/wp-json\/wp\/v2\/pages\/41510\/revisions"}],"predecessor-version":[{"id":336188,"href":"https:\/\/globecore.com\/es\/wp-json\/wp\/v2\/pages\/41510\/revisions\/336188"}],"up":[{"embeddable":true,"href":"https:\/\/globecore.com\/es\/wp-json\/wp\/v2\/pages\/104882"}],"wp:featuredmedia":[{"embeddable":true,"href":"https:\/\/globecore.com\/es\/wp-json\/wp\/v2\/media\/38927"}],"wp:attachment":[{"href":"https:\/\/globecore.com\/es\/wp-json\/wp\/v2\/media?parent=41510"}],"wp:term":[{"taxonomy":"category","embeddable":true,"href":"https:\/\/globecore.com\/es\/wp-json\/wp\/v2\/categories?post=41510"}],"curies":[{"name":"wp","href":"https:\/\/api.w.org\/{rel}","templated":true}]}}