{"id":44404,"date":"2021-11-03T08:01:30","date_gmt":"2021-11-03T08:01:30","guid":{"rendered":"https:\/\/globecore.com\/products\/blending-systems\/usb-5-high-speed-mixing-unit-for-production-of-sanitizers-0-15-0-3-m3-h\/"},"modified":"2026-03-06T14:39:19","modified_gmt":"2026-03-06T14:39:19","slug":"usb-5-high-speed-mixing-unit-for-production-of-sanitizers-0-15-0-3-m3-h","status":"publish","type":"page","link":"https:\/\/globecore.com\/es\/products\/sistemas-de-mezcla\/usb-5-high-speed-mixing-unit-for-production-of-sanitizers-0-15-0-3-m3-h\/","title":{"rendered":"USB-5 M\u00e1quina para la producci\u00f3n de antis\u00e9pticos y desinfectantes (0.15 \u2013 0.3 m3\/h)"},"content":{"rendered":"","protected":false},"excerpt":{"rendered":"<p>La unidad de mezcla de alta velocidad USB-5 est\u00e1 dise\u00f1ada para mezclar de dos a cuatro componentes l\u00edquidos separados, seg\u00fan lo determinado por la formulaci\u00f3n. Los ingredientes se alimentan por lotes mediante una bomba de trasvase hacia un tanque equipado con un mezclador. La cantidad de ingredientes mezclados puede aumentarse si es necesario. Los ingredientes de libre flujo que sean solubles en el l\u00edquido y est\u00e9n dentro de los l\u00edmites de tama\u00f1o de part\u00edculas de la bomba de trasvase pueden a\u00f1adirse a trav\u00e9s de una boca de alimentaci\u00f3n.<\/p>\n","protected":false},"author":7,"featured_media":43466,"parent":33580,"menu_order":0,"comment_status":"closed","ping_status":"closed","template":"templates\/single-product.php","meta":{"_acf_changed":false,"_bbp_topic_count":0,"_bbp_reply_count":0,"_bbp_total_topic_count":0,"_bbp_total_reply_count":0,"_bbp_voice_count":0,"_bbp_anonymous_reply_count":0,"_bbp_topic_count_hidden":0,"_bbp_reply_count_hidden":0,"_bbp_forum_subforum_count":0,"footnotes":""},"categories":[1392],"class_list":["post-44404","page","type-page","status-publish","has-post-thumbnail","hentry","category-mezcla-combinacion","oil_type-industria-alimentaria","oil_type-industria-cosmetica","oil_type-industria-farmaceutica-es","oil_type-industria-petrolera","oil_type-industria-quimica-es","process_type-mezcla"],"acf":[],"language":"es","_links":{"self":[{"href":"https:\/\/globecore.com\/es\/wp-json\/wp\/v2\/pages\/44404","targetHints":{"allow":["GET"]}}],"collection":[{"href":"https:\/\/globecore.com\/es\/wp-json\/wp\/v2\/pages"}],"about":[{"href":"https:\/\/globecore.com\/es\/wp-json\/wp\/v2\/types\/page"}],"author":[{"embeddable":true,"href":"https:\/\/globecore.com\/es\/wp-json\/wp\/v2\/users\/7"}],"replies":[{"embeddable":true,"href":"https:\/\/globecore.com\/es\/wp-json\/wp\/v2\/comments?post=44404"}],"version-history":[{"count":1,"href":"https:\/\/globecore.com\/es\/wp-json\/wp\/v2\/pages\/44404\/revisions"}],"predecessor-version":[{"id":336250,"href":"https:\/\/globecore.com\/es\/wp-json\/wp\/v2\/pages\/44404\/revisions\/336250"}],"up":[{"embeddable":true,"href":"https:\/\/globecore.com\/es\/wp-json\/wp\/v2\/pages\/33580"}],"wp:featuredmedia":[{"embeddable":true,"href":"https:\/\/globecore.com\/es\/wp-json\/wp\/v2\/media\/43466"}],"wp:attachment":[{"href":"https:\/\/globecore.com\/es\/wp-json\/wp\/v2\/media?parent=44404"}],"wp:term":[{"taxonomy":"category","embeddable":true,"href":"https:\/\/globecore.com\/es\/wp-json\/wp\/v2\/categories?post=44404"}],"curies":[{"name":"wp","href":"https:\/\/api.w.org\/{rel}","templated":true}]}}