{"id":63294,"date":"2022-07-19T11:46:33","date_gmt":"2022-07-19T11:46:33","guid":{"rendered":"https:\/\/globecore.com\/products\/instrumentos\/breakdown-voltage-tester-tor-100\/"},"modified":"2026-03-06T14:12:08","modified_gmt":"2026-03-06T14:12:08","slug":"breakdown-voltage-tester-tor-100","status":"publish","type":"page","link":"https:\/\/globecore.com\/es\/products\/instrumentos\/breakdown-voltage-tester-tor-100\/","title":{"rendered":"TOR-100 (TOR-100 LSL) Probador de voltaje de ruptura"},"content":{"rendered":"","protected":false},"excerpt":{"rendered":"<p>El TOR-100 es un tester dise\u00f1ado para la medici\u00f3n automatizada y precisa de la tensi\u00f3n de ruptura el\u00e9ctrica (hasta 100\u202fkV) del aceite de transformador y otros diel\u00e9ctricos l\u00edquidos. Funciona de acuerdo con las normas IEC 60156, VDE 0370, ASTM D877, ASTM D1816 e IRAM 2341, que pueden actualizarse o ampliarse para cumplir con los requisitos del cliente o nuevas versiones de las normas. El tester cuenta con una impresora integrada para resultados inmediatos y un puerto USB para guardar los datos de las pruebas en una memoria flash, lo que permite la f\u00e1cil transferencia y almacenamiento de las mediciones en un ordenador.<\/p>\n","protected":false},"author":7,"featured_media":110290,"parent":31947,"menu_order":0,"comment_status":"closed","ping_status":"closed","template":"templates\/single-product.php","meta":{"_acf_changed":false,"_bbp_topic_count":0,"_bbp_reply_count":0,"_bbp_total_topic_count":0,"_bbp_total_reply_count":0,"_bbp_voice_count":0,"_bbp_anonymous_reply_count":0,"_bbp_topic_count_hidden":0,"_bbp_reply_count_hidden":0,"_bbp_forum_subforum_count":0,"footnotes":""},"categories":[1635],"class_list":["post-63294","page","type-page","status-publish","has-post-thumbnail","hentry","category-instrumentos","oil_type-aceite-de-silicona","oil_type-aceite-para-transformadores","oil_type-fluido-dielectrico-fr3","oil_type-fluido-dielectrico-midel-7131","process_type-test-de-tension-de-ruptura"],"acf":[],"language":"es","_links":{"self":[{"href":"https:\/\/globecore.com\/es\/wp-json\/wp\/v2\/pages\/63294","targetHints":{"allow":["GET"]}}],"collection":[{"href":"https:\/\/globecore.com\/es\/wp-json\/wp\/v2\/pages"}],"about":[{"href":"https:\/\/globecore.com\/es\/wp-json\/wp\/v2\/types\/page"}],"author":[{"embeddable":true,"href":"https:\/\/globecore.com\/es\/wp-json\/wp\/v2\/users\/7"}],"replies":[{"embeddable":true,"href":"https:\/\/globecore.com\/es\/wp-json\/wp\/v2\/comments?post=63294"}],"version-history":[{"count":2,"href":"https:\/\/globecore.com\/es\/wp-json\/wp\/v2\/pages\/63294\/revisions"}],"predecessor-version":[{"id":336223,"href":"https:\/\/globecore.com\/es\/wp-json\/wp\/v2\/pages\/63294\/revisions\/336223"}],"up":[{"embeddable":true,"href":"https:\/\/globecore.com\/es\/wp-json\/wp\/v2\/pages\/31947"}],"wp:featuredmedia":[{"embeddable":true,"href":"https:\/\/globecore.com\/es\/wp-json\/wp\/v2\/media\/110290"}],"wp:attachment":[{"href":"https:\/\/globecore.com\/es\/wp-json\/wp\/v2\/media?parent=63294"}],"wp:term":[{"taxonomy":"category","embeddable":true,"href":"https:\/\/globecore.com\/es\/wp-json\/wp\/v2\/categories?post=63294"}],"curies":[{"name":"wp","href":"https:\/\/api.w.org\/{rel}","templated":true}]}}