{"id":65124,"date":"2021-11-03T07:50:33","date_gmt":"2021-11-03T07:50:33","guid":{"rendered":"https:\/\/globecore.com\/products\/sistemas-de-mezcla\/usb-5-high-speed-mixing-unit-for-production-of-sanitizers-1-1-m3-cycle\/"},"modified":"2026-03-06T14:43:30","modified_gmt":"2026-03-06T14:43:30","slug":"usb-5-high-speed-mixing-unit-for-production-of-sanitizers-1-1-m3-cycle","status":"publish","type":"page","link":"https:\/\/globecore.com\/es\/products\/sistemas-de-mezcla\/usb-5-high-speed-mixing-unit-for-production-of-sanitizers-1-1-m3-cycle\/","title":{"rendered":"USB-5 Unidad de mezclado de alta velocidad para producci\u00f3n de desinfectantes (1,1 m3\/ciclo)"},"content":{"rendered":"","protected":false},"excerpt":{"rendered":"<p>La unidad de mezcla por lotes USB-5 est\u00e1 dise\u00f1ada para combinar de dos a cuatro componentes l\u00edquidos separados. Los ingredientes se alimentan por lotes mediante una bomba de trasvase hacia un tanque equipado con un mezclador. La cantidad de ingredientes mezclados puede aumentarse si es necesario. Los componentes de libre flujo, solubles en el l\u00edquido y dentro del tama\u00f1o de part\u00edcula permitido para la bomba de trasvase, pueden a\u00f1adirse a trav\u00e9s de una boca de alimentaci\u00f3n.<\/p>\n","protected":false},"author":7,"featured_media":43452,"parent":33580,"menu_order":0,"comment_status":"closed","ping_status":"closed","template":"templates\/single-product.php","meta":{"_acf_changed":false,"_bbp_topic_count":0,"_bbp_reply_count":0,"_bbp_total_topic_count":0,"_bbp_total_reply_count":0,"_bbp_voice_count":0,"_bbp_anonymous_reply_count":0,"_bbp_topic_count_hidden":0,"_bbp_reply_count_hidden":0,"_bbp_forum_subforum_count":0,"footnotes":""},"categories":[1392],"class_list":["post-65124","page","type-page","status-publish","has-post-thumbnail","hentry","category-mezcla-combinacion","oil_type-industria-alimentaria","oil_type-industria-cosmetica","oil_type-industria-farmaceutica-es","oil_type-industria-petrolera","oil_type-industria-quimica-es","process_type-mezcla"],"acf":[],"language":"es","_links":{"self":[{"href":"https:\/\/globecore.com\/es\/wp-json\/wp\/v2\/pages\/65124","targetHints":{"allow":["GET"]}}],"collection":[{"href":"https:\/\/globecore.com\/es\/wp-json\/wp\/v2\/pages"}],"about":[{"href":"https:\/\/globecore.com\/es\/wp-json\/wp\/v2\/types\/page"}],"author":[{"embeddable":true,"href":"https:\/\/globecore.com\/es\/wp-json\/wp\/v2\/users\/7"}],"replies":[{"embeddable":true,"href":"https:\/\/globecore.com\/es\/wp-json\/wp\/v2\/comments?post=65124"}],"version-history":[{"count":3,"href":"https:\/\/globecore.com\/es\/wp-json\/wp\/v2\/pages\/65124\/revisions"}],"predecessor-version":[{"id":336255,"href":"https:\/\/globecore.com\/es\/wp-json\/wp\/v2\/pages\/65124\/revisions\/336255"}],"up":[{"embeddable":true,"href":"https:\/\/globecore.com\/es\/wp-json\/wp\/v2\/pages\/33580"}],"wp:featuredmedia":[{"embeddable":true,"href":"https:\/\/globecore.com\/es\/wp-json\/wp\/v2\/media\/43452"}],"wp:attachment":[{"href":"https:\/\/globecore.com\/es\/wp-json\/wp\/v2\/media?parent=65124"}],"wp:term":[{"taxonomy":"category","embeddable":true,"href":"https:\/\/globecore.com\/es\/wp-json\/wp\/v2\/categories?post=65124"}],"curies":[{"name":"wp","href":"https:\/\/api.w.org\/{rel}","templated":true}]}}