{"id":65129,"date":"2021-05-24T06:43:32","date_gmt":"2021-05-24T06:43:32","guid":{"rendered":"https:\/\/globecore.com\/cmm-0-6-clean-marine-oil-degassing-cart\/"},"modified":"2025-12-19T07:32:06","modified_gmt":"2025-12-19T07:32:06","slug":"cmm-0-6-clean-marine-oil-degassing-cart","status":"publish","type":"page","link":"https:\/\/globecore.com\/es\/products\/custom-equipment\/cmm-0-6-clean-marine-oil-degassing-cart\/","title":{"rendered":"CMM-0.6 Carro desgasificador de aceite Clean Marine"},"content":{"rendered":"","protected":false},"excerpt":{"rendered":"<p>La mayor\u00eda de los equipos GlobeCore est\u00e1n dise\u00f1ados para el procesamiento estacionario de grandes vol\u00famenes de aceite. Debido a la necesidad de nuestros clientes de limpiar aceite de transformador en peque\u00f1as cantidades en lugares donde es dif\u00edcil transportar una unidad convencional o hay poco espacio, hemos dise\u00f1ado una nueva unidad ligera, compacta y m\u00f3vil: la CMM-0,6 Clean Marine, con una capacidad de 600 litros, que puede utilizarse en barcos, plataformas marinas y amarres.<\/p>\n","protected":false},"author":59,"featured_media":58175,"parent":105040,"menu_order":0,"comment_status":"closed","ping_status":"closed","template":"templates\/single-product.php","meta":{"_acf_changed":false,"_bbp_topic_count":0,"_bbp_reply_count":0,"_bbp_total_topic_count":0,"_bbp_total_reply_count":0,"_bbp_voice_count":0,"_bbp_anonymous_reply_count":0,"_bbp_topic_count_hidden":0,"_bbp_reply_count_hidden":0,"_bbp_forum_subforum_count":0,"footnotes":""},"categories":[],"class_list":["post-65129","page","type-page","status-publish","has-post-thumbnail","hentry"],"acf":[],"language":"es","_links":{"self":[{"href":"https:\/\/globecore.com\/es\/wp-json\/wp\/v2\/pages\/65129","targetHints":{"allow":["GET"]}}],"collection":[{"href":"https:\/\/globecore.com\/es\/wp-json\/wp\/v2\/pages"}],"about":[{"href":"https:\/\/globecore.com\/es\/wp-json\/wp\/v2\/types\/page"}],"author":[{"embeddable":true,"href":"https:\/\/globecore.com\/es\/wp-json\/wp\/v2\/users\/59"}],"replies":[{"embeddable":true,"href":"https:\/\/globecore.com\/es\/wp-json\/wp\/v2\/comments?post=65129"}],"version-history":[{"count":0,"href":"https:\/\/globecore.com\/es\/wp-json\/wp\/v2\/pages\/65129\/revisions"}],"up":[{"embeddable":true,"href":"https:\/\/globecore.com\/es\/wp-json\/wp\/v2\/pages\/105040"}],"wp:featuredmedia":[{"embeddable":true,"href":"https:\/\/globecore.com\/es\/wp-json\/wp\/v2\/media\/58175"}],"wp:attachment":[{"href":"https:\/\/globecore.com\/es\/wp-json\/wp\/v2\/media?parent=65129"}],"wp:term":[{"taxonomy":"category","embeddable":true,"href":"https:\/\/globecore.com\/es\/wp-json\/wp\/v2\/categories?post=65129"}],"curies":[{"name":"wp","href":"https:\/\/api.w.org\/{rel}","templated":true}]}}