{"id":65962,"date":"2022-11-25T10:19:02","date_gmt":"2022-11-25T10:19:02","guid":{"rendered":"https:\/\/globecore.com\/products\/filtrado-de-aceite\/industrial-oils-filtration-unit-cmm-12fr-with-self-cleaning-filters\/"},"modified":"2026-03-06T07:55:35","modified_gmt":"2026-03-06T07:55:35","slug":"industrial-oils-filtration-unit-cmm-12fr-with-self-cleaning-filters","status":"publish","type":"page","link":"https:\/\/globecore.com\/es\/products\/filtrado-de-aceite\/industrial-oils-filtration-unit-cmm-12fr-with-self-cleaning-filters\/","title":{"rendered":"\u0421\u041c\u041c-1,2Fr M\u00e1quina de filtraci\u00f3n de aceites industriales con filtros autolimpiantes"},"content":{"rendered":"","protected":false},"excerpt":{"rendered":"<p>La unidad CMM-1,2Fr est\u00e1 dise\u00f1ada para limpiar l\u00edquidos a base de aceite, como aceites, fluidos de corte y fluidos hidr\u00e1ulicos de trabajo, de impurezas mec\u00e1nicas. Garantiza una alta pureza del l\u00edquido en la producci\u00f3n, reparaci\u00f3n y mantenimiento de equipos para centrales el\u00e9ctricas, maquinaria de construcci\u00f3n y vial, motores, m\u00e1quinas-herramienta y equipos de proceso. La unidad tiene una capacidad de procesamiento de 0,5\u20131,2\u202fm\u00b3\/h y una finura de filtraci\u00f3n de 5\u202f\u03bcm. La CMM-1,2Fr mejora la fiabilidad y durabilidad de los sistemas y conjuntos de aceite hidr\u00e1ulico. Funciona en tres modos: recarga del acumulador hidr\u00e1ulico, filtraci\u00f3n del l\u00edquido y limpieza de los filtros. Los filtros son autolimpiantes, lo que permite un funcionamiento continuo, y la unidad determina autom\u00e1ticamente la duraci\u00f3n de cada modo de operaci\u00f3n.<\/p>\n","protected":false},"author":7,"featured_media":65954,"parent":11007,"menu_order":0,"comment_status":"closed","ping_status":"closed","template":"templates\/single-product.php","meta":{"_acf_changed":false,"_bbp_topic_count":0,"_bbp_reply_count":0,"_bbp_total_topic_count":0,"_bbp_total_reply_count":0,"_bbp_voice_count":0,"_bbp_anonymous_reply_count":0,"_bbp_topic_count_hidden":0,"_bbp_reply_count_hidden":0,"_bbp_forum_subforum_count":0,"footnotes":""},"categories":[1338],"class_list":["post-65962","page","type-page","status-publish","has-post-thumbnail","hentry","category-oil-maintenance-es","oil_type-aceite-de-silicona","oil_type-aceite-de-transmision","oil_type-aceite-hidraulico","oil_type-aceite-industrial","oil_type-aceite-para-cables","oil_type-aceite-para-compresores","oil_type-aceite-para-transformadores","oil_type-aceite-para-turbinas","oil_type-fluido-dielectrico-fr3","oil_type-fluido-dielectrico-midel-7131","oil_type-fluido-resistente-al-fuego-fyrquel","process_type-filtracion"],"acf":[],"language":"es","_links":{"self":[{"href":"https:\/\/globecore.com\/es\/wp-json\/wp\/v2\/pages\/65962","targetHints":{"allow":["GET"]}}],"collection":[{"href":"https:\/\/globecore.com\/es\/wp-json\/wp\/v2\/pages"}],"about":[{"href":"https:\/\/globecore.com\/es\/wp-json\/wp\/v2\/types\/page"}],"author":[{"embeddable":true,"href":"https:\/\/globecore.com\/es\/wp-json\/wp\/v2\/users\/7"}],"replies":[{"embeddable":true,"href":"https:\/\/globecore.com\/es\/wp-json\/wp\/v2\/comments?post=65962"}],"version-history":[{"count":1,"href":"https:\/\/globecore.com\/es\/wp-json\/wp\/v2\/pages\/65962\/revisions"}],"predecessor-version":[{"id":336061,"href":"https:\/\/globecore.com\/es\/wp-json\/wp\/v2\/pages\/65962\/revisions\/336061"}],"up":[{"embeddable":true,"href":"https:\/\/globecore.com\/es\/wp-json\/wp\/v2\/pages\/11007"}],"wp:featuredmedia":[{"embeddable":true,"href":"https:\/\/globecore.com\/es\/wp-json\/wp\/v2\/media\/65954"}],"wp:attachment":[{"href":"https:\/\/globecore.com\/es\/wp-json\/wp\/v2\/media?parent=65962"}],"wp:term":[{"taxonomy":"category","embeddable":true,"href":"https:\/\/globecore.com\/es\/wp-json\/wp\/v2\/categories?post=65962"}],"curies":[{"name":"wp","href":"https:\/\/api.w.org\/{rel}","templated":true}]}}