{"id":67987,"date":"2023-05-19T09:13:55","date_gmt":"2023-05-19T09:13:55","guid":{"rendered":"https:\/\/globecore.com\/products\/molino-coloide\/colloid-mills-for-the-food-industry\/"},"modified":"2026-03-10T17:23:10","modified_gmt":"2026-03-10T17:23:10","slug":"colloid-mills-for-the-food-industry","status":"publish","type":"page","link":"https:\/\/globecore.com\/es\/products\/molino-coloide\/colloid-mills-for-the-food-industry\/","title":{"rendered":"Molinos coloidales para la industria alimentaria"},"content":{"rendered":"<p style=\"text-align: justify;\">La empresa <em><strong>GlobeCore<\/strong><\/em> fabrica <strong>molinos coloidales<\/strong> que est\u00e1n dise\u00f1ados espec\u00edficamente para su uso en la <strong>industria alimentaria<\/strong>. Todas las superficies de los molinos coloidales de <em><strong>GlobeCore<\/strong><\/em> que entran en contacto con los productos alimenticios est\u00e1n hechas de acero inoxidable. Adem\u00e1s, estas superficies son f\u00e1ciles de limpiar y no afectan el olor, color y sabor del producto final.<\/p>\n","protected":false},"excerpt":{"rendered":"<p>La empresa GlobeCore fabrica molinos coloidales que est\u00e1n dise\u00f1ados espec\u00edficamente para su uso en la industria alimentaria. Todas las superficies de los molinos coloidales de GlobeCore que entran en contacto con los productos alimenticios est\u00e1n hechas de acero inoxidable. Adem\u00e1s, estas superficies son f\u00e1ciles de limpiar y no afectan el olor, color y sabor del<a class=\"cg-read-more\" href=\"https:\/\/globecore.com\/es\/products\/molino-coloide\/colloid-mills-for-the-food-industry\/\" target=\"_blank\">Leer m\u00e1s <\/a><\/p>\n","protected":false},"author":7,"featured_media":44459,"parent":12690,"menu_order":0,"comment_status":"closed","ping_status":"closed","template":"templates\/products-sidebar.php","meta":{"_acf_changed":false,"_bbp_topic_count":0,"_bbp_reply_count":0,"_bbp_total_topic_count":0,"_bbp_total_reply_count":0,"_bbp_voice_count":0,"_bbp_anonymous_reply_count":0,"_bbp_topic_count_hidden":0,"_bbp_reply_count_hidden":0,"_bbp_forum_subforum_count":0,"footnotes":""},"categories":[],"class_list":["post-67987","page","type-page","status-publish","has-post-thumbnail","hentry"],"acf":[],"language":"es","_links":{"self":[{"href":"https:\/\/globecore.com\/es\/wp-json\/wp\/v2\/pages\/67987","targetHints":{"allow":["GET"]}}],"collection":[{"href":"https:\/\/globecore.com\/es\/wp-json\/wp\/v2\/pages"}],"about":[{"href":"https:\/\/globecore.com\/es\/wp-json\/wp\/v2\/types\/page"}],"author":[{"embeddable":true,"href":"https:\/\/globecore.com\/es\/wp-json\/wp\/v2\/users\/7"}],"replies":[{"embeddable":true,"href":"https:\/\/globecore.com\/es\/wp-json\/wp\/v2\/comments?post=67987"}],"version-history":[{"count":1,"href":"https:\/\/globecore.com\/es\/wp-json\/wp\/v2\/pages\/67987\/revisions"}],"predecessor-version":[{"id":341917,"href":"https:\/\/globecore.com\/es\/wp-json\/wp\/v2\/pages\/67987\/revisions\/341917"}],"up":[{"embeddable":true,"href":"https:\/\/globecore.com\/es\/wp-json\/wp\/v2\/pages\/12690"}],"wp:featuredmedia":[{"embeddable":true,"href":"https:\/\/globecore.com\/es\/wp-json\/wp\/v2\/media\/44459"}],"wp:attachment":[{"href":"https:\/\/globecore.com\/es\/wp-json\/wp\/v2\/media?parent=67987"}],"wp:term":[{"taxonomy":"category","embeddable":true,"href":"https:\/\/globecore.com\/es\/wp-json\/wp\/v2\/categories?post=67987"}],"curies":[{"name":"wp","href":"https:\/\/api.w.org\/{rel}","templated":true}]}}