{"id":68000,"date":"2023-05-22T06:24:40","date_gmt":"2023-05-22T06:24:40","guid":{"rendered":"https:\/\/globecore.com\/products\/molino-coloide\/colloid-mills-for-bitumen-emulsion-production\/"},"modified":"2026-03-10T17:27:34","modified_gmt":"2026-03-10T17:27:34","slug":"colloid-mills-for-bitumen-emulsion-production","status":"publish","type":"page","link":"https:\/\/globecore.com\/es\/products\/molino-coloide\/colloid-mills-for-bitumen-emulsion-production\/","title":{"rendered":"Molinos coloidales para la producci\u00f3n de emulsiones bituminosas"},"content":{"rendered":"<p style=\"text-align: justify;\"><strong>Los molinos coloidales CLM<\/strong> est\u00e1n dise\u00f1ados para la homogeneizaci\u00f3n y emulsificaci\u00f3n en l\u00ednea de productos l\u00edquidos (lodos espesos de altas tensiones de cizallamiento), en particular, para la <strong>producci\u00f3n de emulsiones bituminosas<\/strong>. Los molinos coloidales se pueden suministrar como parte de las <strong>unidades USB-2<\/strong> y por separado sin unidades, o como un componente separado de las m\u00e1quinas suministradas anteriormente.<\/p>\n","protected":false},"excerpt":{"rendered":"<p>Los molinos coloidales CLM est\u00e1n dise\u00f1ados para la homogeneizaci\u00f3n y emulsificaci\u00f3n en l\u00ednea de productos l\u00edquidos (lodos espesos de altas tensiones de cizallamiento), en particular, para la producci\u00f3n de emulsiones bituminosas. Los molinos coloidales se pueden suministrar como parte de las unidades USB-2 y por separado sin unidades, o como un componente separado de las<a class=\"cg-read-more\" href=\"https:\/\/globecore.com\/es\/products\/molino-coloide\/colloid-mills-for-bitumen-emulsion-production\/\" target=\"_blank\">Leer m\u00e1s <\/a><\/p>\n","protected":false},"author":7,"featured_media":68052,"parent":12690,"menu_order":0,"comment_status":"closed","ping_status":"closed","template":"templates\/products-sidebar.php","meta":{"_acf_changed":false,"_bbp_topic_count":0,"_bbp_reply_count":0,"_bbp_total_topic_count":0,"_bbp_total_reply_count":0,"_bbp_voice_count":0,"_bbp_anonymous_reply_count":0,"_bbp_topic_count_hidden":0,"_bbp_reply_count_hidden":0,"_bbp_forum_subforum_count":0,"footnotes":""},"categories":[],"class_list":["post-68000","page","type-page","status-publish","has-post-thumbnail","hentry"],"acf":[],"language":"es","_links":{"self":[{"href":"https:\/\/globecore.com\/es\/wp-json\/wp\/v2\/pages\/68000","targetHints":{"allow":["GET"]}}],"collection":[{"href":"https:\/\/globecore.com\/es\/wp-json\/wp\/v2\/pages"}],"about":[{"href":"https:\/\/globecore.com\/es\/wp-json\/wp\/v2\/types\/page"}],"author":[{"embeddable":true,"href":"https:\/\/globecore.com\/es\/wp-json\/wp\/v2\/users\/7"}],"replies":[{"embeddable":true,"href":"https:\/\/globecore.com\/es\/wp-json\/wp\/v2\/comments?post=68000"}],"version-history":[{"count":1,"href":"https:\/\/globecore.com\/es\/wp-json\/wp\/v2\/pages\/68000\/revisions"}],"predecessor-version":[{"id":341924,"href":"https:\/\/globecore.com\/es\/wp-json\/wp\/v2\/pages\/68000\/revisions\/341924"}],"up":[{"embeddable":true,"href":"https:\/\/globecore.com\/es\/wp-json\/wp\/v2\/pages\/12690"}],"wp:featuredmedia":[{"embeddable":true,"href":"https:\/\/globecore.com\/es\/wp-json\/wp\/v2\/media\/68052"}],"wp:attachment":[{"href":"https:\/\/globecore.com\/es\/wp-json\/wp\/v2\/media?parent=68000"}],"wp:term":[{"taxonomy":"category","embeddable":true,"href":"https:\/\/globecore.com\/es\/wp-json\/wp\/v2\/categories?post=68000"}],"curies":[{"name":"wp","href":"https:\/\/api.w.org\/{rel}","templated":true}]}}