{"id":68014,"date":"2023-05-22T06:44:28","date_gmt":"2023-05-22T06:44:28","guid":{"rendered":"https:\/\/globecore.com\/products\/molino-coloide\/colloid-mills-for-bitumen-modification\/"},"modified":"2026-03-10T17:09:14","modified_gmt":"2026-03-10T17:09:14","slug":"colloid-mills-for-bitumen-modification","status":"publish","type":"page","link":"https:\/\/globecore.com\/es\/products\/molino-coloide\/colloid-mills-for-bitumen-modification\/","title":{"rendered":"Molinos coloidales para modificaci\u00f3n de bet\u00fan"},"content":{"rendered":"<p style=\"text-align: justify;\"><strong>Los molinos coloidales CLM<\/strong> est\u00e1n dise\u00f1ados para la homogeneizaci\u00f3n y emulsificaci\u00f3n en l\u00ednea de productos l\u00edquidos (lodos espesos de alto esfuerzo cortante), en particular, para la <strong>producci\u00f3n de betunes modificados con pol\u00edmeros<\/strong> con un tama\u00f1o de part\u00edcula de pol\u00edmero inicial m\u00e1ximo de 5 mm (0,2 pulgadas). Los molinos coloidales se pueden suministrar como parte de las <strong>unidades USB-3<\/strong> y por separado sin unidades, o como un componente separado de las m\u00e1quinas suministradas anteriormente.<\/p>\n","protected":false},"excerpt":{"rendered":"<p>Los molinos coloidales CLM est\u00e1n dise\u00f1ados para la homogeneizaci\u00f3n y emulsificaci\u00f3n en l\u00ednea de productos l\u00edquidos (lodos espesos de alto esfuerzo cortante), en particular, para la producci\u00f3n de betunes modificados con pol\u00edmeros con un tama\u00f1o de part\u00edcula de pol\u00edmero inicial m\u00e1ximo de 5 mm (0,2 pulgadas). Los molinos coloidales se pueden suministrar como parte de<a class=\"cg-read-more\" href=\"https:\/\/globecore.com\/es\/products\/molino-coloide\/colloid-mills-for-bitumen-modification\/\" target=\"_blank\">Leer m\u00e1s <\/a><\/p>\n","protected":false},"author":7,"featured_media":67245,"parent":12690,"menu_order":0,"comment_status":"closed","ping_status":"closed","template":"templates\/products-sidebar.php","meta":{"_acf_changed":false,"_bbp_topic_count":0,"_bbp_reply_count":0,"_bbp_total_topic_count":0,"_bbp_total_reply_count":0,"_bbp_voice_count":0,"_bbp_anonymous_reply_count":0,"_bbp_topic_count_hidden":0,"_bbp_reply_count_hidden":0,"_bbp_forum_subforum_count":0,"footnotes":""},"categories":[],"class_list":["post-68014","page","type-page","status-publish","has-post-thumbnail","hentry"],"acf":[],"language":"es","_links":{"self":[{"href":"https:\/\/globecore.com\/es\/wp-json\/wp\/v2\/pages\/68014","targetHints":{"allow":["GET"]}}],"collection":[{"href":"https:\/\/globecore.com\/es\/wp-json\/wp\/v2\/pages"}],"about":[{"href":"https:\/\/globecore.com\/es\/wp-json\/wp\/v2\/types\/page"}],"author":[{"embeddable":true,"href":"https:\/\/globecore.com\/es\/wp-json\/wp\/v2\/users\/7"}],"replies":[{"embeddable":true,"href":"https:\/\/globecore.com\/es\/wp-json\/wp\/v2\/comments?post=68014"}],"version-history":[{"count":1,"href":"https:\/\/globecore.com\/es\/wp-json\/wp\/v2\/pages\/68014\/revisions"}],"predecessor-version":[{"id":341907,"href":"https:\/\/globecore.com\/es\/wp-json\/wp\/v2\/pages\/68014\/revisions\/341907"}],"up":[{"embeddable":true,"href":"https:\/\/globecore.com\/es\/wp-json\/wp\/v2\/pages\/12690"}],"wp:featuredmedia":[{"embeddable":true,"href":"https:\/\/globecore.com\/es\/wp-json\/wp\/v2\/media\/67245"}],"wp:attachment":[{"href":"https:\/\/globecore.com\/es\/wp-json\/wp\/v2\/media?parent=68014"}],"wp:term":[{"taxonomy":"category","embeddable":true,"href":"https:\/\/globecore.com\/es\/wp-json\/wp\/v2\/categories?post=68014"}],"curies":[{"name":"wp","href":"https:\/\/api.w.org\/{rel}","templated":true}]}}