{"id":68066,"date":"2023-05-22T07:40:30","date_gmt":"2023-05-22T07:40:30","guid":{"rendered":"https:\/\/globecore.com\/products\/molino-coloide\/colloid-mills-for-bitumen-emulsion-production\/laboratory-colloid-mill-clm-0-25-1\/"},"modified":"2026-03-09T08:05:06","modified_gmt":"2026-03-09T08:05:06","slug":"laboratory-colloid-mill-clm-0-25-1","status":"publish","type":"page","link":"https:\/\/globecore.com\/es\/products\/molino-coloide\/colloid-mills-for-bitumen-emulsion-production\/laboratory-colloid-mill-clm-0-25-1\/","title":{"rendered":"CLM-0.25.1 Molino coloidal de laboratorio"},"content":{"rendered":"","protected":false},"excerpt":{"rendered":"<p>El molino coloidal de laboratorio CLM-0.25.1 est\u00e1 destinado a la homogeneizaci\u00f3n y emulsificaci\u00f3n de materiales l\u00edquidos y suspensiones espesas con alto esfuerzo cortante en condiciones de laboratorio. Se utiliza para la preparaci\u00f3n de lotes de laboratorio de emulsiones bituminosas y para la selecci\u00f3n de formulaciones \u00f3ptimas de emulsi\u00f3n seg\u00fan los ingredientes y los requisitos de aplicaci\u00f3n. El CLM-0.25.1 puede suministrarse como unidad independiente o como parte del sistema de producci\u00f3n de emulsiones bituminosas USB-2. La capacidad m\u00ednima es de 25 l\/h (0,11 gpm).<\/p>\n","protected":false},"author":7,"featured_media":68052,"parent":68000,"menu_order":0,"comment_status":"closed","ping_status":"closed","template":"templates\/single-product.php","meta":{"_acf_changed":false,"_bbp_topic_count":0,"_bbp_reply_count":0,"_bbp_total_topic_count":0,"_bbp_total_reply_count":0,"_bbp_voice_count":0,"_bbp_anonymous_reply_count":0,"_bbp_topic_count_hidden":0,"_bbp_reply_count_hidden":0,"_bbp_forum_subforum_count":0,"footnotes":""},"categories":[1360],"class_list":["post-68066","page","type-page","status-publish","has-post-thumbnail","hentry","category-molienda","oil_type-industria-petrolera","oil_type-industria-quimica-es","process_type-mezcla","process_type-molienda"],"acf":[],"language":"es","_links":{"self":[{"href":"https:\/\/globecore.com\/es\/wp-json\/wp\/v2\/pages\/68066","targetHints":{"allow":["GET"]}}],"collection":[{"href":"https:\/\/globecore.com\/es\/wp-json\/wp\/v2\/pages"}],"about":[{"href":"https:\/\/globecore.com\/es\/wp-json\/wp\/v2\/types\/page"}],"author":[{"embeddable":true,"href":"https:\/\/globecore.com\/es\/wp-json\/wp\/v2\/users\/7"}],"replies":[{"embeddable":true,"href":"https:\/\/globecore.com\/es\/wp-json\/wp\/v2\/comments?post=68066"}],"version-history":[{"count":1,"href":"https:\/\/globecore.com\/es\/wp-json\/wp\/v2\/pages\/68066\/revisions"}],"predecessor-version":[{"id":341764,"href":"https:\/\/globecore.com\/es\/wp-json\/wp\/v2\/pages\/68066\/revisions\/341764"}],"up":[{"embeddable":true,"href":"https:\/\/globecore.com\/es\/wp-json\/wp\/v2\/pages\/68000"}],"wp:featuredmedia":[{"embeddable":true,"href":"https:\/\/globecore.com\/es\/wp-json\/wp\/v2\/media\/68052"}],"wp:attachment":[{"href":"https:\/\/globecore.com\/es\/wp-json\/wp\/v2\/media?parent=68066"}],"wp:term":[{"taxonomy":"category","embeddable":true,"href":"https:\/\/globecore.com\/es\/wp-json\/wp\/v2\/categories?post=68066"}],"curies":[{"name":"wp","href":"https:\/\/api.w.org\/{rel}","templated":true}]}}