{"id":68083,"date":"2023-05-22T06:59:45","date_gmt":"2023-05-22T06:59:45","guid":{"rendered":"https:\/\/globecore.com\/products\/molino-coloide\/colloid-mills-for-different-applications\/"},"modified":"2026-03-10T17:12:23","modified_gmt":"2026-03-10T17:12:23","slug":"colloid-mills-for-different-applications","status":"publish","type":"page","link":"https:\/\/globecore.com\/es\/products\/molino-coloide\/colloid-mills-for-different-applications\/","title":{"rendered":"Molinos coloidales para diferentes aplicaciones"},"content":{"rendered":"<p style=\"text-align: justify;\">Adem\u00e1s de los <strong>molinos coloidales<\/strong> destinados a la industria alimentaria y la construcci\u00f3n de carreteras, la empresa <em><strong>GlobeCore<\/strong><\/em> tambi\u00e9n fabrica molinos coloidales que pueden utilizarse en otros sectores industriales: qu\u00edmico, pinturas y barnices, energ\u00eda y otros.<\/p>\n","protected":false},"excerpt":{"rendered":"<p>Adem\u00e1s de los molinos coloidales destinados a la industria alimentaria y la construcci\u00f3n de carreteras, la empresa GlobeCore tambi\u00e9n fabrica molinos coloidales que pueden utilizarse en otros sectores industriales: qu\u00edmico, pinturas y barnices, energ\u00eda y otros.<\/p>\n","protected":false},"author":7,"featured_media":29208,"parent":12690,"menu_order":0,"comment_status":"closed","ping_status":"closed","template":"templates\/products-sidebar.php","meta":{"_acf_changed":false,"_bbp_topic_count":0,"_bbp_reply_count":0,"_bbp_total_topic_count":0,"_bbp_total_reply_count":0,"_bbp_voice_count":0,"_bbp_anonymous_reply_count":0,"_bbp_topic_count_hidden":0,"_bbp_reply_count_hidden":0,"_bbp_forum_subforum_count":0,"footnotes":""},"categories":[],"class_list":["post-68083","page","type-page","status-publish","has-post-thumbnail","hentry"],"acf":[],"language":"es","_links":{"self":[{"href":"https:\/\/globecore.com\/es\/wp-json\/wp\/v2\/pages\/68083","targetHints":{"allow":["GET"]}}],"collection":[{"href":"https:\/\/globecore.com\/es\/wp-json\/wp\/v2\/pages"}],"about":[{"href":"https:\/\/globecore.com\/es\/wp-json\/wp\/v2\/types\/page"}],"author":[{"embeddable":true,"href":"https:\/\/globecore.com\/es\/wp-json\/wp\/v2\/users\/7"}],"replies":[{"embeddable":true,"href":"https:\/\/globecore.com\/es\/wp-json\/wp\/v2\/comments?post=68083"}],"version-history":[{"count":1,"href":"https:\/\/globecore.com\/es\/wp-json\/wp\/v2\/pages\/68083\/revisions"}],"predecessor-version":[{"id":341912,"href":"https:\/\/globecore.com\/es\/wp-json\/wp\/v2\/pages\/68083\/revisions\/341912"}],"up":[{"embeddable":true,"href":"https:\/\/globecore.com\/es\/wp-json\/wp\/v2\/pages\/12690"}],"wp:featuredmedia":[{"embeddable":true,"href":"https:\/\/globecore.com\/es\/wp-json\/wp\/v2\/media\/29208"}],"wp:attachment":[{"href":"https:\/\/globecore.com\/es\/wp-json\/wp\/v2\/media?parent=68083"}],"wp:term":[{"taxonomy":"category","embeddable":true,"href":"https:\/\/globecore.com\/es\/wp-json\/wp\/v2\/categories?post=68083"}],"curies":[{"name":"wp","href":"https:\/\/api.w.org\/{rel}","templated":true}]}}