{"id":102893,"date":"2023-07-17T13:26:37","date_gmt":"2023-07-17T13:26:37","guid":{"rendered":"https:\/\/globecore.com\/products\/low-frequency-heating-device\/low-frequency-heating-device-lfd\/"},"modified":"2026-03-06T09:50:58","modified_gmt":"2026-03-06T09:50:58","slug":"low-frequency-heating-device-lfd","status":"publish","type":"page","link":"https:\/\/globecore.com\/fr\/products\/transformer-maintenance\/low-frequency-heating-device-lfd\/","title":{"rendered":"LFD Dispositif de chauffage basse fr\u00e9quence"},"content":{"rendered":"","protected":false},"excerpt":{"rendered":"<p>Le dispositif LFD est con\u00e7u pour chauffer et s\u00e9cher les enroulements de transformateurs. Le principe de fonctionnement du dispositif repose sur des courants \u00e9lectriques basse fr\u00e9quence circulant dans les enroulements du transformateur et les chauffant jusqu\u2019\u00e0 une temp\u00e9rature standard de s\u00e9chage de +75\u2026 +120\u202f\u00b0C. \u00c9tant donn\u00e9 que, lorsqu\u2019ils sont chauff\u00e9s par des courants basse fr\u00e9quence, la source de chaleur est l\u2019enroulement lui-m\u00eame et le chauffage provient de l\u2019int\u00e9rieur, l\u2019\u00e9limination de l\u2019humidit\u00e9 de l\u2019\u00e9paisseur de l\u2019isolation se fait plus rapidement et plus compl\u00e8tement par rapport \u00e0 d\u2019autres m\u00e9thodes de chauffage.<\/p>\n","protected":false},"author":7,"featured_media":110761,"parent":112870,"menu_order":0,"comment_status":"closed","ping_status":"closed","template":"templates\/single-product.php","meta":{"_acf_changed":false,"_bbp_topic_count":0,"_bbp_reply_count":0,"_bbp_total_topic_count":0,"_bbp_total_reply_count":0,"_bbp_voice_count":0,"_bbp_anonymous_reply_count":0,"_bbp_topic_count_hidden":0,"_bbp_reply_count_hidden":0,"_bbp_forum_subforum_count":0,"footnotes":""},"categories":[2480],"class_list":["post-102893","page","type-page","status-publish","has-post-thumbnail","hentry","category-maintenance-des-transformateurs","oil_type-transformateurs-a-usage-special","oil_type-transformateurs-abaisseurs","oil_type-transformateurs-de-distribution","oil_type-transformateurs-elevateurs","process_type-chauffage"],"acf":{"add_tab":[{"tab_title":"Description","tab_content":"<p style=\"text-align: justify;\">Le dispositif LFD est con\u00e7u pour chauffer et s\u00e9cher les enroulements de transformateur.<\/p>\r\n<p style=\"text-align: justify;\">Le principe de fonctionnement de l'appareil est bas\u00e9 sur la circulation de courants basse fr\u00e9quence \u00e0 travers les enroulements du transformateur et leur chauffage \u00e0 une temp\u00e9rature de s\u00e9chage de 75-120\u00b0C. \u00c9tant donn\u00e9 que lors du chauffage avec des courants basse fr\u00e9quence, la source de chaleur est l'enroulement et que le chauffage provient de l'int\u00e9rieur, l'\u00e9limination de l'humidit\u00e9 de l'\u00e9paisseur de l'isolation se d\u00e9roule plus rapidement et plus compl\u00e8tement qu'avec d'autres m\u00e9thodes de chauffage.<\/p>\r\n<p style=\"text-align: justify;\">Pour am\u00e9liorer l'efficacit\u00e9 du s\u00e9chage des transformateurs remplis d'huile, le dispositif LFD peut \u00eatre utilis\u00e9 en combinaison avec des unit\u00e9s de s\u00e9chage sous vide thermique CMM. Dans ce cas, lors du s\u00e9chage du transformateur, il y a un processus simultan\u00e9 de chauffage direct des enroulements du transformateur d\u00e9connect\u00e9 et d'\u00e9limination de l'humidit\u00e9 lib\u00e9r\u00e9e des enroulements dans l'huile.<\/p>\r\n<p style=\"text-align: justify;\">Si l'huile est vidang\u00e9e du transformateur, il sera alors efficace d'utiliser le dispositif LFD en combinaison avec les unit\u00e9s BV ou UVV ou Mojave Heat, qui \u00e9liminent l'humidit\u00e9 lib\u00e9r\u00e9e des enroulements dans l'espace du r\u00e9servoir du transformateur.<\/p>\r\n<p style=\"text-align: justify;\">Le processus se d\u00e9roule automatiquement jusqu'\u00e0 ce que la teneur en humidit\u00e9 de l'huile devienne inf\u00e9rieure \u00e0 10 g\/t (ppm) apr\u00e8s que les enroulements sont chauff\u00e9s \u00e0 une temp\u00e9rature de +75\u00b0\u0421.<\/p>"}],"add_def_tab":[{"tab_title":"Caract\u00e9ristiques","tab_content":"<table width=\"640\">\r\n<tbody>\r\n<tr>\r\n<td width=\"44\"><strong>N\u00b0<\/strong><\/td>\r\n<td style=\"text-align: center;\" colspan=\"2\" width=\"427\"><strong>Param\u00e8tre<\/strong><\/td>\r\n<td style=\"text-align: center;\" width=\"168\"><strong>Valeur<\/strong><\/td>\r\n<\/tr>\r\n<tr>\r\n<td width=\"44\">1<\/td>\r\n<td colspan=\"2\" width=\"427\">Courant de sortie maximal de l\u2019unit\u00e9 (AC), A<\/td>\r\n<td style=\"text-align: center;\" width=\"168\">300*<\/td>\r\n<\/tr>\r\n<tr>\r\n<td width=\"44\">2<\/td>\r\n<td colspan=\"2\" width=\"427\">Temp\u00e9rature ambiante, \u00b0C<\/td>\r\n<td style=\"text-align: center;\" width=\"168\">0\u201340<\/td>\r\n<\/tr>\r\n<tr>\r\n<td width=\"44\">3<\/td>\r\n<td colspan=\"2\" width=\"427\">Humidit\u00e9 relative, %<\/td>\r\n<td style=\"text-align: center;\" width=\"168\">Concentration de vapeur d\u2019eau non autoris\u00e9e<\/td>\r\n<\/tr>\r\n<tr>\r\n<td width=\"44\">4<\/td>\r\n<td colspan=\"2\" width=\"427\">Fr\u00e9quence de sortie, Hz<\/td>\r\n<td style=\"text-align: center;\" width=\"168\">0,5\u201310<\/td>\r\n<\/tr>\r\n<tr>\r\n<td width=\"44\">5<\/td>\r\n<td colspan=\"2\" width=\"427\">Indice de protection<\/td>\r\n<td style=\"text-align: center;\" width=\"168\">IP 54, IK 09<\/td>\r\n<\/tr>\r\n<tr>\r\n<td width=\"44\">6<\/td>\r\n<td colspan=\"2\" width=\"427\">Param\u00e8tres du syst\u00e8me d\u2019alimentation \u00e9lectrique<\/td>\r\n<td style=\"text-align: center;\" width=\"168\">Selon demande<\/td>\r\n<\/tr>\r\n<tr>\r\n<td rowspan=\"3\" width=\"44\">7<\/td>\r\n<td rowspan=\"3\" width=\"299\">Dimensions, mm<\/td>\r\n<td width=\"128\">longueur<\/td>\r\n<td style=\"text-align: center;\" width=\"168\">2510<\/td>\r\n<\/tr>\r\n<tr>\r\n<td width=\"128\">largeur<\/td>\r\n<td style=\"text-align: center;\" width=\"168\">1400<\/td>\r\n<\/tr>\r\n<tr>\r\n<td width=\"128\">hauteur<\/td>\r\n<td style=\"text-align: center;\" width=\"168\">1680<\/td>\r\n<\/tr>\r\n<tr>\r\n<td width=\"44\">8<\/td>\r\n<td colspan=\"2\" width=\"427\">Masse, kg<\/td>\r\n<td style=\"text-align: center;\" width=\"168\">2500<\/td>\r\n<\/tr>\r\n<\/tbody>\r\n<\/table>\r\n<em>* \u2013 valeurs indiqu\u00e9es pour l\u2019une des versions possibles de l\u2019appareil. L\u2019unit\u00e9 LFD est fabriqu\u00e9e sur mesure. Ses caract\u00e9ristiques peuvent varier en fonction du courant nominal de l\u2019enroulement primaire des transformateurs dont la partie active doit \u00eatre chauff\u00e9e.<\/em>"},{"tab_title":"Avantages","tab_content":"<ul>\r\n \t<li style=\"text-align: justify;\">\u00a0Automatisation compl\u00e8te ;<\/li>\r\n \t<li style=\"text-align: justify;\">\u00a0\u00c9quipements intelligents ;<\/li>\r\n \t<li style=\"text-align: justify;\">Dimensions compactes ;<\/li>\r\n \t<li style=\"text-align: justify;\">\u00a0Basse consommation \u00e9nerg\u00e9tique ;<\/li>\r\n \t<li style=\"text-align: justify;\">\u00a0S\u00e9chage des enroulements du transformateur ;<\/li>\r\n \t<li style=\"text-align: justify;\">Protection contre la surchauffe des bobinages.<\/li>\r\n<\/ul>\r\n<p style=\"text-align: justify;\"><\/p>"},{"tab_title":"Application","tab_content":"[product_oil_types]"},{"tab_title":"Configurateur","tab_content":"[ezfc id='127' \/]"},{"tab_title":"Webinaire","tab_content":"<div class=\"responsive-embed widescreen\">\r\n<div class=\"responsive-embed widescreen\">\r\n<div class=\"responsive-embed widescreen\">\r\n<div class=\"responsive-embed widescreen\">\r\n<div class=\"responsive-embed widescreen\">\r\n<div class=\"responsive-embed widescreen\"><iframe title=\"\u00c9tuve sous vide et syst\u00e8me de chauffage basse fr\u00e9quence : th\u00e9orie et pratique (25.01.2024)\" src=\"https:\/\/www.youtube.com\/embed\/4_izcBwOeiE?feature=oembed\" width=\"500\" height=\"281\" frameborder=\"0\" allowfullscreen=\"allowfullscreen\"><\/iframe><\/div>\r\n<\/div>\r\n<\/div>\r\n<\/div>\r\n<\/div>\r\n<\/div>"}],"add_video_tab":[{"video_tab_title":"Vid\u00e9o","add_video_id":[{"video_id":"eiXOoyZJ7Hw"},{"video_id":"UhjSYEQeODY"},{"video_id":"ld6tJ_g-E84"}]}],"add_gallery_tab":[{"gallery_tab_title":"Photo","add_img":[146827,318334]}],"add_price_tab":null},"language":"fr","_links":{"self":[{"href":"https:\/\/globecore.com\/fr\/wp-json\/wp\/v2\/pages\/102893","targetHints":{"allow":["GET"]}}],"collection":[{"href":"https:\/\/globecore.com\/fr\/wp-json\/wp\/v2\/pages"}],"about":[{"href":"https:\/\/globecore.com\/fr\/wp-json\/wp\/v2\/types\/page"}],"author":[{"embeddable":true,"href":"https:\/\/globecore.com\/fr\/wp-json\/wp\/v2\/users\/7"}],"replies":[{"embeddable":true,"href":"https:\/\/globecore.com\/fr\/wp-json\/wp\/v2\/comments?post=102893"}],"version-history":[{"count":3,"href":"https:\/\/globecore.com\/fr\/wp-json\/wp\/v2\/pages\/102893\/revisions"}],"predecessor-version":[{"id":336127,"href":"https:\/\/globecore.com\/fr\/wp-json\/wp\/v2\/pages\/102893\/revisions\/336127"}],"up":[{"embeddable":true,"href":"https:\/\/globecore.com\/fr\/wp-json\/wp\/v2\/pages\/112870"}],"wp:featuredmedia":[{"embeddable":true,"href":"https:\/\/globecore.com\/fr\/wp-json\/wp\/v2\/media\/110761"}],"wp:attachment":[{"href":"https:\/\/globecore.com\/fr\/wp-json\/wp\/v2\/media?parent=102893"}],"wp:term":[{"taxonomy":"category","embeddable":true,"href":"https:\/\/globecore.com\/fr\/wp-json\/wp\/v2\/categories?post=102893"}],"curies":[{"name":"wp","href":"https:\/\/api.w.org\/{rel}","templated":true}]}}