{"id":105144,"date":"2023-05-09T13:22:48","date_gmt":"2023-05-09T13:22:48","guid":{"rendered":"https:\/\/globecore.com\/products\/biodiesel-equipment\/biodiesel-laboratory-equipment-usb-1l\/"},"modified":"2026-03-09T12:08:49","modified_gmt":"2026-03-09T12:08:49","slug":"biodiesel-laboratory-equipment-usb-1l","status":"publish","type":"page","link":"https:\/\/globecore.com\/fr\/products\/biodiesel-equipment\/biodiesel-laboratory-equipment-usb-1l\/","title":{"rendered":"USB-1L Machine de laboratoire pour la production de biodiesel"},"content":{"rendered":"","protected":false},"excerpt":{"rendered":"<p>L\u2019unit\u00e9 de laboratoire de biodiesel USB-1L est un syst\u00e8me compact et autonome con\u00e7u pour la recherche en laboratoire et le d\u00e9veloppement de nouvelles formulations de biodiesel. Sa capacit\u00e9 de traitement est de jusqu\u2019\u00e0 1\u202fm\u00b3\/h pour les huiles usag\u00e9es.<br \/>\nL\u2019unit\u00e9 permet la production d\u2019esters m\u00e9thyliques \u00e0 partir de toutes huiles v\u00e9g\u00e9tales ou graisses animales par transest\u00e9rification. Elle est adapt\u00e9e \u00e0 une utilisation dans les raffineries d\u2019huile, les installations de production de biodiesel et les entreprises de l\u2019industrie alimentaire pour les tests, l\u2019optimisation et la production de biodiesel \u00e0 petite \u00e9chelle.<\/p>\n","protected":false},"author":7,"featured_media":67902,"parent":105142,"menu_order":0,"comment_status":"closed","ping_status":"closed","template":"templates\/single-product.php","meta":{"_acf_changed":false,"_bbp_topic_count":0,"_bbp_reply_count":0,"_bbp_total_topic_count":0,"_bbp_total_reply_count":0,"_bbp_voice_count":0,"_bbp_anonymous_reply_count":0,"_bbp_topic_count_hidden":0,"_bbp_reply_count_hidden":0,"_bbp_forum_subforum_count":0,"footnotes":""},"categories":[2568],"class_list":["post-105144","page","type-page","status-publish","has-post-thumbnail","hentry","category-energies-renouvelables-biocarburants","oil_type-industrie-chimique","process_type-melange-fr"],"acf":{"add_tab":[{"tab_title":"Description","tab_content":"<p style=\"text-align: justify;\">L'unit\u00e9 de m\u00e9lange \u00e0 grande vitesse USB-1L est con\u00e7ue pour la production d'esters m\u00e9thyliques \u00e0 partir d'huiles v\u00e9g\u00e9tales par r\u00e9action de trans-est\u00e9rification.<\/p>\r\n<p style=\"text-align: justify;\">L'installation peut \u00eatre utilis\u00e9e dans les entreprises sp\u00e9cialis\u00e9es dans la production de carburant biodiesel, ainsi que dans les entreprises de raffinage du p\u00e9trole et alimentaires.<\/p>\r\n\r\n<h2 style=\"text-align: center;\">Principe de fonctionnement<\/h2>\r\n<p style=\"text-align: justify;\">Le principe de fonctionnement est de pr\u00e9parer les composants charg\u00e9s et de cr\u00e9er les conditions n\u00e9cessaires \u00e0 la r\u00e9action de trans-est\u00e9rification.<\/p>\r\n<p style=\"text-align: justify;\">De l'huile et du m\u00e9thanol avec un catalyseur sont vers\u00e9s dans les conteneurs. Apr\u00e8s cela, les temp\u00e9ratures requises pour le chauffage du fioul et de la pompe \u00e0 fioul sont r\u00e9gl\u00e9es et le chauffage du fioul et de la pompe \u00e0 fioul est activ\u00e9. Une fois la temp\u00e9rature requise atteinte, les pompes \u00e0 huile et \u00e0 m\u00e9thanol sont mises en marche pour circuler afin de stabiliser la temp\u00e9rature et la lib\u00e9ration des gaz des conteneurs. Ensuite, \u00e0 l'aide d'\u00e9lectrovannes, les flux d'huile et de m\u00e9thanol sont commut\u00e9s vers le m\u00e9langeur et, apr\u00e8s m\u00e9lange, p\u00e9n\u00e8trent dans le r\u00e9cipient du produit fini, o\u00f9 le produit est divis\u00e9 en fractions. Ensuite, la fraction eau-glyc\u00e9rol et la fraction biodiesel sont \u00e9vacu\u00e9es s\u00e9par\u00e9ment par diff\u00e9rents robinets.<\/p>"}],"add_def_tab":[{"tab_title":"Caract\u00e9ristiques","tab_content":"<table>\r\n<tbody>\r\n<tr>\r\n<td><strong>\u2116 p\/p<\/strong><\/td>\r\n<td>\r\n<p style=\"text-align: center;\"><strong>Le nom des indicateurs<\/strong><\/p>\r\n<\/td>\r\n<td>\r\n<p style=\"text-align: center;\"><strong>Valeur<\/strong><\/p>\r\n<\/td>\r\n<\/tr>\r\n<tr>\r\n<td>1<\/td>\r\n<td>Capacit\u00e9 de production de l\u2019huile trait\u00e9e, m3\/h<\/td>\r\n<td>\r\n<p style=\"text-align: center;\">1<\/p>\r\n<\/td>\r\n<\/tr>\r\n<tr>\r\n<td>2<\/td>\r\n<td>Consommation de m\u00e9thanol, m3\/h<\/td>\r\n<td>\r\n<p style=\"text-align: center;\">0,06\u20260,25<\/p>\r\n<\/td>\r\n<\/tr>\r\n<tr>\r\n<td>3<\/td>\r\n<td>Capacit\u00e9 du r\u00e9servoir d\u2019huile, dm3<\/td>\r\n<td>\r\n<p style=\"text-align: center;\">48<\/p>\r\n<\/td>\r\n<\/tr>\r\n<tr>\r\n<td>4<\/td>\r\n<td>Capacit\u00e9 du r\u00e9servoir de m\u00e9thanol, dm3<\/td>\r\n<td>\r\n<p style=\"text-align: center;\">6<\/p>\r\n<\/td>\r\n<\/tr>\r\n<tr>\r\n<td>5<\/td>\r\n<td>Capacit\u00e9 du r\u00e9servoir pour le produit obtenu, dm3<\/td>\r\n<td>\r\n<p style=\"text-align: center;\">30<\/p>\r\n<\/td>\r\n<\/tr>\r\n<tr>\r\n<td>6<\/td>\r\n<td>Temp\u00e9rature de chauffage et de maintien d\u2019huile, \u00b0C<\/td>\r\n<td>\r\n<p style=\"text-align: center;\">40\u202680<\/p>\r\n<\/td>\r\n<\/tr>\r\n<tr>\r\n<td>7<\/td>\r\n<td>Proc\u00e9d\u00e9 de chauffage du fluide de travail dans des r\u00e9servoirs d\u2019huile et des tuyaux<\/td>\r\n<td>\r\n<p style=\"text-align: center;\">\u00c9l\u00e9ment chauffant et ruban chauffant<\/p>\r\n<\/td>\r\n<\/tr>\r\n<tr>\r\n<td>8<\/td>\r\n<td>Consommation \u00e9lectrique totale, kW<\/td>\r\n<td>\r\n<p style=\"text-align: center;\">4,5<\/p>\r\n<\/td>\r\n<\/tr>\r\n<tr>\r\n<td>9<\/td>\r\n<td>Tension d\u2019alimentation 3~50 Hz, V<\/td>\r\n<td>\r\n<p style=\"text-align: center;\">380<\/p>\r\n<\/td>\r\n<\/tr>\r\n<tr>\r\n<td>10<\/td>\r\n<td>Dimensions, mm\r\n\r\n\u2014 longueur\r\n\r\n\u2014 largeur\r\n\r\n\u2014 hauteur<\/td>\r\n<td>&nbsp;\r\n<p style=\"text-align: center;\">1210<\/p>\r\n<p style=\"text-align: center;\">870<\/p>\r\n<p style=\"text-align: center;\">1430<\/p>\r\n<\/td>\r\n<\/tr>\r\n<tr>\r\n<td>11<\/td>\r\n<td>Poids net, kg :<\/td>\r\n<td>\r\n<p style=\"text-align: center;\">420<\/p>\r\n<\/td>\r\n<\/tr>\r\n<\/tbody>\r\n<\/table>"},{"tab_title":"Avantages","tab_content":"<ul>\r\n \t<li>compacte ;<\/li>\r\n \t<li>facilit\u00e9 de transport ;<\/li>\r\n \t<li>permet de v\u00e9rifier la qualit\u00e9 du biodiesel pour sa conformit\u00e9 aux normes lors du changement des composants initiaux (mati\u00e8res premi\u00e8res).<\/li>\r\n<\/ul>"},{"tab_title":"Application","tab_content":"[product_oil_types]"}],"add_video_tab":[{"video_tab_title":"Vid\u00e9o","add_video_id":[{"video_id":"GsnFruyhifc"},{"video_id":"_dFT40GiOkw"}]}],"add_gallery_tab":[{"gallery_tab_title":"Photo","add_img":[320072,320073,320074,320075]}],"add_price_tab":null},"language":"fr","_links":{"self":[{"href":"https:\/\/globecore.com\/fr\/wp-json\/wp\/v2\/pages\/105144","targetHints":{"allow":["GET"]}}],"collection":[{"href":"https:\/\/globecore.com\/fr\/wp-json\/wp\/v2\/pages"}],"about":[{"href":"https:\/\/globecore.com\/fr\/wp-json\/wp\/v2\/types\/page"}],"author":[{"embeddable":true,"href":"https:\/\/globecore.com\/fr\/wp-json\/wp\/v2\/users\/7"}],"replies":[{"embeddable":true,"href":"https:\/\/globecore.com\/fr\/wp-json\/wp\/v2\/comments?post=105144"}],"version-history":[{"count":1,"href":"https:\/\/globecore.com\/fr\/wp-json\/wp\/v2\/pages\/105144\/revisions"}],"predecessor-version":[{"id":341861,"href":"https:\/\/globecore.com\/fr\/wp-json\/wp\/v2\/pages\/105144\/revisions\/341861"}],"up":[{"embeddable":true,"href":"https:\/\/globecore.com\/fr\/wp-json\/wp\/v2\/pages\/105142"}],"wp:featuredmedia":[{"embeddable":true,"href":"https:\/\/globecore.com\/fr\/wp-json\/wp\/v2\/media\/67902"}],"wp:attachment":[{"href":"https:\/\/globecore.com\/fr\/wp-json\/wp\/v2\/media?parent=105144"}],"wp:term":[{"taxonomy":"category","embeddable":true,"href":"https:\/\/globecore.com\/fr\/wp-json\/wp\/v2\/categories?post=105144"}],"curies":[{"name":"wp","href":"https:\/\/api.w.org\/{rel}","templated":true}]}}