{"id":113447,"date":"2021-04-22T07:33:33","date_gmt":"2021-04-22T07:33:33","guid":{"rendered":"https:\/\/globecore.com\/products\/zeolite-regeneration-and-drying\/zeolite-drying-cabinet-ssc\/"},"modified":"2026-04-20T13:33:27","modified_gmt":"2026-04-20T13:33:27","slug":"zeolite-drying-cabinet-ssc","status":"publish","type":"page","link":"https:\/\/globecore.com\/fr\/products\/zeolite-regeneration-and-drying\/zeolite-drying-cabinet-ssc\/","title":{"rendered":"SSC-15 Unit\u00e9 de s\u00e9chage de z\u00e9olite"},"content":{"rendered":"","protected":false},"excerpt":{"rendered":"<p>L\u2019armoire de s\u00e9chage de z\u00e9olite SSC-15 est destin\u00e9e aux entreprises d\u2019\u00e9nergie \u00e9lectrique et aux installations de traitement du gaz et sert au pr\u00e9-s\u00e9chage de la z\u00e9olite utilis\u00e9e pour la d\u00e9shydratation profonde des fiouls et du gaz naturel. L\u2019armoire en t\u00f4le d\u2019acier comprend une chambre de s\u00e9chage thermiquement isol\u00e9e avec 12 plateaux. Deux unit\u00e9s de chauffage sont install\u00e9es de chaque c\u00f4t\u00e9 de la chambre et un ventilateur mont\u00e9 \u00e0 l\u2019arri\u00e8re assure un flux d\u2019air continu provenant des r\u00e9sistances \u00e9lectriques \u00e0 travers des ouvertures lat\u00e9rales pour une r\u00e9partition uniforme de la chaleur. Le processus de s\u00e9chage est contr\u00f4l\u00e9 par une unit\u00e9 modulaire install\u00e9e \u00e0 proximit\u00e9 de l\u2019armoire. \u00c0 la demande du client, l\u2019\u00e9quipement peut \u00eatre dot\u00e9 d\u2019\u00e9l\u00e9ments chauffants jusqu\u2019\u00e0 800 \u00b0C ainsi que d\u2019un syst\u00e8me de verrouillage automatique de la porte emp\u00eachant son ouverture avant le refroidissement.<\/p>\n","protected":false},"author":7,"featured_media":29040,"parent":112896,"menu_order":0,"comment_status":"closed","ping_status":"closed","template":"templates\/single-product.php","meta":{"_acf_changed":false,"_bbp_topic_count":0,"_bbp_reply_count":0,"_bbp_total_topic_count":0,"_bbp_total_reply_count":0,"_bbp_voice_count":0,"_bbp_anonymous_reply_count":0,"_bbp_topic_count_hidden":0,"_bbp_reply_count_hidden":0,"_bbp_forum_subforum_count":0,"footnotes":""},"categories":[1339],"class_list":["post-113447","page","type-page","status-publish","has-post-thumbnail","hentry","category-oil-maintenance-fr","oil_type-sorbant","process_type-deshydratation"],"acf":{"add_tab":[{"tab_title":"Description","tab_content":"<p style=\"text-align: justify;\">L'armoire SSC-15 est con\u00e7ue pour le pr\u00e9-s\u00e9chage de la z\u00e9olite utilis\u00e9e pour la d\u00e9shydratation en profondeur des huiles \u00e9nerg\u00e9tiques et du gaz naturel.<\/p>\r\n<p style=\"text-align: justify;\">A l'aide de l'installation SSC-15, un s\u00e9chage pr\u00e9alable de la z\u00e9olithe est r\u00e9alis\u00e9, ce qui permet d'am\u00e9liorer ses propri\u00e9t\u00e9s d'adsorption et la qualit\u00e9 de d\u00e9shydratation des huiles \u00e9nerg\u00e9tiques et des gaz naturels. De plus, le produit peut \u00e9galement \u00eatre utilis\u00e9 pour s\u00e9cher les \u00e9lectrodes de soudage.<\/p>\r\n<p style=\"text-align: justify;\">SSC-15 est con\u00e7u pour fonctionner \u00e0 :<\/p>\r\n\r\n<ul style=\"text-align: justify;\">\r\n \t<li>une temp\u00e9rature ambiante d'environ 35\u00ba\u0421\u00a0;<\/li>\r\n \t<li>une pression atmosph\u00e9rique de 630 \u00e0 800 mmHg.<\/li>\r\n<\/ul>\r\n<p style=\"text-align: justify;\">Le cadre du produit est constitu\u00e9 de profil\u00e9 m\u00e9tallique et de t\u00f4le d'acier. L'armoire dispose d'une chambre de s\u00e9chage sur les c\u00f4t\u00e9s de laquelle sont install\u00e9s deux blocs chauffants. Un ventilateur est install\u00e9 sur la paroi arri\u00e8re, con\u00e7u pour chasser l'air de la chambre \u00e0 travers les radiateurs \u00e9lectriques et le renvoyer \u00e0 travers les trous des parois lat\u00e9rales. Afin de r\u00e9duire les pertes de chaleur, le cadre est isol\u00e9 thermiquement.<\/p>\r\n<p style=\"text-align: justify;\">Le processus technologique de s\u00e9chage de la z\u00e9olite est contr\u00f4l\u00e9 \u00e0 l'aide d'un dispositif complet situ\u00e9 sur le mur de la pi\u00e8ce \u00e0 c\u00f4t\u00e9 de l'armoire de s\u00e9chage.<\/p>"}],"add_def_tab":[{"tab_title":"Caract\u00e9ristiques","tab_content":"<table width=\"602\">\r\n<tbody>\r\n<tr>\r\n<td width=\"56\"><strong>\u2116<\/strong><\/td>\r\n<td width=\"424\">\r\n<p style=\"text-align: center;\"><strong>P<\/strong><strong>aram\u00e8tre<\/strong><\/p>\r\n<\/td>\r\n<td width=\"122\">\r\n<p style=\"text-align: center;\"><strong>Valeur<\/strong><\/p>\r\n<\/td>\r\n<\/tr>\r\n<tr>\r\n<td width=\"56\">1<\/td>\r\n<td width=\"424\">Quantit\u00e9 de z\u00e9olite charg\u00e9e, dm3\u00a0(gal)<\/td>\r\n<td width=\"122\">\r\n<p style=\"text-align: center;\">130\u00a0(34.3)<\/p>\r\n<\/td>\r\n<\/tr>\r\n<tr>\r\n<td width=\"56\">2<\/td>\r\n<td width=\"424\">Nombre de plaques \u00e0 p\u00e2tisserie dans l\u2019armoire, pcs.<\/td>\r\n<td width=\"122\">\r\n<p style=\"text-align: center;\">10<\/p>\r\n<\/td>\r\n<\/tr>\r\n<tr>\r\n<td width=\"56\">3<\/td>\r\n<td width=\"424\">Puissance install\u00e9e des appareils de chauffage, kW<\/td>\r\n<td width=\"122\">\r\n<p style=\"text-align: center;\">15<\/p>\r\n<\/td>\r\n<\/tr>\r\n<tr>\r\n<td width=\"56\">4<\/td>\r\n<td width=\"424\">Plage de contr\u00f4le de temp\u00e9rature, \u00b0C\u00a0(\u00b0F)<\/td>\r\n<td width=\"122\">\r\n<p style=\"text-align: center;\">40\u2026 450(jusqu'\u00e0 482)<\/p>\r\n<\/td>\r\n<\/tr>\r\n<tr>\r\n<td width=\"56\">5<\/td>\r\n<td width=\"424\">Nombre d\u2019\u00e9l\u00e9ments chauffants, pcs.<\/td>\r\n<td width=\"122\">\r\n<p style=\"text-align: center;\">8<\/p>\r\n<\/td>\r\n<\/tr>\r\n<tr>\r\n<td width=\"56\">6<\/td>\r\n<td width=\"424\">Tension secteur \u00e0 la fr\u00e9quence actuelle 50 Hz, V<\/td>\r\n<td width=\"122\">\r\n<p style=\"text-align: center;\">380<\/p>\r\n<\/td>\r\n<\/tr>\r\n<tr>\r\n<td width=\"56\">7<\/td>\r\n<td width=\"424\">Poids (sans z\u00e9olithe), kg (lb) pas plus<\/td>\r\n<td width=\"122\">\r\n<p style=\"text-align: center;\">370 (816)<\/p>\r\n<\/td>\r\n<\/tr>\r\n<tr>\r\n<td rowspan=\"4\" width=\"56\">8<\/td>\r\n<td width=\"424\">Dimensions hors tout, mm (po) pas plus<\/td>\r\n<td width=\"122\"><\/td>\r\n<\/tr>\r\n<tr>\r\n<td width=\"424\">\u2013 longueur<\/td>\r\n<td width=\"122\">\r\n<p style=\"text-align: center;\">1,500 (59)<\/p>\r\n<\/td>\r\n<\/tr>\r\n<tr>\r\n<td width=\"424\">\u2013 largeur (avec vantaux ferm\u00e9s)<\/td>\r\n<td width=\"122\">\r\n<p style=\"text-align: center;\">1,000 (39.4)<\/p>\r\n<\/td>\r\n<\/tr>\r\n<tr>\r\n<td width=\"424\">\u2013 hauteur<\/td>\r\n<td width=\"122\">\r\n<p style=\"text-align: center;\">1,100 (43.3)<\/p>\r\n<\/td>\r\n<\/tr>\r\n<\/tbody>\r\n<\/table>"},{"tab_title":"Avantages","tab_content":"<ul>\r\n \t<li style=\"text-align: justify;\">augmenter la temp\u00e9rature de chauffage \u00e0 400\u00ba\u0421\u00a0;<\/li>\r\n \t<li style=\"text-align: justify;\">maintien automatique de la temp\u00e9rature \u00e0 \u00b1 9 \u00ba\u0421\u00a0;<\/li>\r\n \t<li style=\"text-align: justify;\">la pr\u00e9sence d\u2019une serrure de porte \u00e0 vis, qui r\u00e9duit le risque de br\u00fblure de la peinture et am\u00e9liore l\u2019\u00e9tanch\u00e9it\u00e9 ;<\/li>\r\n \t<li style=\"text-align: justify;\">la possibilit\u00e9 de retirer les blocs de plaques du four, ce qui permet d\u2019utiliser l\u2019armoire pour r\u00e9soudre d\u2019autres probl\u00e8mes de chauffage, de durcissement, de mat\u00e9riaux et pi\u00e8ces de cuisson.<\/li>\r\n<\/ul>"},{"tab_title":"Application","tab_content":"[product_oil_types]"},{"tab_title":"Webinaire","tab_content":"<div class=\"responsive-embed widescreen\">\r\n<div class=\"responsive-embed widescreen\">\r\n<div class=\"responsive-embed widescreen\">\r\n<div class=\"responsive-embed widescreen\">\r\n<div class=\"responsive-embed widescreen\">\r\n<div class=\"responsive-embed widescreen\"><iframe title=\"Maintenance du transformateur\" src=\"https:\/\/www.youtube.com\/embed\/wrpThx7GLbw?feature=oembed\" width=\"500\" height=\"281\" frameborder=\"0\" allowfullscreen=\"allowfullscreen\"><\/iframe><\/div>\r\n<\/div>\r\n<\/div>\r\n<\/div>\r\n<\/div>\r\n<\/div>"}],"add_video_tab":[{"video_tab_title":"Vid\u00e9o","add_video_id":[{"video_id":"ijSRdRs0MFA"},{"video_id":"3CVc2A8MkDU"}]}],"add_gallery_tab":[{"gallery_tab_title":"Photo","add_img":[26284,26275]}],"add_price_tab":[{"price_tab_title":"Get a quote"}]},"language":"fr","_links":{"self":[{"href":"https:\/\/globecore.com\/fr\/wp-json\/wp\/v2\/pages\/113447","targetHints":{"allow":["GET"]}}],"collection":[{"href":"https:\/\/globecore.com\/fr\/wp-json\/wp\/v2\/pages"}],"about":[{"href":"https:\/\/globecore.com\/fr\/wp-json\/wp\/v2\/types\/page"}],"author":[{"embeddable":true,"href":"https:\/\/globecore.com\/fr\/wp-json\/wp\/v2\/users\/7"}],"replies":[{"embeddable":true,"href":"https:\/\/globecore.com\/fr\/wp-json\/wp\/v2\/comments?post=113447"}],"version-history":[{"count":4,"href":"https:\/\/globecore.com\/fr\/wp-json\/wp\/v2\/pages\/113447\/revisions"}],"predecessor-version":[{"id":343080,"href":"https:\/\/globecore.com\/fr\/wp-json\/wp\/v2\/pages\/113447\/revisions\/343080"}],"up":[{"embeddable":true,"href":"https:\/\/globecore.com\/fr\/wp-json\/wp\/v2\/pages\/112896"}],"wp:featuredmedia":[{"embeddable":true,"href":"https:\/\/globecore.com\/fr\/wp-json\/wp\/v2\/media\/29040"}],"wp:attachment":[{"href":"https:\/\/globecore.com\/fr\/wp-json\/wp\/v2\/media?parent=113447"}],"wp:term":[{"taxonomy":"category","embeddable":true,"href":"https:\/\/globecore.com\/fr\/wp-json\/wp\/v2\/categories?post=113447"}],"curies":[{"name":"wp","href":"https:\/\/api.w.org\/{rel}","templated":true}]}}