{"id":113453,"date":"2021-04-22T07:07:42","date_gmt":"2021-04-22T07:07:42","guid":{"rendered":"https:\/\/globecore.com\/products\/moulin-magnetique\/avs-150k-wastewater-treatment-complex\/"},"modified":"2026-03-09T09:17:34","modified_gmt":"2026-03-09T09:17:34","slug":"avs-150k-wastewater-treatment-complex","status":"publish","type":"page","link":"https:\/\/globecore.com\/fr\/products\/moulin-magnetique\/avs-150k-wastewater-treatment-complex\/","title":{"rendered":"AVSk-150 Unit\u00e9 de traitement des eaux us\u00e9es"},"content":{"rendered":"","protected":false},"excerpt":{"rendered":"<p>Le complexe AVSk-150 est con\u00e7u pour la purification des eaux us\u00e9es, \u00e9liminant efficacement le chrome hexavalent, le fer, les ph\u00e9nols, les cyanures, l\u2019arsenic, le fluor et autres impuret\u00e9s. Il est \u00e9quip\u00e9 d\u2019un dispositif \u00e0 couche tourbillonnaire, o\u00f9 les particules ferromagn\u00e9tiques se d\u00e9placent le long de trajectoires complexes sous un champ \u00e9lectromagn\u00e9tique rotatif. Cela am\u00e9liore le traitement physique et chimique gr\u00e2ce aux effets acoustiques et \u00e9lectromagn\u00e9tiques, aux fortes pressions locales g\u00e9n\u00e9r\u00e9es par les collisions de particules et aux r\u00e9actions chimiques rapides se produisant en secondes ou fractions de seconde.<\/p>\n","protected":false},"author":7,"featured_media":26842,"parent":15544,"menu_order":0,"comment_status":"closed","ping_status":"closed","template":"templates\/single-product.php","meta":{"_acf_changed":false,"_bbp_topic_count":0,"_bbp_reply_count":0,"_bbp_total_topic_count":0,"_bbp_total_reply_count":0,"_bbp_voice_count":0,"_bbp_anonymous_reply_count":0,"_bbp_topic_count_hidden":0,"_bbp_reply_count_hidden":0,"_bbp_forum_subforum_count":0,"footnotes":""},"categories":[1382],"class_list":["post-113453","page","type-page","status-publish","has-post-thumbnail","hentry","category-fraisage","oil_type-traitement-des-eaux-usees","process_type-activation-fr","process_type-broyage","process_type-melange"],"acf":{"add_tab":[{"tab_title":"Description","tab_content":"<p style=\"text-align: justify;\"><em><strong>GlobeCore<\/strong><\/em> est la seule entreprise de haute technologie au monde \u00e0 produire des broyeurs \u00e9lectromagn\u00e9tiques fonctionnels dot\u00e9s de v\u00e9ritables applications industrielles qui fournissent les r\u00e9sultats que vous attendez.<\/p>\r\n<p style=\"text-align: justify;\">Le complexe AVSk-150, qui comprend un appareil \u00e0 couche vortex (broyeur \u00e9lectromagn\u00e9tique), est con\u00e7u pour purifier les eaux us\u00e9es du chrome hexavalent, du fer, du ph\u00e9nol, du cyanure, de l'arsenic, du fluor et d'autres impuret\u00e9s nocives.<\/p>\r\n<p style=\"text-align: justify;\"><strong>Composition du complexe:<\/strong><\/p>\r\n\r\n<ul style=\"text-align: justify;\">\r\n \t<li>appareil \u00e0 couche vortex AVS-150\u00a0;<\/li>\r\n \t<li>deux conteneurs avec pompes doseuses et m\u00e9langeurs pour l'alimentation en r\u00e9actifs ;<\/li>\r\n \t<li>r\u00e9cipient de r\u00e9action\u00a0;<\/li>\r\n \t<li>pompe d'alimentation\u00a0;<\/li>\r\n \t<li>r\u00e9cipient pour m\u00e9langer les r\u00e9actifs\u00a0;<\/li>\r\n \t<li>conteneur de pr\u00e9l\u00e8vement et de pi\u00e9geage des particules ferromagn\u00e9tiques ;<\/li>\r\n \t<li>armoire pour stocker les r\u00e9<\/li>\r\n<\/ul>\r\n<h2 style=\"text-align: center;\">Caract\u00e9ristiques du complexe<\/h2>\r\n<p style=\"text-align: justify;\">Le complexe se distingue des autres \u00e9quipements ayant un objectif similaire par la pr\u00e9sence d'un appareil \u00e0 couches vortex (une chambre de travail dans laquelle des particules ferromagn\u00e9tiques se d\u00e9placent le long de trajectoires complexes sous l'influence d'un champ \u00e9lectromagn\u00e9tique tournant).<\/p>\r\n<p style=\"text-align: justify;\">L'appareil \u00e0 couches vortex intensifie les processus physiques et chimiques lors du traitement des eaux us\u00e9es en raison du traitement acoustique et \u00e9lectromagn\u00e9tique, de la pression locale \u00e9lev\u00e9e aux endroits o\u00f9 les particules entrent en collision les unes avec les autres et avec les parois de la chambre de travail.<\/p>"}],"add_def_tab":[{"tab_title":"Caract\u00e9ristiques","tab_content":"<table width=\"602\">\r\n<tbody>\r\n<tr>\r\n<td width=\"35\"><strong>\u2116<\/strong><\/td>\r\n<td width=\"434\">\r\n<p style=\"text-align: center;\"><strong>P<\/strong><strong>aram\u00e8tre<\/strong><\/p>\r\n<\/td>\r\n<td width=\"133\">\r\n<p style=\"text-align: center;\"><strong>Valeur<\/strong><\/p>\r\n<\/td>\r\n<\/tr>\r\n<tr>\r\n<td width=\"35\">1<\/td>\r\n<td width=\"434\">Capacit\u00e9 de traitement des eaux us\u00e9es provenant des m\u00e9taux lourds, m3\/h (gpm) (max)<\/td>\r\n<td width=\"133\">\r\n<p style=\"text-align: center;\">18 (80)<\/p>\r\n<\/td>\r\n<\/tr>\r\n<tr>\r\n<td width=\"35\">2<\/td>\r\n<td width=\"434\">Longueur de la zone de travail de la chambre, mm (po)<\/td>\r\n<td width=\"133\">\r\n<p style=\"text-align: center;\">156 (6)<\/p>\r\n<\/td>\r\n<\/tr>\r\n<tr>\r\n<td width=\"35\">3<\/td>\r\n<td width=\"434\">Induction magn\u00e9tique dans la partie centrale du forage, T<\/td>\r\n<td width=\"133\">\r\n<p style=\"text-align: center;\">0,12<\/p>\r\n<\/td>\r\n<\/tr>\r\n<tr>\r\n<td width=\"35\">4<\/td>\r\n<td width=\"434\">Vitesse d\u2019\u00e9coulement maximale, m\/s (po\/s)<\/td>\r\n<td width=\"133\">\r\n<p style=\"text-align: center;\">0,2 (8)<\/p>\r\n<\/td>\r\n<\/tr>\r\n<tr>\r\n<td width=\"35\">5<\/td>\r\n<td width=\"434\">Pression maximale dans la chambre de travail de l\u2019appareil, MPa (psi)<\/td>\r\n<td width=\"133\">\r\n<p style=\"text-align: center;\">0,16 (23)<\/p>\r\n<\/td>\r\n<\/tr>\r\n<tr>\r\n<td width=\"35\">6<\/td>\r\n<td width=\"434\">Viscosit\u00e9 dynamique du fluide de travail, pas plus de Pa\u00b7s (lbf s\/ft\u00b2)<\/td>\r\n<td width=\"133\">\r\n<p style=\"text-align: center;\">1 (0,02)<\/p>\r\n<\/td>\r\n<\/tr>\r\n<tr>\r\n<td width=\"35\">7<\/td>\r\n<td width=\"434\">La temp\u00e9rature du produit transform\u00e9 n\u2019est pas plus \u00e9lev\u00e9e, \u00ba\u0421 (\u00baF)<\/td>\r\n<td width=\"133\">\r\n<p style=\"text-align: center;\">70 (158)<\/p>\r\n<\/td>\r\n<\/tr>\r\n<tr>\r\n<td width=\"35\">8<\/td>\r\n<td width=\"434\">Param\u00e8tres de puissance \u00e9lectrique<\/td>\r\n<td width=\"133\">\r\n<p style=\"text-align: center;\">A la demande du client<\/p>\r\n<\/td>\r\n<\/tr>\r\n<tr>\r\n<td width=\"35\">9<\/td>\r\n<td width=\"434\">Puissance active, kW<\/td>\r\n<td width=\"133\">\r\n<p style=\"text-align: center;\">9,5<\/p>\r\n<\/td>\r\n<\/tr>\r\n<tr>\r\n<td width=\"35\">10<\/td>\r\n<td width=\"434\">Puissance totale de l\u2019installation, pas plus de kVA<\/td>\r\n<td width=\"133\">\r\n<p style=\"text-align: center;\">22<\/p>\r\n<\/td>\r\n<\/tr>\r\n<tr>\r\n<td width=\"35\">11<\/td>\r\n<td width=\"434\">Batterie de condensateur, kvar<\/td>\r\n<td width=\"133\">\r\n<p style=\"text-align: center;\">40+25+25<\/p>\r\n<\/td>\r\n<\/tr>\r\n<tr>\r\n<td width=\"35\">&nbsp;\r\n\r\n&nbsp;\r\n\r\n&nbsp;\r\n\r\n&nbsp;\r\n\r\n12<\/td>\r\n<td width=\"434\">Dimensions , mm \u00a0:\r\n\r\nR\u00e9cipient:\r\n\r\n\u2013 longueur\r\n\r\n\u2013 largeur\r\n\r\n\u2013 hauteur\r\n\r\nUnit\u00e9 de travail de l\u2019appareil AVS\u00a0:\r\n\r\n\u2013 longueur\r\n\r\n\u2013 largeur\r\n\r\n\u2013 hauteur\r\n\r\nUnit\u00e9 de contr\u00f4le du dispositif AVS\u00a0:\r\n\r\n\u2013 longueur\r\n\r\n\u2013 largeur\r\n\r\n\u2013 hauteur<\/td>\r\n<td width=\"133\">&nbsp;\r\n\r\n&nbsp;\r\n<p style=\"text-align: center;\">4800 (189)<\/p>\r\n<p style=\"text-align: center;\">2100 (83)<\/p>\r\n<p style=\"text-align: center;\">2500 (98)<\/p>\r\n&nbsp;\r\n<p style=\"text-align: center;\">1060 (42)<\/p>\r\n<p style=\"text-align: center;\">910 (36)<\/p>\r\n<p style=\"text-align: center;\">1250 (49)<\/p>\r\n&nbsp;\r\n<p style=\"text-align: center;\">1050 (41)<\/p>\r\n<p style=\"text-align: center;\">800 (31)<\/p>\r\n<p style=\"text-align: center;\">1960 (77)<\/p>\r\n<\/td>\r\n<\/tr>\r\n<tr>\r\n<td width=\"35\">&nbsp;\r\n\r\n13<\/td>\r\n<td width=\"434\">Poids, kg \u00a0:\r\n\r\nConteneur (complet avec appareil et syst\u00e8me de nettoyage)\r\n\r\nBloc de travail\r\n\r\nUnit\u00e9 de contr\u00f4le<\/td>\r\n<td width=\"133\">&nbsp;\r\n<p style=\"text-align: center;\">5000 (11000)<\/p>\r\n<p style=\"text-align: center;\">380 (830)<\/p>\r\n<p style=\"text-align: center;\">300 (660)<\/p>\r\n<\/td>\r\n<\/tr>\r\n<\/tbody>\r\n<\/table>"},{"tab_title":"Avantages","tab_content":"<ul>\r\n \t<li style=\"text-align: justify;\">apparition rapide de r\u00e9actions chimiques dans la zone de travail de l\u2019appareil (secondes et fractions de seconde) ;<\/li>\r\n \t<li style=\"text-align: justify;\">r\u00e9duire la quantit\u00e9 de r\u00e9actifs consomm\u00e9s de 1,5 \u00e0 2 fois;<\/li>\r\n \t<li style=\"text-align: justify;\">r\u00e9duction de la consommation d\u2019\u00e9lectricit\u00e9 de 2 \u00e0 8 fois\u00a0;<\/li>\r\n \t<li style=\"text-align: justify;\">r\u00e9duction de 10 \u00e0 15 % de l\u2019espace de production des installations de traitement.<\/li>\r\n<\/ul>"},{"tab_title":"Application","tab_content":"[product_oil_types]"}],"add_video_tab":[{"video_tab_title":"Vid\u00e9o","add_video_id":[{"video_id":"c7rqFepZlgA"},{"video_id":"bRNnhD1x8gM"},{"video_id":"6hYT6yvEFDA"},{"video_id":"IHV9vFBmilU"}]}],"add_gallery_tab":[{"gallery_tab_title":"Photo","add_img":[26108,26126,26099,26090]}],"add_price_tab":[{"price_tab_title":"Get a quote"}]},"language":"fr","_links":{"self":[{"href":"https:\/\/globecore.com\/fr\/wp-json\/wp\/v2\/pages\/113453","targetHints":{"allow":["GET"]}}],"collection":[{"href":"https:\/\/globecore.com\/fr\/wp-json\/wp\/v2\/pages"}],"about":[{"href":"https:\/\/globecore.com\/fr\/wp-json\/wp\/v2\/types\/page"}],"author":[{"embeddable":true,"href":"https:\/\/globecore.com\/fr\/wp-json\/wp\/v2\/users\/7"}],"replies":[{"embeddable":true,"href":"https:\/\/globecore.com\/fr\/wp-json\/wp\/v2\/comments?post=113453"}],"version-history":[{"count":3,"href":"https:\/\/globecore.com\/fr\/wp-json\/wp\/v2\/pages\/113453\/revisions"}],"predecessor-version":[{"id":341819,"href":"https:\/\/globecore.com\/fr\/wp-json\/wp\/v2\/pages\/113453\/revisions\/341819"}],"up":[{"embeddable":true,"href":"https:\/\/globecore.com\/fr\/wp-json\/wp\/v2\/pages\/15544"}],"wp:featuredmedia":[{"embeddable":true,"href":"https:\/\/globecore.com\/fr\/wp-json\/wp\/v2\/media\/26842"}],"wp:attachment":[{"href":"https:\/\/globecore.com\/fr\/wp-json\/wp\/v2\/media?parent=113453"}],"wp:term":[{"taxonomy":"category","embeddable":true,"href":"https:\/\/globecore.com\/fr\/wp-json\/wp\/v2\/categories?post=113453"}],"curies":[{"name":"wp","href":"https:\/\/api.w.org\/{rel}","templated":true}]}}