{"id":113460,"date":"2024-05-22T06:45:08","date_gmt":"2024-05-22T06:45:08","guid":{"rendered":"https:\/\/globecore.com\/products\/regeneration-de-lhuile\/oxidation-inhibitor-injection-unit\/"},"modified":"2026-04-20T11:23:28","modified_gmt":"2026-04-20T11:23:28","slug":"oxidation-inhibitor-injection-unit","status":"publish","type":"page","link":"https:\/\/globecore.com\/fr\/products\/regeneration-de-lhuile\/oxidation-inhibitor-injection-unit\/","title":{"rendered":"USB-6 Unit\u00e9 d&rsquo;injection d&rsquo;inhibiteur (additif antioxydant)"},"content":{"rendered":"","protected":false},"excerpt":{"rendered":"<p>La GlobeCore USB-6 est une unit\u00e9 mobile d\u2019injection d\u2019inhibiteur con\u00e7ue pour pr\u00e9parer et doser des additifs antioxydants dans l\u2019huile de transformateur. L\u2019unit\u00e9 pompe automatiquement l\u2019huile, la m\u00e9lange avec l\u2019inhibiteur et la renvoie dans le syst\u00e8me, assurant une distribution rapide et uniforme. Elle peut \u00e9galement fonctionner en mode manuel pour le contr\u00f4le des composants. Les syst\u00e8mes de s\u00e9curit\u00e9 int\u00e9gr\u00e9s arr\u00eatent le fonctionnement en cas de conditions anormales, avec des diagnostics affich\u00e9s sur l\u2019\u00e9cran du contr\u00f4leur. La USB-6 convient \u00e0 l\u2019injection d\u2019additifs antioxydants, antimousse et anticorrosion dans les huiles de transformateur, de turbine et les huiles lubrifiantes, ainsi qu\u2019au dosage d\u2019additifs pour carburants.<\/p>\n","protected":false},"author":7,"featured_media":113064,"parent":14664,"menu_order":0,"comment_status":"closed","ping_status":"closed","template":"templates\/single-product.php","meta":{"_acf_changed":false,"_bbp_topic_count":0,"_bbp_reply_count":0,"_bbp_total_topic_count":0,"_bbp_total_reply_count":0,"_bbp_voice_count":0,"_bbp_anonymous_reply_count":0,"_bbp_topic_count_hidden":0,"_bbp_reply_count_hidden":0,"_bbp_forum_subforum_count":0,"footnotes":""},"categories":[1339],"class_list":["post-113460","page","type-page","status-publish","has-post-thumbnail","hentry","category-oil-maintenance-fr","oil_type-fluide-dielectrique-fr3","oil_type-fluide-dielectrique-midel-7131","oil_type-fluide-ignifuge-fyrquel","oil_type-huile-de-silicone","oil_type-huile-hydraulique","oil_type-huile-industrielle","oil_type-huile-pour-transformateur","oil_type-huile-pour-turbine","process_type-melange"],"acf":{"add_tab":[{"tab_title":"Description","tab_content":"<p style=\"text-align: justify;\">Les huiles de transformateur sont utilis\u00e9es pour refroidir et isoler les composants internes des transformateurs. Cependant, avec le temps, les huiles peuvent s\u2019oxyder, r\u00e9duisant ainsi leur qualit\u00e9 et leur efficacit\u00e9. Des inhibiteurs (additifs antioxydants) sont ajout\u00e9s aux huiles pour ralentir les processus d\u2019oxydation, prolongeant ainsi la dur\u00e9e de vie de l\u2019huile de transformateur.<\/p>\r\n<p style=\"text-align: justify;\">L'unit\u00e9 d'injection d'inhibiteur est un dispositif mobile con\u00e7u sp\u00e9cifiquement pour pr\u00e9parer et introduire un inhibiteur dans les huiles de transformateur. Le principe de fonctionnement de l'appareil est que les op\u00e9rations de pompage de l'huile, de m\u00e9lange avec un inhibiteur et de pompage s'effectuent s\u00e9quentiellement en mode automatique. Cette automatisation garantit un m\u00e9lange rapide et efficace des composants, ce qui favorise une r\u00e9partition uniforme de l'inhibiteur dans l'huile. Pour v\u00e9rifier l'\u00e9tat de fonctionnement des composants individuels de l'installation, l'unit\u00e9 a la capacit\u00e9 de fonctionner en mode manuel.<\/p>\r\n<p style=\"text-align: justify;\">Une attention particuli\u00e8re est port\u00e9e \u00e0 la s\u00e9curit\u00e9. Si des situations dangereuses sont d\u00e9tect\u00e9es, le fonctionnement de l'\u00e9quipement est imm\u00e9diatement suspendu. La raison de l'arr\u00eat est affich\u00e9e sur l'\u00e9cran du contr\u00f4leur, permettant \u00e0 l'op\u00e9rateur d'identifier et d'\u00e9liminer rapidement la cause du dysfonctionnement.<\/p>"}],"add_def_tab":[{"tab_title":"Caract\u00e9ristiques","tab_content":"<table width=\"590\">\r\n<tbody>\r\n<tr>\r\n<td width=\"36\"><strong>\u2116<\/strong><\/td>\r\n<td width=\"453\">\r\n<p style=\"text-align: center;\"><strong>Param\u00e8tre<\/strong><\/p>\r\n<\/td>\r\n<td width=\"101\">\r\n<p style=\"text-align: center;\"><strong>Valeur<\/strong><\/p>\r\n<\/td>\r\n<\/tr>\r\n<tr>\r\n<td width=\"36\">1<\/td>\r\n<td width=\"453\">Volume , l (gal)<\/td>\r\n<td width=\"101\">\r\n<p style=\"text-align: center;\">55 (14.5)<\/p>\r\n<\/td>\r\n<\/tr>\r\n<tr>\r\n<td width=\"36\">2<\/td>\r\n<td width=\"453\">&nbsp;\r\n\r\nVolume du panier pour le remplissage de l\u2019inhibiteur, l (gal)<\/td>\r\n<td width=\"101\">\r\n<p style=\"text-align: center;\">25\u00a0(6.6)<\/p>\r\n<\/td>\r\n<\/tr>\r\n<tr>\r\n<td width=\"36\">3<\/td>\r\n<td width=\"453\">&nbsp;\r\n\r\nConsommation \u00e9lectrique install\u00e9e, kW<\/td>\r\n<td width=\"101\">\r\n<p style=\"text-align: center;\">0,7<\/p>\r\n<\/td>\r\n<\/tr>\r\n<tr>\r\n<td width=\"36\">4<\/td>\r\n<td width=\"453\">Tension d\u2019alimentation d\u2019un r\u00e9seau triphas\u00e9 \u00e0 courant alternatif avec une fr\u00e9quence de 50 Hz, V<\/td>\r\n<td width=\"101\">\r\n<p style=\"text-align: center;\">380<\/p>\r\n<\/td>\r\n<\/tr>\r\n<tr>\r\n<td width=\"36\">5<\/td>\r\n<td width=\"453\">Dimensions, mm (po)\r\n\r\nlongueur\r\n\r\nlargeur\r\n\r\nhauteur<\/td>\r\n<td width=\"101\">&nbsp;\r\n<p style=\"text-align: center;\">1000 (39.4)<\/p>\r\n<p style=\"text-align: center;\">560\u00a0(22)<\/p>\r\n<p style=\"text-align: center;\">1500\u00a0(59)<\/p>\r\n<\/td>\r\n<\/tr>\r\n<tr>\r\n<td width=\"36\">6<\/td>\r\n<td width=\"453\">Poids, kg (lb)<\/td>\r\n<td width=\"101\">\r\n<p style=\"text-align: center;\">500\u00a0(1,102)<\/p>\r\n<\/td>\r\n<\/tr>\r\n<\/tbody>\r\n<\/table>"},{"tab_title":"Avantages","tab_content":"<ul>\r\n \t<li style=\"text-align: justify;\">l\u2019automatisation des processus, qui garantit une grande pr\u00e9cision et efficacit\u00e9 de l\u2019introduction des inhibiteurs\u00a0;<\/li>\r\n \t<li style=\"text-align: justify;\">mobilit\u00e9 ;<\/li>\r\n \t<li style=\"text-align: justify;\">les dispositifs de s\u00e9curit\u00e9 int\u00e9gr\u00e9s assurent la protection de l\u2019\u00e9quipement et de l\u2019op\u00e9rateur\u00a0;<\/li>\r\n \t<li style=\"text-align: justify;\">contr\u00f4le et diagnostic pratiques gr\u00e2ce \u00e0 l\u2019\u00e9cran du contr\u00f4leur.<\/li>\r\n<\/ul>"},{"tab_title":"Application","tab_content":"[product_oil_types]"},{"tab_title":"Webinaire","tab_content":"<div class=\"responsive-embed widescreen\">\r\n<div class=\"responsive-embed widescreen\">\r\n<div class=\"responsive-embed widescreen\">\r\n<div class=\"responsive-embed widescreen\">\r\n<div class=\"responsive-embed widescreen\">\r\n<div class=\"responsive-embed widescreen\"><iframe title=\"Webinaire - R\u00e9g\u00e9n\u00e9ration d'huile di\u00e9lectrique : un regard en profondeur (13.10.2021)\" src=\"https:\/\/www.youtube.com\/embed\/c4kPeNUrNS0?feature=oembed\" width=\"500\" height=\"281\" frameborder=\"0\" allowfullscreen=\"allowfullscreen\"><\/iframe><\/div>\r\n<\/div>\r\n<\/div>\r\n<\/div>\r\n<\/div>\r\n<\/div>"}],"add_video_tab":[{"video_tab_title":"Vid\u00e9o","add_video_id":[{"video_id":"VN-QZna4k8I"},{"video_id":"PnaMWmOJtaQ"},{"video_id":"_pLRlN0FwWo"}]}],"add_gallery_tab":null,"add_price_tab":null},"language":"fr","_links":{"self":[{"href":"https:\/\/globecore.com\/fr\/wp-json\/wp\/v2\/pages\/113460","targetHints":{"allow":["GET"]}}],"collection":[{"href":"https:\/\/globecore.com\/fr\/wp-json\/wp\/v2\/pages"}],"about":[{"href":"https:\/\/globecore.com\/fr\/wp-json\/wp\/v2\/types\/page"}],"author":[{"embeddable":true,"href":"https:\/\/globecore.com\/fr\/wp-json\/wp\/v2\/users\/7"}],"replies":[{"embeddable":true,"href":"https:\/\/globecore.com\/fr\/wp-json\/wp\/v2\/comments?post=113460"}],"version-history":[{"count":4,"href":"https:\/\/globecore.com\/fr\/wp-json\/wp\/v2\/pages\/113460\/revisions"}],"predecessor-version":[{"id":343032,"href":"https:\/\/globecore.com\/fr\/wp-json\/wp\/v2\/pages\/113460\/revisions\/343032"}],"up":[{"embeddable":true,"href":"https:\/\/globecore.com\/fr\/wp-json\/wp\/v2\/pages\/14664"}],"wp:featuredmedia":[{"embeddable":true,"href":"https:\/\/globecore.com\/fr\/wp-json\/wp\/v2\/media\/113064"}],"wp:attachment":[{"href":"https:\/\/globecore.com\/fr\/wp-json\/wp\/v2\/media?parent=113460"}],"wp:term":[{"taxonomy":"category","embeddable":true,"href":"https:\/\/globecore.com\/fr\/wp-json\/wp\/v2\/categories?post=113460"}],"curies":[{"name":"wp","href":"https:\/\/api.w.org\/{rel}","templated":true}]}}