{"id":113468,"date":"2021-05-13T06:02:29","date_gmt":"2021-05-13T06:02:29","guid":{"rendered":"https:\/\/globecore.com\/products\/transformer-maintenance\/uvv-vacuum-cold-trap\/"},"modified":"2026-04-20T13:14:08","modified_gmt":"2026-04-20T13:14:08","slug":"uvv-vacuum-cold-trap","status":"publish","type":"page","link":"https:\/\/globecore.com\/fr\/products\/transformer-maintenance\/uvv-vacuum-cold-trap\/","title":{"rendered":"UVV Machine de s\u00e9chage de l&rsquo;isolant solide du transformateur"},"content":{"rendered":"","protected":false},"excerpt":{"rendered":"<p>Le pi\u00e8ge froid sous vide UVV est con\u00e7u pour l\u2019\u00e9vacuation et le s\u00e9chage de l\u2019isolation solide des transformateurs de puissance avec des tensions de 110 \u00e0 1 150 kV lors de l\u2019installation, de la maintenance et des r\u00e9parations. Il s\u00e8che l\u2019isolation solide au moyen du vide et d\u2019un pi\u00e8ge \u00e0 basse temp\u00e9rature destin\u00e9 \u00e0 capter les m\u00e9langes vapeur-gaz. L\u2019unit\u00e9 peut \u00eatre utilis\u00e9e avec des transformateurs capables de supporter une pression de 26 Pa.<\/p>\n","protected":false},"author":59,"featured_media":14061,"parent":112870,"menu_order":0,"comment_status":"closed","ping_status":"closed","template":"templates\/single-product.php","meta":{"_acf_changed":false,"_bbp_topic_count":0,"_bbp_reply_count":0,"_bbp_total_topic_count":0,"_bbp_total_reply_count":0,"_bbp_voice_count":0,"_bbp_anonymous_reply_count":0,"_bbp_topic_count_hidden":0,"_bbp_reply_count_hidden":0,"_bbp_forum_subforum_count":0,"footnotes":""},"categories":[2480],"class_list":["post-113468","page","type-page","status-publish","has-post-thumbnail","hentry","category-maintenance-des-transformateurs","oil_type-transformateurs-a-usage-special","oil_type-transformateurs-abaisseurs","oil_type-transformateurs-de-distribution","oil_type-transformateurs-elevateurs","process_type-deshydratation"],"acf":{"add_tab":[{"tab_title":"Description","tab_content":"<p style=\"text-align: justify;\">L'installation UVV est con\u00e7ue pour aspirer et s\u00e9cher l'isolation solide des transformateurs de puissance d'une tension de 110-1150 kV, lors de leur installation, maintenance et r\u00e9paration. Le principe de fonctionnement de l'installation est l'\u00e9vacuation de la cuve du transformateur et son gel ult\u00e9rieur. l'humidit\u00e9 dans un pi\u00e8ge \u00e0 basse temp\u00e9rature.<\/p>\r\n<p style=\"text-align: justify;\">L'installation est utilis\u00e9e pour des transformateurs dont les cuves peuvent supporter une pression absolue de 26 Pa. L'utilisation de l'installation pour des transformateurs dont les r\u00e9servoirs ne peuvent supporter une pression absolue de 26 Pa est possible apr\u00e8s le renforcement n\u00e9cessaire du r\u00e9servoir, convenu avec le fabricant du transformateur.<\/p>\r\n<p style=\"text-align: justify;\">Lors du s\u00e9chage de l'isolation solide des transformateurs de puissance avec une tension de 500-1150 kV, pour acc\u00e9l\u00e9rer le processus d'\u00e9vacuation de la pression atmosph\u00e9rique \u00e0 une pression absolue de 1000 Pa, un emplacement est pr\u00e9vu pour connecter une unit\u00e9 de vide pr\u00e9liminaire ou un pr\u00e9-vide suppl\u00e9mentaire pompe \u00e0 l'installation.<\/p>"}],"add_def_tab":[{"tab_title":"Caract\u00e9ristiques","tab_content":"<table width=\"627\">\r\n<tbody>\r\n<tr>\r\n<td width=\"35\"><strong>\u2116<\/strong><\/td>\r\n<td width=\"412\">\r\n<p style=\"text-align: center;\"><strong>Param\u00e8tre<\/strong><\/p>\r\n<\/td>\r\n<td width=\"180\">\r\n<p style=\"text-align: center;\"><strong>Valeur<\/strong><\/p>\r\n<\/td>\r\n<\/tr>\r\n<tr>\r\n<td width=\"35\">1<\/td>\r\n<td width=\"412\">Vitesse de pompage du m\u00e9lange vapeur-gaz du r\u00e9servoir du transformateur \u00e0 une pression r\u00e9siduelle allant de l\u2019atmosph\u00e9rique \u00e0 400 Pa, l\/s (gpm), pas moins<\/td>\r\n<td width=\"180\">\r\n<p style=\"text-align: center;\">27\u04453=81\u00a0(1,283)<\/p>\r\n<\/td>\r\n<\/tr>\r\n<tr>\r\n<td width=\"35\">2<\/td>\r\n<td width=\"412\">Vitesse de pompage du m\u00e9lange vapeur-gaz du r\u00e9servoir du transformateur \u00e0 une pression r\u00e9siduelle de 400 \u00e0 26 Pa, l\/s\u00a0(gpm), pas moins<\/td>\r\n<td width=\"180\">\r\n<p style=\"text-align: center;\">500\u00a0(7,925)<\/p>\r\n<\/td>\r\n<\/tr>\r\n<tr>\r\n<td width=\"35\">3<\/td>\r\n<td width=\"412\">Pression r\u00e9siduelle cr\u00e9\u00e9e par la pompe \u00e0 vide dans la cuve du transformateur, Pa, pas plus<\/td>\r\n<td width=\"180\">\r\n<p style=\"text-align: center;\">26<\/p>\r\n<\/td>\r\n<\/tr>\r\n<tr>\r\n<td width=\"35\">4<\/td>\r\n<td width=\"412\">Pression r\u00e9siduelle dans l\u2019installation lors du contr\u00f4le des fuites, Pa\u00a0(psi), pas plus<\/td>\r\n<td width=\"180\">\r\n<p style=\"text-align: center;\">4\u00a0(0.0006)<\/p>\r\n<\/td>\r\n<\/tr>\r\n<tr>\r\n<td width=\"35\">5<\/td>\r\n<td width=\"412\">Fuite par heure de test, Pa\u00a0(psi), pas plus<\/td>\r\n<td width=\"180\">\r\n<p style=\"text-align: center;\">100\u00a0(0.014)<\/p>\r\n<\/td>\r\n<\/tr>\r\n<tr>\r\n<td width=\"35\">6<\/td>\r\n<td width=\"412\">Temp\u00e9rature de surface de condensation de la vapeur d\u2019eau, \u00b0C\u00a0(\u00b0F), pas plus \u00e9lev\u00e9e<\/td>\r\n<td width=\"180\">\r\n<p style=\"text-align: center;\">-70\u00a0(-94)<\/p>\r\n<\/td>\r\n<\/tr>\r\n<tr>\r\n<td width=\"35\">7<\/td>\r\n<td width=\"412\">Teneur en humidit\u00e9 r\u00e9siduelle r\u00e9alisable de l\u2019isolation solide, %, pas plus<\/td>\r\n<td width=\"180\">\r\n<p style=\"text-align: center;\">1,0<\/p>\r\n<\/td>\r\n<\/tr>\r\n<tr>\r\n<td width=\"35\">8<\/td>\r\n<td width=\"412\">Capacit\u00e9 de refroidissement (\u00e0 une temp\u00e9rature de moins 75 \u00b0C), W<\/td>\r\n<td width=\"180\">\r\n<p style=\"text-align: center;\">600<\/p>\r\n<\/td>\r\n<\/tr>\r\n<tr>\r\n<td width=\"35\">9<\/td>\r\n<td width=\"412\">Surface de condensation, m2, pas moins<\/td>\r\n<td width=\"180\">\r\n<p style=\"text-align: center;\">6,1<\/p>\r\n<\/td>\r\n<\/tr>\r\n<tr>\r\n<td width=\"35\">10<\/td>\r\n<td width=\"412\">Consommation \u00e9lectrique du syst\u00e8me de d\u00e9givrage, kW<\/td>\r\n<td width=\"180\">\r\n<p style=\"text-align: center;\">2,1<\/p>\r\n<\/td>\r\n<\/tr>\r\n<tr>\r\n<td width=\"35\">11<\/td>\r\n<td width=\"412\">Puissance install\u00e9e de l\u2019installation, kW<\/td>\r\n<td width=\"180\">\r\n<p style=\"text-align: center;\">21<\/p>\r\n<\/td>\r\n<\/tr>\r\n<tr>\r\n<td width=\"35\">12<\/td>\r\n<td width=\"412\">Tension d\u2019alimentation d\u2019un r\u00e9seau triphas\u00e9 \u00e0 courant alternatif avec une fr\u00e9quence de 50 Hz, V<\/td>\r\n<td width=\"180\">\r\n<p style=\"text-align: center;\">380<\/p>\r\n<\/td>\r\n<\/tr>\r\n<tr>\r\n<td width=\"35\">13<\/td>\r\n<td width=\"412\">Dimensions , mm (po)\r\n\r\n\u2014 longueur\r\n\r\n\u2014 largeur\r\n\r\n\u2014 hauteur<\/td>\r\n<td width=\"180\">&nbsp;\r\n<p style=\"text-align: center;\">1700\u00a0(66.9)<\/p>\r\n<p style=\"text-align: center;\">1600\u00a0(63)<\/p>\r\n<p style=\"text-align: center;\">1950\u00a0(76.8)<\/p>\r\n<\/td>\r\n<\/tr>\r\n<tr>\r\n<td width=\"35\">14<\/td>\r\n<td width=\"412\">Poids, kg (lb)<\/td>\r\n<td width=\"180\">\r\n<p style=\"text-align: center;\">2,100 (4,641)<\/p>\r\n<\/td>\r\n<\/tr>\r\n<\/tbody>\r\n<\/table>"},{"tab_title":"Avantages","tab_content":"<ul>\r\n \t<li style=\"text-align: justify;\">la section vide est \u00e9quip\u00e9e de dispositifs de chauffage et de refroidissement pour pompes \u00e0 vide permettant un fonctionnement dans une large plage de temp\u00e9ratures\u00a0;<\/li>\r\n \t<li style=\"text-align: justify;\">l\u2019unit\u00e9 est \u00e9quip\u00e9e de pompes \u00e0 vide \u00e0 palettes, qui ne n\u00e9cessitent pas de chauffage ou de refroidissement s\u00e9par\u00e9 et sont moins bruyantes ;<\/li>\r\n \t<li style=\"text-align: justify;\">tous les composants sont install\u00e9s sur un seul ch\u00e2ssis.<\/li>\r\n<\/ul>"},{"tab_title":"Application","tab_content":"[product_oil_types]"},{"tab_title":"Webinaire","tab_content":"<div class=\"responsive-embed widescreen\">\r\n<div class=\"responsive-embed widescreen\">\r\n<div class=\"responsive-embed widescreen\">\r\n<div class=\"responsive-embed widescreen\">\r\n<div class=\"responsive-embed widescreen\"><iframe title=\"\u00c9quipements auxiliaires innovants pour traitement dans la fabrication de transformateurs (14.07.22)\" src=\"https:\/\/www.youtube.com\/embed\/01EwV7bGUtY?feature=oembed\" width=\"500\" height=\"281\" frameborder=\"0\" allowfullscreen=\"allowfullscreen\"><\/iframe><\/div>\r\n<\/div>\r\n<\/div>\r\n<\/div>\r\n<\/div>"}],"add_video_tab":[{"video_tab_title":"Vid\u00e9o","add_video_id":[{"video_id":"yYsjnKIIajE"},{"video_id":"UhjSYEQeODY"},{"video_id":"eiXOoyZJ7Hw"},{"video_id":"gt3j-r9CNJw"}]}],"add_gallery_tab":null,"add_price_tab":[{"price_tab_title":"Get a Quote"}]},"language":"fr","_links":{"self":[{"href":"https:\/\/globecore.com\/fr\/wp-json\/wp\/v2\/pages\/113468","targetHints":{"allow":["GET"]}}],"collection":[{"href":"https:\/\/globecore.com\/fr\/wp-json\/wp\/v2\/pages"}],"about":[{"href":"https:\/\/globecore.com\/fr\/wp-json\/wp\/v2\/types\/page"}],"author":[{"embeddable":true,"href":"https:\/\/globecore.com\/fr\/wp-json\/wp\/v2\/users\/59"}],"replies":[{"embeddable":true,"href":"https:\/\/globecore.com\/fr\/wp-json\/wp\/v2\/comments?post=113468"}],"version-history":[{"count":4,"href":"https:\/\/globecore.com\/fr\/wp-json\/wp\/v2\/pages\/113468\/revisions"}],"predecessor-version":[{"id":343068,"href":"https:\/\/globecore.com\/fr\/wp-json\/wp\/v2\/pages\/113468\/revisions\/343068"}],"up":[{"embeddable":true,"href":"https:\/\/globecore.com\/fr\/wp-json\/wp\/v2\/pages\/112870"}],"wp:featuredmedia":[{"embeddable":true,"href":"https:\/\/globecore.com\/fr\/wp-json\/wp\/v2\/media\/14061"}],"wp:attachment":[{"href":"https:\/\/globecore.com\/fr\/wp-json\/wp\/v2\/media?parent=113468"}],"wp:term":[{"taxonomy":"category","embeddable":true,"href":"https:\/\/globecore.com\/fr\/wp-json\/wp\/v2\/categories?post=113468"}],"curies":[{"name":"wp","href":"https:\/\/api.w.org\/{rel}","templated":true}]}}